{"id":5607,"date":"2023-05-21T20:00:41","date_gmt":"2023-05-21T23:00:41","guid":{"rendered":"https:\/\/clickbeneficios.net\/?page_id=5607"},"modified":"2023-05-23T20:37:45","modified_gmt":"2023-05-23T23:37:45","slug":"seg-corporate","status":"publish","type":"page","link":"https:\/\/clickbeneficios.net\/index.php\/seg-corporate\/","title":{"rendered":"Seguro Empresarial"},"content":{"rendered":"<style>\/*! elementor - v3.13.3 - 22-05-2023 *\/\n.elementor-widget-image{text-align:center}.elementor-widget-image a{display:inline-block}.elementor-widget-image a img[src$=\".svg\"]{width:48px}.elementor-widget-image img{vertical-align:middle;display:inline-block}<\/style>\n<p>\t\t\t\t\t\t\t\t\t\t\t\t<img decoding=\"async\" src=\"https:\/\/clickbeneficios.net\/wp-content\/uploads\/2023\/05\/seg-business.jpg\" title=\"seg-business\" alt=\"seg-business\" loading=\"lazy\" \/>\t\t\t\t\t\t\t\t\t\t\t\t\t\t\t<\/p>\n<h3 style=\"text-align: left;\">Seu patrim\u00f4nio mais protegido com a Click!\u00a0<\/h3>\n<style>\/*! elementor - v3.13.3 - 22-05-2023 *\/\n.elementor-column .elementor-spacer-inner{height:var(--spacer-size)}.e-con{--container-widget-width:100%}.e-con-inner>.elementor-widget-spacer,.e-con>.elementor-widget-spacer{width:var(--container-widget-width,var(--spacer-size));--align-self:var(--container-widget-align-self,initial);--flex-shrink:0}.e-con-inner>.elementor-widget-spacer>.elementor-widget-container,.e-con-inner>.elementor-widget-spacer>.elementor-widget-container>.elementor-spacer,.e-con>.elementor-widget-spacer>.elementor-widget-container,.e-con>.elementor-widget-spacer>.elementor-widget-container>.elementor-spacer{height:100%}.e-con-inner>.elementor-widget-spacer>.elementor-widget-container>.elementor-spacer>.elementor-spacer-inner,.e-con>.elementor-widget-spacer>.elementor-widget-container>.elementor-spacer>.elementor-spacer-inner{height:var(--container-widget-height,var(--spacer-size))}<\/style>\n<h4>O Seguro Empresarial tem como objetivo proteger sua empresa e n\u00e3o importa se \u00e9 uma multinacional, uma companhia regional de porte m\u00e9dio ou um neg\u00f3cio local em em crescimento, voc\u00ea e sua empresa enfrentam uma complexa gama de riscos.<\/h4>\n<p>Nossos produtos oferecem atrav\u00e9s da ap\u00f3lice, a prote\u00e7\u00e3o dos bens, principalmente, m\u00e1s pode ser bastante abrangente. Isso significa ampara a empresa em caso de incidentes acidentais ou criminosos, o que resguarda o dono de despesas enormes e imprevis\u00edveis.<\/p>\n<h4>Como funciona o seguro empresarial?<\/h4>\n<p>O principal objetivo do seguro empresarial \u00e9\u00a0<b>ressarcir o segurado<\/b>\u00a0em caso de danos ocorridos no estabelecimento empresarial. O segurado contrata um\u00a0<b>plano adequado<\/b>\u00a0para sua empresa e, quando for necess\u00e1rio, reporta o sinistro \u00e0 seguradora.<\/p>\n<p>\u00c9 importante que seu seguro ofere\u00e7a tudo o que \u00e9 necess\u00e1rio para uma prote\u00e7\u00e3o eficaz. Tenha em mente que o seguro empresarial engloba<b>\u00a0muitas modalidades<\/b>.<\/p>\n<p>O seguro empresarial deve ser acionado pelo empres\u00e1rio segurado em casos de inc\u00eandios, roubos, explos\u00f5es, enchentes ou outras fatalidades previstas no contrato.<\/p>\n<p>De acordo com as coberturas contratadas, o propriet\u00e1rio ou gestor pode acionar a seguradora a qualquer momento \u2013 elas devem estar dispon\u00edveis <b>24 horas por dia<\/b>. Esse seguro funciona, entre outros neg\u00f3cios, para escolas, restaurantes, hot\u00e9is, consult\u00f3rios m\u00e9dicos, shoppings ou casas noturnas.<\/p>\n<h4>Import\u00e2ncia do seguro empresarial<\/h4>\n<p>O investimento para\u00a0come\u00e7ar uma empresa\u00a0\u00e9 muito alto. Profissionais qualificados, divulga\u00e7\u00e3o, infraestrutura, registro de marca \u2013 s\u00e3o muitas as\u00a0<b>etapas burocr\u00e1ticas<\/b>\u00a0e muitos os\u00a0<b>gastos<\/b>. O crescimento da empresa traz valoriza\u00e7\u00e3o de todos os ativos, e um sinistro pode colocar todo o\u00a0<b>investimento em risco<\/b>.<\/p>\n<p>Imagine que um curto-circuito em uma m\u00e1quina tenha provocado um pequeno inc\u00eandio em uma esta\u00e7\u00e3o de trabalho. No entanto, essa esta\u00e7\u00e3o era composta por 5 notebooks de \u00faltima gera\u00e7\u00e3o e muitos documentos sigilosos. Qual o valor dessa perda? A\u00a0<b>perda dos dados<\/b>\u00a0\u00e9\u00a0<b>inestim\u00e1vel<\/b>, pois eles diziam respeito a segredos de neg\u00f3cios. Mas \u00e9 poss\u00edvel\u00a0<b>mensurar as perdas dos bens f\u00edsicos<\/b>.<\/p>\n<p>Nessa situa\u00e7\u00e3o, um empres\u00e1rio com seguro empresarial est\u00e1\u00a0<b>protegido contra esses riscos<\/b>\u00a0e alguns outros, conforme as coberturas. Esses preju\u00edzos para o empres\u00e1rio ser\u00e3o amenizados com o seguro.<\/p>\n<h4>Quais s\u00e3o as coberturas dispon\u00edveis no seguro empresarial?<\/h4>\n<p>As coberturas dispon\u00edveis no seguro empresarial s\u00e3o amplas, pois abordam\u00a0<b>desde os funcion\u00e1rios at\u00e9 o patrim\u00f4nio f\u00edsico<\/b>. N\u00e3o \u00e0 toa, com tamanha abrang\u00eancia, podemos desdobr\u00e1-los em in\u00fameras categorias, como seguro patrimonial, seguro sa\u00fade,\u00a0seguro odontol\u00f3gico\u00a0e\u00a0seguro de vida em grupo.<\/p>\n<p>As\u00a0<b>coberturas<\/b>\u00a0que envolvem o patrim\u00f4nio s\u00e3o:<\/p>\n<ul>\n<li>\n<p>Perdas ou danos decorrentes de\u00a0<b>acidentes ou desastres naturais<\/b>\u00a0(alagamento, inunda\u00e7\u00e3o, fuma\u00e7a, inc\u00eandio, queda de raio, curto-circuito, explos\u00e3o, pane el\u00e9trica, granizo, ciclone, vendaval, tornado, impacto com aeronave ou ve\u00edculos terrestres).<\/p>\n<\/li>\n<li>\n<p>Equipamentos\u00a0<b>eletr\u00f4nicos<\/b>\u00a0em exposi\u00e7\u00e3o, m\u00f3veis e estacion\u00e1rios.<\/p>\n<\/li>\n<li>\n<p><b>Roubo<\/b>\u00a0de bens e de valores\u00a0<b>em tr\u00e2nsito<\/b>, em m\u00e3os de portadores.<\/p>\n<\/li>\n<\/ul>\n<ul>\n<li>\n<p><b>Roubo\u00a0<\/b>de valores no\u00a0<b>interior do estabelecimento<\/b>.<\/p>\n<\/li>\n<li>\n<p><b>Vazamento<\/b>\u00a0de tubula\u00e7\u00f5es e de tanques (sprinklers).<\/p>\n<\/li>\n<li>\n<p><b>Recomposi\u00e7\u00e3o<\/b>\u00a0de registros e de documentos.<\/p>\n<\/li>\n<li>\n<p><b>Quebra<\/b>\u00a0de vidros e de an\u00fancios luminosos.<\/p>\n<\/li>\n<\/ul>\n<p>Tamb\u00e9m s\u00e3o possibilidades de cobertura do seguro empresarial:<\/p>\n<ul>\n<li>\n<p><b>Lucros cessantes<\/b>\u00a0(per\u00edodo de 6 a 12 meses).<\/p>\n<\/li>\n<li>\n<p>Perda\/pagamento de\u00a0<b>aluguel<\/b>\u00a0(per\u00edodo de 6 a 12 meses).<\/p>\n<\/li>\n<li>\n<p>Despesas fixas\u00a0(6 a 12 meses).<\/p>\n<\/li>\n<\/ul>\n<p>Quanto \u00e0 prote\u00e7\u00e3o dos\u00a0<b>funcion\u00e1rios<\/b>, mencionamos os seguros que se desdobram do seguro empresarial. Mas h\u00e1 tamb\u00e9m a cobertura de:<\/p>\n<ul>\n<li>\n<p><b>Fidelidade<\/b>\u00a0de empregados.<\/p>\n<\/li>\n<li>\n<p><b>Impacto de ve\u00edculos<\/b>.<\/p>\n<\/li>\n<li>\n<p>Responsabilidade civil\u00a0(contingente de ve\u00edculos, empregador, opera\u00e7\u00f5es e ve\u00edculos de terceiros).<\/p>\n<\/li>\n<\/ul>\n<p>Lembrando que a responsabilidade civil aparece como fruto de uma\u00a0<b>a\u00e7\u00e3o humana<\/b>. E que, al\u00e9m dessas coberturas, ainda h\u00e1 as que englobam os casos de\u00a0<b>tumultos<\/b>.<\/p>\n<p>Perceba que a grande vantagem do seguro empresarial \u00e9 sua possibilidade de abranger\u00a0<b>diversos cen\u00e1rios<\/b>. Por isso, tudo deve estar definido na ap\u00f3lice. Por\u00e9m, vale destacar que o mais comum para um seguro empresarial \u00e9 proteger o\u00a0<b>patrim\u00f4nio da empresa<\/b>, como m\u00e1quinas, equipamentos, ve\u00edculos, m\u00f3veis e utens\u00edlios.<\/p>\n<p>Se voc\u00ea possui um neg\u00f3cio, sabe exatamente quanto investimento foi destinado para estrutur\u00e1-lo. Com o tempo, experimentou boa valoriza\u00e7\u00e3o e sabe que uma\u00a0<b>prote\u00e7\u00e3o<\/b>, como o seguro empresarial, traz mais\u00a0<b>seguran\u00e7a<\/b>.<\/p>\n<p>Seja restaurante ou cl\u00ednica m\u00e9dica, shopping center ou\u00a0academia. Existem coberturas adequadas para sua empresa, de forma a amenizar os preju\u00edzos em caso de acidente. Se voc\u00ea deseja proteger sua empresa dos\u00a0<b>riscos imprevis\u00edveis<\/b>,\u00a0entre em contato\u00a0com nosso corretor!<\/p>\n<p>\u00a0<\/p>\n<p style=\"margin-bottom: 0.9rem; color: #222222; font-family: Montserrat, sans-serif; background-color: #ffffff;\">\u00a0<\/p>\n<style>\/*! elementor - v3.13.3 - 22-05-2023 *\/\n.elementor-heading-title{padding:0;margin:0;line-height:1}.elementor-widget-heading .elementor-heading-title[class*=elementor-size-]>a{color:inherit;font-size:inherit;line-height:inherit}.elementor-widget-heading .elementor-heading-title.elementor-size-small{font-size:15px}.elementor-widget-heading .elementor-heading-title.elementor-size-medium{font-size:19px}.elementor-widget-heading .elementor-heading-title.elementor-size-large{font-size:29px}.elementor-widget-heading .elementor-heading-title.elementor-size-xl{font-size:39px}.elementor-widget-heading .elementor-heading-title.elementor-size-xxl{font-size:59px}<\/style>\n<h2>Por que contratar um seguro empresarial?<\/h2>\n<style>\/*! pro-elements - v3.12.3 - 23-04-2023 *\/\n.elementor-gallery__container{min-height:1px}.elementor-gallery-item{position:relative;overflow:hidden;display:block;text-decoration:none;border:solid var(--image-border-width) var(--image-border-color);border-radius:var(--image-border-radius)}.elementor-gallery-item__content,.elementor-gallery-item__overlay{height:100%;width:100%;position:absolute;top:0;left:0}.elementor-gallery-item__overlay{mix-blend-mode:var(--overlay-mix-blend-mode);transition-duration:var(--overlay-transition-duration);transition-property:mix-blend-mode,transform,opacity,background-color}.elementor-gallery-item__image.e-gallery-image{transition-duration:var(--image-transition-duration);transition-property:filter,transform}.elementor-gallery-item__content{display:flex;flex-direction:column;justify-content:var(--content-justify-content,center);align-items:center;text-align:var(--content-text-align);padding:var(--content-padding)}.elementor-gallery-item__content>div{transition-duration:var(--content-transition-duration)}.elementor-gallery-item__content.elementor-gallery--sequenced-animation>div:nth-child(2){transition-delay:calc(var(--content-transition-delay) \/ 3)}.elementor-gallery-item__content.elementor-gallery--sequenced-animation>div:nth-child(3){transition-delay:calc(var(--content-transition-delay) \/ 3 * 2)}.elementor-gallery-item__content.elementor-gallery--sequenced-animation>div:nth-child(4){transition-delay:calc(var(--content-transition-delay) \/ 3 * 3)}.elementor-gallery-item__description{color:var(--description-text-color,#fff);width:100%}.elementor-gallery-item__title{color:var(--title-text-color,#fff);font-weight:700;width:100%}.elementor-gallery__titles-container{display:flex;flex-wrap:wrap;justify-content:var(--titles-container-justify-content,center);margin-bottom:20px}.elementor-gallery__titles-container:not(.e--pointer-framed) .elementor-item:after,.elementor-gallery__titles-container:not(.e--pointer-framed) .elementor-item:before{background-color:var(--galleries-pointer-bg-color-hover)}.elementor-gallery__titles-container:not(.e--pointer-framed) .elementor-item.elementor-item-active:after,.elementor-gallery__titles-container:not(.e--pointer-framed) .elementor-item.elementor-item-active:before{background-color:var(--galleries-pointer-bg-color-active)}.elementor-gallery__titles-container.e--pointer-framed .elementor-item:before{border-color:var(--galleries-pointer-bg-color-hover);border-width:var(--galleries-pointer-border-width)}.elementor-gallery__titles-container.e--pointer-framed .elementor-item:after{border-color:var(--galleries-pointer-bg-color-hover)}.elementor-gallery__titles-container.e--pointer-framed .elementor-item.elementor-item-active:after,.elementor-gallery__titles-container.e--pointer-framed .elementor-item.elementor-item-active:before{border-color:var(--galleries-pointer-bg-color-active)}.elementor-gallery__titles-container.e--pointer-framed.e--animation-draw .elementor-item:before{border-left-width:var(--galleries-pointer-border-width);border-bottom-width:var(--galleries-pointer-border-width);border-right-width:0;border-top-width:0}.elementor-gallery__titles-container.e--pointer-framed.e--animation-draw .elementor-item:after{border-left-width:0;border-bottom-width:0;border-right-width:var(--galleries-pointer-border-width);border-top-width:var(--galleries-pointer-border-width)}.elementor-gallery__titles-container.e--pointer-framed.e--animation-corners .elementor-item:before{border-left-width:var(--galleries-pointer-border-width);border-bottom-width:0;border-right-width:0;border-top-width:var(--galleries-pointer-border-width)}.elementor-gallery__titles-container.e--pointer-framed.e--animation-corners .elementor-item:after{border-left-width:0;border-bottom-width:var(--galleries-pointer-border-width);border-right-width:var(--galleries-pointer-border-width);border-top-width:0}.elementor-gallery__titles-container .e--pointer-double-line .elementor-item:after,.elementor-gallery__titles-container .e--pointer-double-line .elementor-item:before,.elementor-gallery__titles-container .e--pointer-overline .elementor-item:before,.elementor-gallery__titles-container .e--pointer-underline .elementor-item:after{height:var(--galleries-pointer-border-width)}.elementor-gallery-title{--space-between:10px;cursor:pointer;color:#6d7882;font-weight:500;position:relative;padding:7px 14px;transition:all .3s}.elementor-gallery-title--active{color:#495157}.elementor-gallery-title:not(:last-child){margin-right:var(--space-between)}.elementor-gallery-item__title+.elementor-gallery-item__description{margin-top:var(--description-margin-top)}.e-gallery-item.elementor-gallery-item{transition-property:all}.e-gallery-item.elementor-animated-content .elementor-animated-item--enter-from-bottom,.e-gallery-item.elementor-animated-content .elementor-animated-item--enter-from-left,.e-gallery-item.elementor-animated-content .elementor-animated-item--enter-from-right,.e-gallery-item.elementor-animated-content .elementor-animated-item--enter-from-top,.e-gallery-item:hover .elementor-gallery__item-overlay-bg,.e-gallery-item:hover .elementor-gallery__item-overlay-content,.e-gallery-item:hover .elementor-gallery__item-overlay-content__description,.e-gallery-item:hover .elementor-gallery__item-overlay-content__title{opacity:1}a.elementor-item.elementor-gallery-title{color:var(--galleries-title-color-normal)}a.elementor-item.elementor-gallery-title.elementor-item-active,a.elementor-item.elementor-gallery-title.highlighted,a.elementor-item.elementor-gallery-title:focus,a.elementor-item.elementor-gallery-title:hover{color:var(--galleries-title-color-hover)}a.elementor-item.elementor-gallery-title.elementor-item-active{color:var(--gallery-title-color-active)}.e-con-inner>.elementor-widget-gallery,.e-con>.elementor-widget-gallery{width:var(--container-widget-width);--flex-grow:var(--container-widget-flex-grow)}<\/style>\n<p>\t\t\t\t\t\t\t<a href=\"https:\/\/clickbeneficios.net\/wp-content\/uploads\/2023\/05\/seg-empresa-vcsabia.jpg\" data-elementor-open-lightbox=\"yes\" data-elementor-lightbox-slideshow=\"all-2cc27ab\" data-elementor-lightbox-title=\"seg-empresa-vcsabia\" data-e-action-hash=\"#elementor-action%3Aaction%3Dlightbox%26settings%3DeyJpZCI6NjAxNiwidXJsIjoiaHR0cHM6XC9cL2NsaWNrYmVuZWZpY2lvcy5uZXRcL3dwLWNvbnRlbnRcL3VwbG9hZHNcLzIwMjNcLzA1XC9zZWctZW1wcmVzYS12Y3NhYmlhLmpwZyIsInNsaWRlc2hvdyI6ImFsbC0yY2MyN2FiIn0%3D\"><br \/>\n\t\t\t\t\t\t\t\t\t\t\t\t\t\t<\/a><br \/>\n\t\t\t\t\t\t\t<a href=\"https:\/\/clickbeneficios.net\/wp-content\/uploads\/2023\/05\/confira-seg-empresa.jpg\" data-elementor-open-lightbox=\"yes\" data-elementor-lightbox-slideshow=\"all-2cc27ab\" data-elementor-lightbox-title=\"confira-seg-empresa\" data-e-action-hash=\"#elementor-action%3Aaction%3Dlightbox%26settings%3DeyJpZCI6NTk5OSwidXJsIjoiaHR0cHM6XC9cL2NsaWNrYmVuZWZpY2lvcy5uZXRcL3dwLWNvbnRlbnRcL3VwbG9hZHNcLzIwMjNcLzA1XC9jb25maXJhLXNlZy1lbXByZXNhLmpwZyIsInNsaWRlc2hvdyI6ImFsbC0yY2MyN2FiIn0%3D\"><br \/>\n\t\t\t\t\t\t\t\t\t\t\t\t\t\t<\/a><br \/>\n\t\t\t\t\t\t\t<a href=\"https:\/\/clickbeneficios.net\/wp-content\/uploads\/2023\/05\/seg-empresaril-comofunciona.jpg\" data-elementor-open-lightbox=\"yes\" data-elementor-lightbox-slideshow=\"all-2cc27ab\" data-elementor-lightbox-title=\"seg-empresaril-comofunciona\" data-e-action-hash=\"#elementor-action%3Aaction%3Dlightbox%26settings%3DeyJpZCI6NTk2MywidXJsIjoiaHR0cHM6XC9cL2NsaWNrYmVuZWZpY2lvcy5uZXRcL3dwLWNvbnRlbnRcL3VwbG9hZHNcLzIwMjNcLzA1XC9zZWctZW1wcmVzYXJpbC1jb21vZnVuY2lvbmEuanBnIiwic2xpZGVzaG93IjoiYWxsLTJjYzI3YWIifQ%3D%3D\"><br \/>\n\t\t\t\t\t\t\t\t\t\t\t\t\t\t<\/a><br \/>\n\t\t\t\t\t\t\t<a href=\"https:\/\/clickbeneficios.net\/wp-content\/uploads\/2023\/05\/como-seg-empresa-vai-ajudar.jpg\" data-elementor-open-lightbox=\"yes\" data-elementor-lightbox-slideshow=\"all-2cc27ab\" data-elementor-lightbox-title=\"como-seg-empresa-vai-ajudar\" data-e-action-hash=\"#elementor-action%3Aaction%3Dlightbox%26settings%3DeyJpZCI6NTk5NSwidXJsIjoiaHR0cHM6XC9cL2NsaWNrYmVuZWZpY2lvcy5uZXRcL3dwLWNvbnRlbnRcL3VwbG9hZHNcLzIwMjNcLzA1XC9jb21vLXNlZy1lbXByZXNhLXZhaS1hanVkYXIuanBnIiwic2xpZGVzaG93IjoiYWxsLTJjYzI3YWIifQ%3D%3D\"><br \/>\n\t\t\t\t\t\t\t\t\t\t\t\t\t\t<\/a><br \/>\n\t\t\t\t\t\t\t<a href=\"https:\/\/clickbeneficios.net\/wp-content\/uploads\/2023\/05\/snapedit_1684845281901.jpg\" data-elementor-open-lightbox=\"yes\" data-elementor-lightbox-slideshow=\"all-2cc27ab\" data-elementor-lightbox-title=\"snapedit_1684845281901\" data-e-action-hash=\"#elementor-action%3Aaction%3Dlightbox%26settings%3DeyJpZCI6NTk5MCwidXJsIjoiaHR0cHM6XC9cL2NsaWNrYmVuZWZpY2lvcy5uZXRcL3dwLWNvbnRlbnRcL3VwbG9hZHNcLzIwMjNcLzA1XC9zbmFwZWRpdF8xNjg0ODQ1MjgxOTAxLmpwZyIsInNsaWRlc2hvdyI6ImFsbC0yY2MyN2FiIn0%3D\"><br \/>\n\t\t\t\t\t\t\t\t\t\t\t\t\t\t<\/a><br \/>\n\t\t\t\t\t\t\t<a href=\"https:\/\/clickbeneficios.net\/wp-content\/uploads\/2023\/05\/seg-empresarial01.jpg\" data-elementor-open-lightbox=\"yes\" data-elementor-lightbox-slideshow=\"all-2cc27ab\" data-elementor-lightbox-title=\"seg-empresarial01\" data-e-action-hash=\"#elementor-action%3Aaction%3Dlightbox%26settings%3DeyJpZCI6NTk1OSwidXJsIjoiaHR0cHM6XC9cL2NsaWNrYmVuZWZpY2lvcy5uZXRcL3dwLWNvbnRlbnRcL3VwbG9hZHNcLzIwMjNcLzA1XC9zZWctZW1wcmVzYXJpYWwwMS5qcGciLCJzbGlkZXNob3ciOiJhbGwtMmNjMjdhYiJ9\"><br \/>\n\t\t\t\t\t\t\t\t\t\t\t\t\t\t<\/a><\/p>\n<p style=\"text-align: left;\">Ainda tem d\u00favidas?<\/p>\n<p style=\"text-align: left;\">Clique no bot\u00e3o abaixo e saiba mais sobre a necessidade de contratar um seguro empresarial.<\/p>\n<p style=\"text-align: left;\">Nossa equipe est\u00e1 lhe aguardando. <strong>Entre em contato!<\/strong><\/p>\n<p>\t\t\t<a href=\"https:\/\/clickbeneficios.net\/wp-content\/uploads\/2023\/05\/Ebook_Click_Seguro_Empresarial.pdf\" target=\"_blank\" rel=\"noopener\">Saiba mais! <\/a><\/p>\n","protected":false},"excerpt":{"rendered":"<p>Seu patrim\u00f4nio mais protegido com a Click!\u00a0 O Seguro Empresarial tem como objetivo proteger sua empresa e n\u00e3o importa se \u00e9 uma multinacional, uma companhia regional de porte m\u00e9dio ou um neg\u00f3cio local em em crescimento, voc\u00ea e sua empresa enfrentam uma complexa gama de riscos. Nossos produtos oferecem atrav\u00e9s da ap\u00f3lice, a prote\u00e7\u00e3o dos [&hellip;]<\/p>\n","protected":false},"author":2,"featured_media":0,"parent":0,"menu_order":0,"comment_status":"closed","ping_status":"closed","template":"","meta":{"footnotes":""},"class_list":["post-5607","page","type-page","status-publish","hentry"],"_links":{"self":[{"href":"https:\/\/clickbeneficios.net\/index.php\/wp-json\/wp\/v2\/pages\/5607","targetHints":{"allow":["GET"]}}],"collection":[{"href":"https:\/\/clickbeneficios.net\/index.php\/wp-json\/wp\/v2\/pages"}],"about":[{"href":"https:\/\/clickbeneficios.net\/index.php\/wp-json\/wp\/v2\/types\/page"}],"author":[{"embeddable":true,"href":"https:\/\/clickbeneficios.net\/index.php\/wp-json\/wp\/v2\/users\/2"}],"replies":[{"embeddable":true,"href":"https:\/\/clickbeneficios.net\/index.php\/wp-json\/wp\/v2\/comments?post=5607"}],"version-history":[{"count":97,"href":"https:\/\/clickbeneficios.net\/index.php\/wp-json\/wp\/v2\/pages\/5607\/revisions"}],"predecessor-version":[{"id":6286,"href":"https:\/\/clickbeneficios.net\/index.php\/wp-json\/wp\/v2\/pages\/5607\/revisions\/6286"}],"wp:attachment":[{"href":"https:\/\/clickbeneficios.net\/index.php\/wp-json\/wp\/v2\/media?parent=5607"}],"curies":[{"name":"wp","href":"https:\/\/api.w.org\/{rel}","templated":true}]}}