{"id":5609,"date":"2023-05-21T20:01:34","date_gmt":"2023-05-21T23:01:34","guid":{"rendered":"https:\/\/clickbeneficios.net\/?page_id=5609"},"modified":"2023-05-26T10:10:01","modified_gmt":"2023-05-26T13:10:01","slug":"seg-life","status":"publish","type":"page","link":"https:\/\/clickbeneficios.net\/index.php\/seg-life\/","title":{"rendered":"Seguro de Vida"},"content":{"rendered":"<style>\/*! elementor - v3.13.3 - 22-05-2023 *\/\n.elementor-widget-image{text-align:center}.elementor-widget-image a{display:inline-block}.elementor-widget-image a img[src$=\".svg\"]{width:48px}.elementor-widget-image img{vertical-align:middle;display:inline-block}<\/style>\n<p>\t\t\t\t\t\t\t\t\t\t\t\t<img width=\"768\" height=\"447\" src=\"https:\/\/clickbeneficios.net\/wp-content\/uploads\/2023\/05\/seg-life-768x447.png\" alt=\"\" decoding=\"async\" loading=\"lazy\" srcset=\"https:\/\/clickbeneficios.net\/wp-content\/uploads\/2023\/05\/seg-life-768x447.png 768w, https:\/\/clickbeneficios.net\/wp-content\/uploads\/2023\/05\/seg-life-300x174.png 300w, https:\/\/clickbeneficios.net\/wp-content\/uploads\/2023\/05\/seg-life-1024x595.png 1024w, https:\/\/clickbeneficios.net\/wp-content\/uploads\/2023\/05\/seg-life.png 1080w\" sizes=\"auto, (max-width: 768px) 100vw, 768px\" \/>\t\t\t\t\t\t\t\t\t\t\t\t\t\t\t<\/p>\n<h3 style=\"text-align: left;\">Proteja seu futuro e de sua fam\u00edlia com a Click!<\/h3>\n<style>\/*! elementor - v3.13.3 - 22-05-2023 *\/\n.elementor-column .elementor-spacer-inner{height:var(--spacer-size)}.e-con{--container-widget-width:100%}.e-con-inner>.elementor-widget-spacer,.e-con>.elementor-widget-spacer{width:var(--container-widget-width,var(--spacer-size));--align-self:var(--container-widget-align-self,initial);--flex-shrink:0}.e-con-inner>.elementor-widget-spacer>.elementor-widget-container,.e-con-inner>.elementor-widget-spacer>.elementor-widget-container>.elementor-spacer,.e-con>.elementor-widget-spacer>.elementor-widget-container,.e-con>.elementor-widget-spacer>.elementor-widget-container>.elementor-spacer{height:100%}.e-con-inner>.elementor-widget-spacer>.elementor-widget-container>.elementor-spacer>.elementor-spacer-inner,.e-con>.elementor-widget-spacer>.elementor-widget-container>.elementor-spacer>.elementor-spacer-inner{height:var(--container-widget-height,var(--spacer-size))}<\/style>\n<h4 style=\"text-align: center;\">Por que pensar em um seguro de vida?<\/h4>\n<p align=\"left\">O Seguro individual ou coletivo de vida \u00e9 um contrato que garante a cobertura de 100% do capital do segurado aos benefici\u00e1rios em caso de morte natural ou acidental deste. Al\u00e9m disso, o seguro tamb\u00e9m protege o pr\u00f3prio segurado em casos de invalidez total ou parcial por acidente, invalidez funcional ou laborativa permanente por doen\u00e7a, di\u00e1rias por incapacidade em casos de acidentes, bem como despesas m\u00e9dicas e hospitalares decorrentes de acidentes.<\/p>\n<p>Realizamos levantamento e an\u00e1lise de exig\u00eancias legais para a elabora\u00e7\u00e3o de propostas que atendem \u00e0s expectativas de seus funcion\u00e1rios, exig\u00eancias de mercado e conven\u00e7\u00f5es ou acordos coletivos de trabalho. Oferecemos tamb\u00e9m acompanhamento e atualiza\u00e7\u00e3o de coberturas e capitais segurados, al\u00e9m de atendimento a sinistros com orienta\u00e7\u00e3o aos benefici\u00e1rios e aos estipulantes.<\/p>\n<p>Investir em um\u00a0seguro de vida\u00a0\u00e9 uma das decis\u00f5es mais acertadas que voc\u00ea pode ter, visando a sa\u00fade e o bem-estar da sua fam\u00edlia. Dessa forma, o objetivo do artigo \u00e9 apresentar dicas valiosas de como voc\u00ea pode entender melhor todos os detalhes do servi\u00e7o.<\/p>\n<p>\t\t\t\t\t\t<button><br \/>\n\t\t\t\t\t\t\t\tDica 1: em caso de dependentes, o seguro de vida \u00e9 necess\u00e1rio<br \/>\n\t\t\t\t\t\t\t\t\t<\/button><\/p>\n<p>Em s\u00edntese, se voc\u00ea possui crian\u00e7as ou outro tipo de dependente, saiba que o seguro de vida \u00e9 fundamental.<br \/>Vale ressaltar que o objetivo central do servi\u00e7o \u00e9 garantir o pagamento de uma indeniza\u00e7\u00e3o, caso ocorra algum evento coberto pelo seguro.<br \/>Assim, nos casos previstos em contrato, o seguro de vida garante seguran\u00e7a financeira para a sua fam\u00edlia.<\/p>\n<p>\t\t\t\t\t\t<button><br \/>\n\t\t\t\t\t\t\t\tDica 2: calcule o quanto \u00e9 preciso investir<br \/>\n\t\t\t\t\t\t\t\t\t<\/button><\/p>\n<p>Para entender o valor aproximado do seguro que deve ser contratado, comece multiplicando por 60% o seu rendimento anual, pelos anos que faltam at\u00e9 chegar a aposentadoria.<br \/>Logo, o valor resultante dever\u00e1 ser suficiente para cobrir o seu sal\u00e1rio, considerando um aumento ao longo dos anos.<br \/>\u00c9 importante adicionar ao c\u00e1lculo, o valor dos seus benef\u00edcios na empresa, como o seguro de sa\u00fade, por exemplo.<br \/>Depois disso, chegou a vez de subtrair os impostos. Dessa forma, voc\u00ea chegar\u00e1 ao valor que a sua fam\u00edlia precisar\u00e1. Isso, caso algo que o impe\u00e7a de manter os seus rendimentos ocorra.<\/p>\n<p>\t\t\t\t\t\t<button><br \/>\n\t\t\t\t\t\t\t\tDica 3: o seguro de vida \u00e9 barato<br \/>\n\t\t\t\t\t\t\t\t\t<\/button><\/p>\n<p>Ao contr\u00e1rio do que muitos pensam, \u00e9 poss\u00edvel fazer a ades\u00e3o de um seguro de vida, por um pre\u00e7o baixo que surpreende.<br \/>Vale salientar que o seguro aumenta de valor de acordo com o avan\u00e7o da idade. Assim, quanto mais cedo voc\u00ea adquirir o seu, mais barato e coberto voc\u00ea vai estar.<\/p>\n<p>\t\t\t\t\t\t<button><br \/>\n\t\t\t\t\t\t\t\tDica 4: o seguro de vida \u00e9 um investimento inteligente<br \/>\n\t\t\t\t\t\t\t\t\t<\/button><\/p>\n<p>Essa \u00e9 outra dica de suma import\u00e2ncia. Caso esteja \u00e0 procura de um seguro com um valor de cobertura recomendada, voc\u00ea pode esperar pagar cerca de 1% do seu rendimento na tarifa anual em um seguro de vida.<br \/>Logo, gastar 1% do seu rendimento para proteger anos de rendimentos \u00e9 um investimento \u00f3timo.<\/p>\n<p>\t\t\t\t\t\t<button><br \/>\n\t\t\t\t\t\t\t\tDica 5: leve em considera\u00e7\u00e3o a reputa\u00e7\u00e3o e a situa\u00e7\u00e3o financeira da empresa<br \/>\n\t\t\t\t\t\t\t\t\t<\/button><\/p>\n<p>Ao fazer a escolha da empresa de seguros, fique bastante atento quanto a situa\u00e7\u00e3o financeira e a reputa\u00e7\u00e3o que ela possui. S\u00e3o dois fatores essenciais que auxiliam diretamente na prote\u00e7\u00e3o do seu dinheiro.<br \/>Dessa forma, fa\u00e7a uma pesquisa minuciosa sobre a empresa antes de fechar qualquer contrato. \u00c9 importante procurar associa\u00e7\u00f5es de defesa do consumidor, al\u00e9m de servi\u00e7os online de registro de reclama\u00e7\u00f5es.<\/p>\n<h4 align=\"center\"><b>J\u00e1 pensou em um seguro de vida Empresarial?<\/b><\/h4>\n<p>Cada vez mais o mercado se mostra carente de talentos individuais em diferentes \u00e1rea e segmentos. A concorr\u00eancia \u00e9 enorme e as empresas precisam encontrar meios de atrair esses profissionais. A partir da\u00ed entra a import\u00e2ncia do seguro de vida na reten\u00e7\u00e3o de talentos.<\/p>\n<p>Muitas empresas apresentam uma lista refinada de benef\u00edcios, com o objetivo de encantar o poss\u00edvel colaborador. E eles s\u00e3o v\u00e1rios: hor\u00e1rios de expediente mais flex\u00edveis, complementa\u00e7\u00e3o da previd\u00eancia, etc. Por\u00e9m, o seguro de vida talvez seja o fator de atra\u00e7\u00e3o mais importante.<\/p>\n<p>\t\t\t\t\t\t<button><br \/>\n\t\t\t\t\t\t\t\tPor que o seguro de vida \u00e9 t\u00e3o importante na hora de atrair?<br \/>\n\t\t\t\t\t\t\t\t\t<\/button><\/p>\n<p>Em s\u00edntese, a import\u00e2ncia \u00e9 bem clara e o seu papel \u00e9 fundamental. O bem mais precioso de qualquer trabalhador \u00e9 a sua fam\u00edlia. Em segundo lugar na escala, aparecem os bens materiais que s\u00e3o conquistados ao longo da vida.<br \/>Por isso, a preocupa\u00e7\u00e3o com a vida \u00e9 sempre constante, al\u00e9m, \u00e9 claro, de querer zelar por um padr\u00e3o de vida adequado no caso de qualquer imprevisto.<br \/>A presen\u00e7a do seguro de vida como forma de atra\u00e7\u00e3o por parte dos empregadores vem se tornando cada vez mais comum. Por\u00e9m, esta \u00e9 uma quest\u00e3o que carece ainda mais de aten\u00e7\u00e3o por parte das empresas.<br \/>Os profissionais anseiam por prote\u00e7\u00e3o. Afinal, uma vida de dedica\u00e7\u00e3o e conquistas, n\u00e3o pode ser colocada em risco por conta de algum acontecimento inesperado.<\/p>\n<p>\t\t\t\t\t\t<button><br \/>\n\t\t\t\t\t\t\t\tEmpresas que oferecem o seguro de vida saem na frente<br \/>\n\t\t\t\t\t\t\t\t\t<\/button><\/p>\n<p>As empresas que oferecem esse tipo de produto para os seus funcion\u00e1rios, acabam deixando uma marca positiva. Isso aumenta a motiva\u00e7\u00e3o do colaborador. Em outros pa\u00edses, por exemplo, o seguro de vida \u00e9 encarado com bastante seriedade pelas companhias.<br \/>Essa preocupa\u00e7\u00e3o vem sendo adotada por v\u00e1rias empresas brasileiras. \u00c9 v\u00e1lido ressaltar que o seguro de vida ampliou as coberturas e hoje abrange despesas de reabilita\u00e7\u00e3o. Isso, para doen\u00e7as de alto risco, para acidentes durante viagens nacionais ou internacionais.<br \/>Viu como investir no seguro de vida pode ser um fator determinante para atrair um bom profissional para a sua empresa? \u00c9 a oportunidade de reter grandes talentos, que se mostram cada vez mais escassos no mercado de trabalho.<\/p>\n<style>\/*! elementor - v3.13.3 - 22-05-2023 *\/\n.elementor-heading-title{padding:0;margin:0;line-height:1}.elementor-widget-heading .elementor-heading-title[class*=elementor-size-]>a{color:inherit;font-size:inherit;line-height:inherit}.elementor-widget-heading .elementor-heading-title.elementor-size-small{font-size:15px}.elementor-widget-heading .elementor-heading-title.elementor-size-medium{font-size:19px}.elementor-widget-heading .elementor-heading-title.elementor-size-large{font-size:29px}.elementor-widget-heading .elementor-heading-title.elementor-size-xl{font-size:39px}.elementor-widget-heading .elementor-heading-title.elementor-size-xxl{font-size:59px}<\/style>\n<h3>Sua vida mais Segura!<\/h3>\n<p>            <a href=\"#\/\" style=\"background-image: url(https:\/\/clickbeneficios.net\/wp-content\/uploads\/2023\/05\/seg-vida-importante.jpg);\"  tabindex=\"0\"><br \/>\n            <\/a><br \/>\n            <a href=\"#\/\" style=\"background-image: url(https:\/\/clickbeneficios.net\/wp-content\/uploads\/2023\/05\/snapedit_1684860788110.jpg);\"  tabindex=\"1\"><br \/>\n            <\/a><br \/>\n            <a href=\"#\/\" style=\"background-image: url(https:\/\/clickbeneficios.net\/wp-content\/uploads\/2023\/05\/seg-vida01.jpg);\"  tabindex=\"2\"><br \/>\n            <\/a><br \/>\n            <a href=\"#\/\" style=\"background-image: url(https:\/\/clickbeneficios.net\/wp-content\/uploads\/2023\/05\/seg-life.jpg);\"  tabindex=\"3\"><br \/>\n            <\/a><br \/>\n            <a href=\"#\/\" style=\"background-image: url(https:\/\/clickbeneficios.net\/wp-content\/uploads\/2023\/05\/seg-vida-adrenalina.jpg);\"  tabindex=\"4\"><br \/>\n            <\/a><\/p>\n<style typr=\"text\/css\">\n                    #eael-img-accordion-e9f1bea .eael-image-accordion-hover:hover {\n                        flex: 3 1 0% !important;\n                    }\n                    #eael-img-accordion-e9f1bea .eael-image-accordion-hover:hover:hover .overlay-inner * {\n                        opacity: 1;\n                        visibility: visible;\n                        transform: none;\n                        transition: all .3s .3s;\n                    }\n                <\/style>\n<p>\t\t\t<a href=\"https:\/\/clickbeneficios.net\/index.php\/contact\/\" target=\"_blank\" rel=\"noopener\">Fa\u00e7a sua cota\u00e7\u00e3o! <\/a><\/p>\n","protected":false},"excerpt":{"rendered":"<p>Proteja seu futuro e de sua fam\u00edlia com a Click! Por que pensar em um seguro de vida? O Seguro individual ou coletivo de vida \u00e9 um contrato que garante a cobertura de 100% do capital do segurado aos benefici\u00e1rios em caso de morte natural ou acidental deste. Al\u00e9m disso, o seguro tamb\u00e9m protege o [&hellip;]<\/p>\n","protected":false},"author":2,"featured_media":0,"parent":0,"menu_order":0,"comment_status":"closed","ping_status":"closed","template":"","meta":{"footnotes":""},"class_list":["post-5609","page","type-page","status-publish","hentry"],"_links":{"self":[{"href":"https:\/\/clickbeneficios.net\/index.php\/wp-json\/wp\/v2\/pages\/5609","targetHints":{"allow":["GET"]}}],"collection":[{"href":"https:\/\/clickbeneficios.net\/index.php\/wp-json\/wp\/v2\/pages"}],"about":[{"href":"https:\/\/clickbeneficios.net\/index.php\/wp-json\/wp\/v2\/types\/page"}],"author":[{"embeddable":true,"href":"https:\/\/clickbeneficios.net\/index.php\/wp-json\/wp\/v2\/users\/2"}],"replies":[{"embeddable":true,"href":"https:\/\/clickbeneficios.net\/index.php\/wp-json\/wp\/v2\/comments?post=5609"}],"version-history":[{"count":103,"href":"https:\/\/clickbeneficios.net\/index.php\/wp-json\/wp\/v2\/pages\/5609\/revisions"}],"predecessor-version":[{"id":7210,"href":"https:\/\/clickbeneficios.net\/index.php\/wp-json\/wp\/v2\/pages\/5609\/revisions\/7210"}],"wp:attachment":[{"href":"https:\/\/clickbeneficios.net\/index.php\/wp-json\/wp\/v2\/media?parent=5609"}],"curies":[{"name":"wp","href":"https:\/\/api.w.org\/{rel}","templated":true}]}}