{"id":5611,"date":"2023-05-21T20:02:45","date_gmt":"2023-05-21T23:02:45","guid":{"rendered":"https:\/\/clickbeneficios.net\/?page_id=5611"},"modified":"2023-05-26T10:19:50","modified_gmt":"2023-05-26T13:19:50","slug":"seg-homecond","status":"publish","type":"page","link":"https:\/\/clickbeneficios.net\/index.php\/seg-homecond\/","title":{"rendered":"Seguro Residencial e Condom\u00ednio"},"content":{"rendered":"<style>\/*! elementor - v3.13.3 - 22-05-2023 *\/\n.elementor-widget-image{text-align:center}.elementor-widget-image a{display:inline-block}.elementor-widget-image a img[src$=\".svg\"]{width:48px}.elementor-widget-image img{vertical-align:middle;display:inline-block}<\/style>\n<p>\t\t\t\t\t\t\t\t\t\t\t\t<img decoding=\"async\" src=\"https:\/\/clickbeneficios.net\/wp-content\/uploads\/2023\/05\/VidaSeg.jpg\" title=\"VidaSeg\" alt=\"VidaSeg\" loading=\"lazy\" \/>\t\t\t\t\t\t\t\t\t\t\t\t\t\t\t<\/p>\n<h3 style=\"text-align: left;\">Com a Click sua fam\u00edlia tem a melhor prote\u00e7\u00e3o!<\/h3>\n<style>\/*! elementor - v3.13.3 - 22-05-2023 *\/\n.elementor-column .elementor-spacer-inner{height:var(--spacer-size)}.e-con{--container-widget-width:100%}.e-con-inner>.elementor-widget-spacer,.e-con>.elementor-widget-spacer{width:var(--container-widget-width,var(--spacer-size));--align-self:var(--container-widget-align-self,initial);--flex-shrink:0}.e-con-inner>.elementor-widget-spacer>.elementor-widget-container,.e-con-inner>.elementor-widget-spacer>.elementor-widget-container>.elementor-spacer,.e-con>.elementor-widget-spacer>.elementor-widget-container,.e-con>.elementor-widget-spacer>.elementor-widget-container>.elementor-spacer{height:100%}.e-con-inner>.elementor-widget-spacer>.elementor-widget-container>.elementor-spacer>.elementor-spacer-inner,.e-con>.elementor-widget-spacer>.elementor-widget-container>.elementor-spacer>.elementor-spacer-inner{height:var(--container-widget-height,var(--spacer-size))}<\/style>\n<p>Seguro Residencial.<\/p>\n<p>O seguro residencial protege seu im\u00f3vel de sinistros e ainda d\u00e1 aquela for\u00e7a com os imprevistos.<\/p>\n<p>Com o Seguro Residencial, al\u00e9m das coberturas do bem im\u00f3vel\u00a0contra acidentes,\u00a0desastres naturais e a\u00e7\u00f5es criminosas, voc\u00ea ainda\u00a0conta com assist\u00eancia emergencial 24 horas, como chaveiro, encanador,\u00a0eletricista, desentupidora e muitos outros!\u00a0<\/p>\n<p>Aqui voc\u00ea monta seu seguro de acordo com suas necessidades!<\/p>\n<h3>Confira as coberturas, servi\u00e7os, check-up e assist\u00eancias dispon\u00edveis:<\/h3>\n<ul>\n<li>\u00a0Inc\u00eandio;<\/li>\n<li>\u00a0Queda de Raio (ocorrida dentro do terreno ou edif\u00edcio onde estiverem os bens segurados);<\/li>\n<li>\u00a0Explos\u00e3o de Qualquer Natureza;<\/li>\n<li>\u00a0Roubo e furto de bens mediante arrombamento;<\/li>\n<li>\u00a0Vendaval, Granizo, Queda de Aeronave, Impacto de Ve\u00edculos Terrestres e Fuma\u00e7a;<\/li>\n<li>\u00a0Danos El\u00e9tricos;<\/li>\n<li>\u00a0Vidros, espelhos e m\u00e1rmores;<\/li>\n<li>\u00a0Alagamento;<\/li>\n<li>\u00a0Desmoronamento;<\/li>\n<li>\u00a0Tumultos;<\/li>\n<li>\u00a0Perda ou pagamento de aluguel;<\/li>\n<li>\u00a0Responsabilidade civil Familiar;<\/li>\n<li>\u00a0Chaveiro \u2013 assist\u00eancia em caso de sinistro;<\/li>\n<li>\u00a0Indica\u00e7\u00e3o de profissionais para manuten\u00e7\u00e3o no im\u00f3vel (pedreiro, marceneiro, vidraceiro etc.);<\/li>\n<li>\u00a0Limpeza da resid\u00eancia \u2013 assist\u00eancia em caso de sinistro;<\/li>\n<li>\u00a0M\u00e3o de obra para conserto de eletrodom\u00e9sticos (linhas branca e marrom);<\/li>\n<\/ul>\n<ul>\n<li>\u00a0Vigil\u00e2ncia \u2013 assist\u00eancia em caso de sinistro;<\/li>\n<li>\u00a0Mudan\u00e7a e Guarda-M\u00f3veis \u2013 assist\u00eancia em caso de sinistro;<\/li>\n<li>\u00a0Hidr\u00e1ulica \u2013 assist\u00eancia em caso de sinistro;<\/li>\n<li>\u00a0Fixa\u00e7\u00e3o de Antenas \u2013 assist\u00eancia em caso de sinistro;<\/li>\n<li>\u00a0Hospedagem \u2013 assist\u00eancia em caso de sinistro;<\/li>\n<li>\u00a0Conserto da m\u00e1quina de lavar roupa ou geladeira \u2013 assist\u00eancia em caso de sinistro;<\/li>\n<li>\u00a0Conten\u00e7\u00e3o de Vazamentos \u2013 assist\u00eancia em caso de sinistro;<\/li>\n<li>\u00a0Desentupimento \u2013 assist\u00eancia em caso de sinistro;<\/li>\n<li>\u00a0Eletricista \u2013 assist\u00eancia em caso de sinistro;<\/li>\n<li>\u00a0Instala\u00e7\u00e3o de olho m\u00e1gico \u2013 assist\u00eancia em caso de sinistro;<\/li>\n<li>\u00a0Guarda do domic\u00edlio \u2013 assist\u00eancia em caso de sinistro;<\/li>\n<\/ul>\n<p>\u00a0\t\t<\/p>\n<p>Seguro de Condom\u00ednio.<\/p>\n<p>Com o processo de verticaliza\u00e7\u00e3o dos grandes centros urbanos, o seguro condom\u00ednio, come\u00e7ou a aparecer mais no cen\u00e1rio nacional. Ele \u00e9 um produto diferente do Seguro Residencial, pois possui outros intuitos de prote\u00e7\u00e3o.<\/p>\n<p style=\"text-align: left;\">Geralmente, a sua contrata\u00e7\u00e3o se d\u00e1 em dois tipos de constru\u00e7\u00f5es: em pr\u00e9dios ou em condom\u00ednios de casas. Mas, afinal, como funciona o\u00a0<b>seguro de condom\u00ednio<\/b>\u00a0e para que ele serve? \u00c9 o que\u00a0explicaremos\u00a0no decorrer do texto.\u00a0<\/p>\n<p>Vale lembrar que as suas coberturas\u00a0n\u00e3o s\u00e3o t\u00e3o amplas e abrangentes quanto as coberturas de um \u00a0Seguro Residencial. Para quem \u00e9 s\u00edndico, por exemplo, \u00e9 importante\u00a0conhecer\u00a0de forma mais aprofundada\u00a0esse tipo de seguro.<\/p>\n<p>No seguro condom\u00ednio h\u00e1\u00a0cobertura de responsabilidade civil ou n\u00e3o? A fachada \u00e9 responsabilidade do propriet\u00e1rio ou do condom\u00ednio? Falaremos um pouco sobre esses\u00a0pontos\u00a0neste conte\u00fado.<\/p>\n<p>                    <a href=\"#expand-54f754d\" aria-expanded=\"false\" data-target=\"#expand-54f754d\" aria-controls=\"expand-54f754d\"><br \/>\n                        O que \u00e9 o seguro condom\u00ednio?\u00a0<br \/>\n                    <\/a><\/p>\n<p>Primeiramente, e mais importante, \u00e9 o que o seguro condom\u00ednio protege:\u00a0<b>as \u00e1reas comuns do empreendimento<\/b>. Em pr\u00e9dios, por exemplo, as coberturas abrangem toda a edifica\u00e7\u00e3o, al\u00e9m das partes estruturais dos apartamentos e \u00e1reas comuns. Agora, quando falamos de condom\u00ednios de casas, esse tipo de seguro oferece coberturas para tudo o que for compartilhado, como corredores, jardins, garagem e afins. Trata-se de uma condi\u00e7\u00e3o de prote\u00e7\u00e3o obrigat\u00f3ria tanto para pr\u00e9dios quanto para\u00a0condom\u00ednios\u00a0residenciais.\u00a0<\/p>\n<p>                    <a href=\"#expand-6776392\" aria-expanded=\"false\" data-target=\"#expand-6776392\" aria-controls=\"expand-6776392\"><br \/>\n                        O que o seguro condom\u00ednio cobre?<br \/>\n                    <\/a><\/p>\n<p>A\u00a0<b>cobertura do seguro predial,<\/b>\u00a0como ele tamb\u00e9m \u00e9 conhecido, abrange inc\u00eandio, queda de raio, de aeronaves e explos\u00e3o de qualquer natureza. Lembrando que essas s\u00e3o as coberturas b\u00e1sicas, que tamb\u00e9m s\u00e3o obrigat\u00f3rias. No entanto, com o crescimento deste produto e a alta demanda em condom\u00ednios, as seguradoras est\u00e3o\u00a0<b>sofisticando os produtos e incluindo mais op\u00e7\u00f5es<\/b>. Algumas\u00a0<b>coberturas adicionais<\/b>\u00a0s\u00e3o: danos el\u00e9tricos, desmoronamento total ou parcial, vendaval e granizo,\u00a0vazamento\u00a0de tanques e tubula\u00e7\u00f5es, impacto de ve\u00edculos e roubo de bens do condom\u00ednio.\u00a0Vale refor\u00e7ar que todas essas coberturas s\u00e3o voltadas para o condom\u00ednio e n\u00e3o para as casas ou\u00a0apartamentos\u00a0\u00a0especificamente. Para haver\u00a0uma contrata\u00e7\u00e3o assertiva de um\u00a0<b>seguro de condom\u00ednio<\/b>, o s\u00edndico deve\u00a0<b>fazer uma an\u00e1lise minuciosa<\/b>\u00a0para avaliar a necessidade real de cada cobertura de acordo com a realidade do condom\u00ednio.<\/p>\n<p>                    <a href=\"#expand-8a317b7\" aria-expanded=\"false\" data-target=\"#expand-8a317b7\" aria-controls=\"expand-8a317b7\"><br \/>\n                        Quem deve arcar com os custos do seguro condom\u00ednio?\u00a0<br \/>\n                    <\/a><\/p>\n<p>O seguro condom\u00ednio \u00e9 considerado\u00a0uma\u00a0despesa ordin\u00e1ria, obrigat\u00f3ria, ou seja,\u00a0<b>ela \u00e9 de responsabilidade do pr\u00f3prio condom\u00ednio<\/b>.\u00a0Ele\u00a0deve arcar com os custos dessa contrata\u00e7\u00e3o pelo menos no que diz respeito \u00e0s coberturas b\u00e1sicas.\u00a0Se fosse um custo extraordin\u00e1rio, como\u00a0no\u00a0caso de ajustes na fachada, melhoria no condom\u00ednio ou afins, o custo deveria ficar com os propriet\u00e1rios.<\/p>\n<p>                    <a href=\"#expand-f2bb43c\" aria-expanded=\"false\" data-target=\"#expand-f2bb43c\" aria-controls=\"expand-f2bb43c\"><br \/>\n                        Diferen\u00e7a do seguro condom\u00ednio para o seguro residencial\u00a0<br \/>\n                    <\/a><\/p>\n<p>Com estes pontos mostrados acima, voc\u00ea deve estar se perguntando: qual \u00e9 a diferen\u00e7a do\u00a0seguro de casa para o seguro\u00a0<b>de<\/b>\u00a0condom\u00ednio? Elas s\u00e3o muitas, mas, na verdade, podemos citar, para come\u00e7ar, podemos citar o que \u00e9 protegido pelo seguro. O\u00a0<b>seguro residencial<\/b>, por exemplo, protege exclusivamente a sua resid\u00eancia e o que h\u00e1 nela, dependendo das coberturas contratadas. J\u00e1 o\u00a0<b>seguro predial<\/b>\u00a0protege as \u00e1reas comuns do condom\u00ednio, e n\u00e3o cada resid\u00eancia em si. O segundo ponto a ser tratado sobre a diferen\u00e7a entre os dois produtos \u00e9 a responsabilidade pela contrata\u00e7\u00e3o. O seguro residencial deve ser contratado pelo morador e\/ou propriet\u00e1rio do im\u00f3vel, afinal, a prote\u00e7\u00e3o estar\u00e1 focada l\u00e1.\u00a0J\u00e1\u00a0<b>a aquisi\u00e7\u00e3o do seguro condominial \u00e9 obriga\u00e7\u00e3o do s\u00edndico<\/b>\u00a0ou administrador do pr\u00e9dio, j\u00e1 que ela \u00e9 uma despesa ordin\u00e1ria. Por fim, podemos citar a obrigatoriedade de contrata\u00e7\u00e3o entre os dois seguros. O residencial n\u00e3o \u00e9 obrigat\u00f3rio, salvo em casos de solicita\u00e7\u00e3o do locador em um contrato de aluguel.\u00a0Enquanto isso, o seguro\u00a0predial \u00e9 obrigat\u00f3rio e sem ele o condom\u00ednio s\u00f3 estar\u00e1 liberado ap\u00f3s a comprova\u00e7\u00e3o\u00a0da\u00a0ap\u00f3lice.<\/p>\n<p>                    <a href=\"#expand-505c452\" aria-expanded=\"false\" data-target=\"#expand-505c452\" aria-controls=\"expand-505c452\"><br \/>\n                        Como funciona a cobertura da responsabilidade civil no seguro de condom\u00ednio?\u00a0<br \/>\n                    <\/a><\/p>\n<p>Essa \u00e9 uma cobertura que pode, sim, ser inclu\u00edda no\u00a0<b>seguro de condom\u00ednio<\/b>. Existem algumas hip\u00f3teses nas quais ela pode ser acionada.\u00a0Por exemplo, imagine a seguinte situa\u00e7\u00e3o: algum visitante entra na garagem do pr\u00e9dio e o port\u00e3o, por algum problema t\u00e9cnico, fecha no cap\u00f4 do carro e causa danos. Esse\u00a0<b>seguro de responsabilidade civil atrelado ao condom\u00ednio\u00a0<\/b>servir\u00e1 para reembolsar os danos causados. Al\u00e9m disso, incidentes ocorridos nas \u00e1reas comuns do edif\u00edcio tamb\u00e9m podem ser reembolsados pela responsabilidade civil. No caso da contrata\u00e7\u00e3o do seguro de responsabilidade civil para o s\u00edndico, o condom\u00ednio est\u00e1 resguardado se houver preju\u00edzos causados por ele no exerc\u00edcio de suas fun\u00e7\u00f5es e receber\u00e1 o reembolso.\u00a0Em s\u00edntese, mostramos que\u00a0o seguro condom\u00ednio n\u00e3o deve excluir a contrata\u00e7\u00e3o do seguro residencial. Afinal, somente a contrata\u00e7\u00e3o de coberturas para sua casa v\u00e3o deixar o seu lar protegido.<\/p>\n<p>Nossa equipe est\u00e1 lhe aguardando.\u00a0<strong>Entre em contato!<\/strong><\/p>\n<p>\t\t\t<a href=\"https:\/\/clickbeneficios.net\/index.php\/contact\/\" target=\"_blank\" rel=\"noopener\">Fa\u00e7a sua cota\u00e7\u00e3o!<\/a><\/p>\n","protected":false},"excerpt":{"rendered":"<p>Com a Click sua fam\u00edlia tem a melhor prote\u00e7\u00e3o! Seguro Residencial. O seguro residencial protege seu im\u00f3vel de sinistros e ainda d\u00e1 aquela for\u00e7a com os imprevistos. Com o Seguro Residencial, al\u00e9m das coberturas do bem im\u00f3vel\u00a0contra acidentes,\u00a0desastres naturais e a\u00e7\u00f5es criminosas, voc\u00ea ainda\u00a0conta com assist\u00eancia emergencial 24 horas, como chaveiro, encanador,\u00a0eletricista, desentupidora e muitos [&hellip;]<\/p>\n","protected":false},"author":2,"featured_media":0,"parent":0,"menu_order":0,"comment_status":"closed","ping_status":"closed","template":"","meta":{"footnotes":""},"class_list":["post-5611","page","type-page","status-publish","hentry"],"_links":{"self":[{"href":"https:\/\/clickbeneficios.net\/index.php\/wp-json\/wp\/v2\/pages\/5611","targetHints":{"allow":["GET"]}}],"collection":[{"href":"https:\/\/clickbeneficios.net\/index.php\/wp-json\/wp\/v2\/pages"}],"about":[{"href":"https:\/\/clickbeneficios.net\/index.php\/wp-json\/wp\/v2\/types\/page"}],"author":[{"embeddable":true,"href":"https:\/\/clickbeneficios.net\/index.php\/wp-json\/wp\/v2\/users\/2"}],"replies":[{"embeddable":true,"href":"https:\/\/clickbeneficios.net\/index.php\/wp-json\/wp\/v2\/comments?post=5611"}],"version-history":[{"count":97,"href":"https:\/\/clickbeneficios.net\/index.php\/wp-json\/wp\/v2\/pages\/5611\/revisions"}],"predecessor-version":[{"id":7220,"href":"https:\/\/clickbeneficios.net\/index.php\/wp-json\/wp\/v2\/pages\/5611\/revisions\/7220"}],"wp:attachment":[{"href":"https:\/\/clickbeneficios.net\/index.php\/wp-json\/wp\/v2\/media?parent=5611"}],"curies":[{"name":"wp","href":"https:\/\/api.w.org\/{rel}","templated":true}]}}