{"id":5616,"date":"2023-05-21T20:04:26","date_gmt":"2023-05-21T23:04:26","guid":{"rendered":"https:\/\/clickbeneficios.net\/?page_id=5616"},"modified":"2023-05-25T20:52:24","modified_gmt":"2023-05-25T23:52:24","slug":"consortium","status":"publish","type":"page","link":"https:\/\/clickbeneficios.net\/index.php\/consortium\/","title":{"rendered":"Cons\u00f3rcios"},"content":{"rendered":"<style>\/*! elementor - v3.13.3 - 22-05-2023 *\/\n.elementor-widget-image{text-align:center}.elementor-widget-image a{display:inline-block}.elementor-widget-image a img[src$=\".svg\"]{width:48px}.elementor-widget-image img{vertical-align:middle;display:inline-block}<\/style>\n<p>\t\t\t\t\t\t\t\t\t\t\t\t<img decoding=\"async\" src=\"https:\/\/clickbeneficios.net\/wp-content\/uploads\/2023\/05\/melhor-consorcio.jpg\" title=\"melhor-consorcio\" alt=\"melhor-consorcio\" loading=\"lazy\" \/>\t\t\t\t\t\t\t\t\t\t\t\t\t\t\t<\/p>\n<style>\/*! elementor - v3.13.3 - 22-05-2023 *\/\n.elementor-column .elementor-spacer-inner{height:var(--spacer-size)}.e-con{--container-widget-width:100%}.e-con-inner>.elementor-widget-spacer,.e-con>.elementor-widget-spacer{width:var(--container-widget-width,var(--spacer-size));--align-self:var(--container-widget-align-self,initial);--flex-shrink:0}.e-con-inner>.elementor-widget-spacer>.elementor-widget-container,.e-con-inner>.elementor-widget-spacer>.elementor-widget-container>.elementor-spacer,.e-con>.elementor-widget-spacer>.elementor-widget-container,.e-con>.elementor-widget-spacer>.elementor-widget-container>.elementor-spacer{height:100%}.e-con-inner>.elementor-widget-spacer>.elementor-widget-container>.elementor-spacer>.elementor-spacer-inner,.e-con>.elementor-widget-spacer>.elementor-widget-container>.elementor-spacer>.elementor-spacer-inner{height:var(--container-widget-height,var(--spacer-size))}<\/style>\n<style>\/*! elementor - v3.13.3 - 22-05-2023 *\/\n.elementor-heading-title{padding:0;margin:0;line-height:1}.elementor-widget-heading .elementor-heading-title[class*=elementor-size-]>a{color:inherit;font-size:inherit;line-height:inherit}.elementor-widget-heading .elementor-heading-title.elementor-size-small{font-size:15px}.elementor-widget-heading .elementor-heading-title.elementor-size-medium{font-size:19px}.elementor-widget-heading .elementor-heading-title.elementor-size-large{font-size:29px}.elementor-widget-heading .elementor-heading-title.elementor-size-xl{font-size:39px}.elementor-widget-heading .elementor-heading-title.elementor-size-xxl{font-size:59px}<\/style>\n<h2>Sonhos podem ser planejados?<\/h2>\n<h3 style=\"text-align: left;\">Realize os seus sonhos com a Click!<\/h3>\n<p>Com o cons\u00f3rcio da Click seus sonhos, aquisi\u00e7\u00e3o de bens m\u00f3veis, im\u00f3veis, auto ou servi\u00e7os, t\u00eam o valor do bem ou servi\u00e7o dilu\u00eddo em um prazo determinado, e todos os integrantes do grupo contribuem ao longo desse per\u00edodo. Mensalmente (ou conforme estipulado em contrato), a administradora os contempla, por sorteio ou lance, com cr\u00e9dito no valor do bem ou servi\u00e7o contratado, at\u00e9 que todos seja atendidos.<\/p>\n<p>Caracter\u00edsticas de um Cons\u00f3rcio<\/p>\n<p>&#8211; Parcelamento integral;<\/p>\n<p>&#8211; Diversidade de prazos para pagamento;<\/p>\n<p>&#8211; Poder de compra \u00e0 vista;\u00a0<\/p>\n<p>&#8211; Possibilidade de obter o cr\u00e9dito por meio de sorteio;<\/p>\n<p>&#8211; Possibilidade de acelerar a contempla\u00e7\u00e3o por meio de lances;<\/p>\n<p>&#8211; Oportunidade de formar e ampliar patrim\u00f4nio;<\/p>\n<p>&#8211; Flexibilidade do uso do cr\u00e9dito;\u00a0<\/p>\n<h2>Conhe\u00e7a as oportunidades de cons\u00f3rcio da Click!<\/h2>\n<p>\t\t\t<a href=\"https:\/\/api.whatsapp.com\/send\/?phone=5571992198226&#038;text&#038;type=phone_number&#038;app_absent=0\" target=\"_blank\" rel=\"noopener\">Fa\u00e7a seu cons\u00f3rcio! <\/a>\t\t<\/p>\n<p>No material,\u00a0link\u00a0abaixo, voc\u00ea poder\u00e1 conhecer um pouco mais sobre o que \u00e9 um cons\u00f3rcio, seu funcionamento e como planejar a aquisi\u00e7\u00e3o de um bem atrav\u00e9s desta modalidade.<\/p>\n<p>Antes de assinar o contrato de participa\u00e7\u00e3o em grupo de cons\u00f3rcio, \u00e9 recomend\u00e1vel que voc\u00ea:<\/p>\n<p>&#8211;\u00a0 Leia atentamente as cl\u00e1usula do contrato para conhecer seus direitos e obriga\u00e7\u00f5es;<\/p>\n<p>&#8211;\u00a0 Verifique se o valor do cr\u00e9dito e o prazo de dura\u00e7\u00e3o do grupo constam no contrato;<\/p>\n<p>&#8211; Confira os percentuais de contribui\u00e7\u00f5es (taxa de administra\u00e7\u00e3o e, se houver, fundo de reserva e\/ou seguro) e as demais despesas que ser\u00e3o cobradas;<\/p>\n<p>&#8211;\u00a0 Certifique-se quanto ao crit\u00e9rio de corre\u00e7\u00e3o do cr\u00e9dito que ser\u00e1 aplicado pela administradora e \u00e0s garantias que voc\u00ea dever\u00e1 fornecer para retirar o bem ao ser contemplado;<\/p>\n<p>&#8211;\u00a0 Verifique as regras de contempla\u00e7\u00e3o por sorteio e lance, a forma de antecipa\u00e7\u00e3o de pagamento de parcelas e a possibilidade de optar por cr\u00e9dito de menor ou maior valor antes da contempla\u00e7\u00e3o;<\/p>\n<p>&#8211;\u00a0 Certifique-se de que aquilo que foi prometido, em propaganda ou pelo vendedor, consta do contrato. Desconsidere promessas verbais; todos os direitos e obriga\u00e7\u00f5es de consorciado devem estar estabelecidos em contrato;<\/p>\n<p>https:\/\/www.youtube.com\/watch?v=z7Aa_BvQgZc<br \/>\n\t\t\t<a href=\"https:\/\/clickbeneficios.net\/wp-content\/uploads\/2023\/05\/Tutorial-Consorcio.pdf\" target=\"_blank\" rel=\"noopener\">Saiba mais!<\/a>\t\t<\/p>\n<p style=\"text-align: center;\"><strong>Aguardamos seu contato!<\/strong><\/p>\n","protected":false},"excerpt":{"rendered":"<p>Sonhos podem ser planejados? Realize os seus sonhos com a Click! Com o cons\u00f3rcio da Click seus sonhos, aquisi\u00e7\u00e3o de bens m\u00f3veis, im\u00f3veis, auto ou servi\u00e7os, t\u00eam o valor do bem ou servi\u00e7o dilu\u00eddo em um prazo determinado, e todos os integrantes do grupo contribuem ao longo desse per\u00edodo. Mensalmente (ou conforme estipulado em contrato), [&hellip;]<\/p>\n","protected":false},"author":2,"featured_media":0,"parent":0,"menu_order":0,"comment_status":"closed","ping_status":"closed","template":"","meta":{"footnotes":""},"class_list":["post-5616","page","type-page","status-publish","hentry"],"_links":{"self":[{"href":"https:\/\/clickbeneficios.net\/index.php\/wp-json\/wp\/v2\/pages\/5616","targetHints":{"allow":["GET"]}}],"collection":[{"href":"https:\/\/clickbeneficios.net\/index.php\/wp-json\/wp\/v2\/pages"}],"about":[{"href":"https:\/\/clickbeneficios.net\/index.php\/wp-json\/wp\/v2\/types\/page"}],"author":[{"embeddable":true,"href":"https:\/\/clickbeneficios.net\/index.php\/wp-json\/wp\/v2\/users\/2"}],"replies":[{"embeddable":true,"href":"https:\/\/clickbeneficios.net\/index.php\/wp-json\/wp\/v2\/comments?post=5616"}],"version-history":[{"count":212,"href":"https:\/\/clickbeneficios.net\/index.php\/wp-json\/wp\/v2\/pages\/5616\/revisions"}],"predecessor-version":[{"id":7017,"href":"https:\/\/clickbeneficios.net\/index.php\/wp-json\/wp\/v2\/pages\/5616\/revisions\/7017"}],"wp:attachment":[{"href":"https:\/\/clickbeneficios.net\/index.php\/wp-json\/wp\/v2\/media?parent=5616"}],"curies":[{"name":"wp","href":"https:\/\/api.w.org\/{rel}","templated":true}]}}