{"id":6374,"date":"2023-05-24T10:25:28","date_gmt":"2023-05-24T13:25:28","guid":{"rendered":"https:\/\/clickbeneficios.net\/?page_id=6374"},"modified":"2023-05-26T21:42:58","modified_gmt":"2023-05-27T00:42:58","slug":"carriers","status":"publish","type":"page","link":"https:\/\/clickbeneficios.net\/index.php\/carriers\/","title":{"rendered":"Operadoras"},"content":{"rendered":"<style>\/*! elementor - v3.13.3 - 22-05-2023 *\/\n.elementor-heading-title{padding:0;margin:0;line-height:1}.elementor-widget-heading .elementor-heading-title[class*=elementor-size-]>a{color:inherit;font-size:inherit;line-height:inherit}.elementor-widget-heading .elementor-heading-title.elementor-size-small{font-size:15px}.elementor-widget-heading .elementor-heading-title.elementor-size-medium{font-size:19px}.elementor-widget-heading .elementor-heading-title.elementor-size-large{font-size:29px}.elementor-widget-heading .elementor-heading-title.elementor-size-xl{font-size:39px}.elementor-widget-heading .elementor-heading-title.elementor-size-xxl{font-size:59px}<\/style>\n<h2>Decida cuidar melhor da sua Sa\u00fade!<\/h2>\n<style>\/*! elementor - v3.13.3 - 22-05-2023 *\/\n.elementor-column .elementor-spacer-inner{height:var(--spacer-size)}.e-con{--container-widget-width:100%}.e-con-inner>.elementor-widget-spacer,.e-con>.elementor-widget-spacer{width:var(--container-widget-width,var(--spacer-size));--align-self:var(--container-widget-align-self,initial);--flex-shrink:0}.e-con-inner>.elementor-widget-spacer>.elementor-widget-container,.e-con-inner>.elementor-widget-spacer>.elementor-widget-container>.elementor-spacer,.e-con>.elementor-widget-spacer>.elementor-widget-container,.e-con>.elementor-widget-spacer>.elementor-widget-container>.elementor-spacer{height:100%}.e-con-inner>.elementor-widget-spacer>.elementor-widget-container>.elementor-spacer>.elementor-spacer-inner,.e-con>.elementor-widget-spacer>.elementor-widget-container>.elementor-spacer>.elementor-spacer-inner{height:var(--container-widget-height,var(--spacer-size))}<\/style>\n<p><img loading=\"lazy\" decoding=\"async\" src=\"https:\/\/blog.samisaude.com.br\/wp-content\/uploads\/2020\/08\/qual_especialidade_medico_familia.jpg\" alt=\"Qual a especialidade do m\u00e9dico de fam\u00edlia? | Sami Sa\u00fade\" width=\"309\" height=\"180\" \/><\/p>\n<p>Descubra qual plano \u00e9 o melhor para voc\u00ea, sua fam\u00edlia ou empresa.<\/p>\n<p>Nosso trabalho consiste em auxiliar empresas e pessoas na escolha de um plano de sa\u00fade ou plano odontol\u00f3gico, destinando a nossos clientes uma consultoria especializada, de ponta, para garantir a melhor solu\u00e7\u00e3o e satisfa\u00e7\u00e3o.<\/p>\n<p>Se voc\u00ea acompanha os conte\u00fados da Clickbenef\u00edcios h\u00e1 algum tempo, sabe que oferecer um bom plano de sa\u00fade para os funcion\u00e1rios deixou de ser um diferencial para as empresas e passou a ser um importante crit\u00e9rio de escolha durante a aplica\u00e7\u00e3o de candidatos a vagas e na reten\u00e7\u00e3o de talentos.\u00a0<\/p>\n<p>No Brasil, existem diversas operadoras de sa\u00fade que oferecem planos de assist\u00eancia m\u00e9dica e odontol\u00f3gica. Algumas das principais operadoras de sa\u00fade no pa\u00eds incluem:<\/p>\n<ol>\n<li>\n<p>Bradesco Sa\u00fade: Pertencente ao grupo Bradesco, oferece planos individuais e empresariais, com cobertura nacional e uma ampla rede credenciada.<\/p>\n<\/li>\n<li>\n<p>Amil: Uma das maiores operadoras de sa\u00fade do Brasil, oferece planos de sa\u00fade individuais, familiares e empresariais, com abrang\u00eancia regional ou nacional.<\/p>\n<\/li>\n<li>\n<p>SulAm\u00e9rica Sa\u00fade: Uma das mais antigas operadoras de sa\u00fade do pa\u00eds, possui planos individuais, familiares e empresariais, com op\u00e7\u00f5es de abrang\u00eancia regional ou nacional.<\/p>\n<\/li>\n<li>\n<p>Unimed: \u00c9 uma cooperativa de m\u00e9dicos que opera em todo o Brasil, oferecendo planos de sa\u00fade individuais, familiares e empresariais. Cada regi\u00e3o tem sua pr\u00f3pria Unimed local, formada por cooperativas regionais.<\/p>\n<\/li>\n<li>\n<p>Golden Cross: Oferece planos de sa\u00fade individuais e empresariais, com abrang\u00eancia nacional e uma rede credenciada extensa.<\/p>\n<\/li>\n<li>\n<p>Hapvida: Operadora com foco regional, oferece planos de sa\u00fade no Nordeste e em alguns estados da regi\u00e3o Norte. Tamb\u00e9m possui uma rede pr\u00f3pria de hospitais e cl\u00ednicas.<\/p>\n<\/li>\n<\/ol>\n<p>Essas s\u00e3o apenas algumas das operadoras de sa\u00fade mais conhecidas no Brasil, e existem outras op\u00e7\u00f5es dispon\u00edveis no mercado. \u00c9 importante realizar uma pesquisa detalhada sobre as caracter\u00edsticas de cada plano, cobertura, rede credenciada, car\u00eancias e valores antes de escolher uma operadora de sa\u00fade que melhor atenda \u00e0s suas necessidades.<\/p>\n<form>\u00a0<\/form>\n<h2>Oferecemos as melhores operadoras!<\/h2>\n<h4 style=\"text-align: center;\">E, as melhores condi\u00e7\u00f5es.<\/h4>\n<link rel=\"stylesheet\" href=\"https:\/\/clickbeneficios.net\/wp-content\/plugins\/pro-elements\/assets\/css\/widget-carousel.min.css\">\n\t\t\t\t\t\t\t<a href=\"https:\/\/clickbeneficios.net\/wp-content\/uploads\/2023\/05\/download-1.jpg\" data-elementor-open-lightbox=\"yes\" data-elementor-lightbox-slideshow=\"5bf9fc7\" data-elementor-lightbox-title=\"download\" data-e-action-hash=\"#elementor-action%3Aaction%3Dlightbox%26settings%3DeyJpZCI6NjQ0OSwidXJsIjoiaHR0cHM6XC9cL2NsaWNrYmVuZWZpY2lvcy5uZXRcL3dwLWNvbnRlbnRcL3VwbG9hZHNcLzIwMjNcLzA1XC9kb3dubG9hZC0xLmpwZyIsInNsaWRlc2hvdyI6IjViZjlmYzcifQ%3D%3D\" data-elementor-lightbox-video=\"https:\/\/www.youtube.com\/embed\/2bjoLer9Qrs?feature=oembed&amp;autoplay=1&amp;rel=0&amp;controls=0\"><br \/>\n\t\t\t\t\t\t\t\t\t\tPlay<br \/>\n\t\t<\/a><br \/>\n\t\t\t\t\t\t\t<a href=\"https:\/\/clickbeneficios.net\/wp-content\/uploads\/2023\/05\/images.png\" data-elementor-open-lightbox=\"yes\" data-elementor-lightbox-slideshow=\"5bf9fc7\" data-elementor-lightbox-title=\"images\" data-e-action-hash=\"#elementor-action%3Aaction%3Dlightbox%26settings%3DeyJpZCI6NjQ1MSwidXJsIjoiaHR0cHM6XC9cL2NsaWNrYmVuZWZpY2lvcy5uZXRcL3dwLWNvbnRlbnRcL3VwbG9hZHNcLzIwMjNcLzA1XC9pbWFnZXMucG5nIiwic2xpZGVzaG93IjoiNWJmOWZjNyJ9\" data-elementor-lightbox-video=\"https:\/\/www.youtube.com\/embed\/oj7idf8wKHQ?feature=oembed&amp;autoplay=1&amp;rel=0&amp;controls=0\"><br \/>\n\t\t\t\t\t\t\t\t\t\tPlay<br \/>\n\t\t<\/a><br \/>\n\t\t\t\t\t\t\t\t\t\tPlay<br \/>\n\t\t\t\t\t\t\t<a href=\"https:\/\/clickbeneficios.net\/wp-content\/uploads\/2023\/05\/sulamerica.jpg\" data-elementor-open-lightbox=\"yes\" data-elementor-lightbox-slideshow=\"5bf9fc7\" data-elementor-lightbox-title=\"sulamerica\" data-e-action-hash=\"#elementor-action%3Aaction%3Dlightbox%26settings%3DeyJpZCI6NjQ2MywidXJsIjoiaHR0cHM6XC9cL2NsaWNrYmVuZWZpY2lvcy5uZXRcL3dwLWNvbnRlbnRcL3VwbG9hZHNcLzIwMjNcLzA1XC9zdWxhbWVyaWNhLmpwZyIsInNsaWRlc2hvdyI6IjViZjlmYzcifQ%3D%3D\" data-elementor-lightbox-video=\"https:\/\/www.youtube.com\/embed\/TMy5ZUT8xvs?feature=oembed&amp;autoplay=1&amp;rel=0&amp;controls=0\"><br \/>\n\t\t\t\t\t\t\t\t\t\tPlay<br \/>\n\t\t<\/a><br \/>\n\t\t\t\t\t\t\t<a href=\"https:\/\/clickbeneficios.net\/wp-content\/uploads\/2023\/05\/unnamed.jpg\" data-elementor-open-lightbox=\"yes\" data-elementor-lightbox-slideshow=\"5bf9fc7\" data-elementor-lightbox-title=\"unnamed\" data-e-action-hash=\"#elementor-action%3Aaction%3Dlightbox%26settings%3DeyJpZCI6NjQ2OCwidXJsIjoiaHR0cHM6XC9cL2NsaWNrYmVuZWZpY2lvcy5uZXRcL3dwLWNvbnRlbnRcL3VwbG9hZHNcLzIwMjNcLzA1XC91bm5hbWVkLmpwZyIsInNsaWRlc2hvdyI6IjViZjlmYzcifQ%3D%3D\" data-elementor-lightbox-video=\"https:\/\/www.youtube.com\/embed\/ZTSLJKQq7ps?feature=oembed&amp;autoplay=1&amp;rel=0&amp;controls=0\"><br \/>\n\t\t\t\t\t\t\t\t\t\tPlay<br \/>\n\t\t<\/a><br \/>\n\t\t\t\t\t\t\t<a href=\"https:\/\/clickbeneficios.net\/wp-content\/uploads\/2023\/05\/promedica.jpg\" data-elementor-open-lightbox=\"yes\" data-elementor-lightbox-slideshow=\"5bf9fc7\" data-elementor-lightbox-title=\"promedica\" data-e-action-hash=\"#elementor-action%3Aaction%3Dlightbox%26settings%3DeyJpZCI6NzAzMCwidXJsIjoiaHR0cHM6XC9cL2NsaWNrYmVuZWZpY2lvcy5uZXRcL3dwLWNvbnRlbnRcL3VwbG9hZHNcLzIwMjNcLzA1XC9wcm9tZWRpY2EuanBnIiwic2xpZGVzaG93IjoiNWJmOWZjNyJ9\" data-elementor-lightbox-video=\"https:\/\/www.youtube.com\/embed\/3OgBUd_RfTI?feature=oembed&amp;autoplay=1&amp;rel=0&amp;controls=0\"><br \/>\n\t\t\t\t\t\t\t\t\t\tPlay<br \/>\n\t\t<\/a><br \/>\n\t\t\t\t\t\t\t<a href=\"https:\/\/clickbeneficios.net\/wp-content\/uploads\/2023\/05\/cnu.png\" data-elementor-open-lightbox=\"yes\" data-elementor-lightbox-slideshow=\"5bf9fc7\" data-elementor-lightbox-title=\"cnu\" data-e-action-hash=\"#elementor-action%3Aaction%3Dlightbox%26settings%3DeyJpZCI6NjQ5NCwidXJsIjoiaHR0cHM6XC9cL2NsaWNrYmVuZWZpY2lvcy5uZXRcL3dwLWNvbnRlbnRcL3VwbG9hZHNcLzIwMjNcLzA1XC9jbnUucG5nIiwic2xpZGVzaG93IjoiNWJmOWZjNyJ9\" data-elementor-lightbox-video=\"https:\/\/www.youtube.com\/embed\/BL1RjZaWuno?feature=oembed&amp;autoplay=1&amp;rel=0&amp;controls=0\"><br \/>\n\t\t\t\t\t\t\t\t\t\tPlay<br \/>\n\t\t<\/a><br \/>\n\t\t\t\t\t\t\t<a href=\"https:\/\/clickbeneficios.net\/wp-content\/uploads\/2023\/05\/boa-saude-precos.jpg\" data-elementor-open-lightbox=\"yes\" data-elementor-lightbox-slideshow=\"5bf9fc7\" data-elementor-lightbox-title=\"boa-saude-precos\" data-e-action-hash=\"#elementor-action%3Aaction%3Dlightbox%26settings%3DeyJpZCI6NjQ5OSwidXJsIjoiaHR0cHM6XC9cL2NsaWNrYmVuZWZpY2lvcy5uZXRcL3dwLWNvbnRlbnRcL3VwbG9hZHNcLzIwMjNcLzA1XC9ib2Etc2F1ZGUtcHJlY29zLmpwZyIsInNsaWRlc2hvdyI6IjViZjlmYzcifQ%3D%3D\" data-elementor-lightbox-video=\"https:\/\/www.youtube.com\/embed\/iZ5l45RbBIk?feature=oembed&amp;autoplay=1&amp;rel=0&amp;controls=0\"><br \/>\n\t\t\t\t\t\t\t\t\t\tPlay<br \/>\n\t\t<\/a><br \/>\n\t\t\t\t\t\t\t<a href=\"https:\/\/clickbeneficios.net\/wp-content\/uploads\/2023\/05\/vitalmed-1.png\" data-elementor-open-lightbox=\"yes\" data-elementor-lightbox-slideshow=\"5bf9fc7\" data-elementor-lightbox-title=\"vitalmed (1)\" data-e-action-hash=\"#elementor-action%3Aaction%3Dlightbox%26settings%3DeyJpZCI6NjUxMywidXJsIjoiaHR0cHM6XC9cL2NsaWNrYmVuZWZpY2lvcy5uZXRcL3dwLWNvbnRlbnRcL3VwbG9hZHNcLzIwMjNcLzA1XC92aXRhbG1lZC0xLnBuZyIsInNsaWRlc2hvdyI6IjViZjlmYzcifQ%3D%3D\" data-elementor-lightbox-video=\"https:\/\/www.youtube.com\/embed\/iPcTrIlt8KM?feature=oembed&amp;autoplay=1&amp;rel=0&amp;controls=0\"><br \/>\n\t\t\t\t\t\t\t\t\t\tPlay<br \/>\n\t\t<\/a><br \/>\n\t\t\t\t\t\t\t<a href=\"https:\/\/clickbeneficios.net\/wp-content\/uploads\/2023\/05\/channels4_profile.jpg\" data-elementor-open-lightbox=\"yes\" data-elementor-lightbox-slideshow=\"5bf9fc7\" data-elementor-lightbox-title=\"channels4_profile\" data-e-action-hash=\"#elementor-action%3Aaction%3Dlightbox%26settings%3DeyJpZCI6NjUwOCwidXJsIjoiaHR0cHM6XC9cL2NsaWNrYmVuZWZpY2lvcy5uZXRcL3dwLWNvbnRlbnRcL3VwbG9hZHNcLzIwMjNcLzA1XC9jaGFubmVsczRfcHJvZmlsZS5qcGciLCJzbGlkZXNob3ciOiI1YmY5ZmM3In0%3D\" data-elementor-lightbox-video=\"https:\/\/www.youtube.com\/embed\/SFv4R7v2DXM?feature=oembed&amp;autoplay=1&amp;rel=0&amp;controls=0\"><br \/>\n\t\t\t\t\t\t\t\t\t\tPlay<br \/>\n\t\t<\/a><br \/>\n\t\t\t\t\t\t\t\t\t\t\t\t\t\tPrevious<br \/>\n\t\t\t\t\t\t\t\t\t\t\t\t\t\tNext<\/p>\n<p>Al\u00e9m das operadoras refer\u00eancias no mercado, trabalhamos com outros planos e condi\u00e7\u00f5es.<\/p>\n<p>Confira com os nossos consultores!<\/p>\n","protected":false},"excerpt":{"rendered":"<p>Decida cuidar melhor da sua Sa\u00fade! Descubra qual plano \u00e9 o melhor para voc\u00ea, sua fam\u00edlia ou empresa. Nosso trabalho consiste em auxiliar empresas e pessoas na escolha de um plano de sa\u00fade ou plano odontol\u00f3gico, destinando a nossos clientes uma consultoria especializada, de ponta, para garantir a melhor solu\u00e7\u00e3o e satisfa\u00e7\u00e3o. Se voc\u00ea acompanha [&hellip;]<\/p>\n","protected":false},"author":2,"featured_media":0,"parent":0,"menu_order":0,"comment_status":"closed","ping_status":"closed","template":"","meta":{"footnotes":""},"class_list":["post-6374","page","type-page","status-publish","hentry"],"_links":{"self":[{"href":"https:\/\/clickbeneficios.net\/index.php\/wp-json\/wp\/v2\/pages\/6374","targetHints":{"allow":["GET"]}}],"collection":[{"href":"https:\/\/clickbeneficios.net\/index.php\/wp-json\/wp\/v2\/pages"}],"about":[{"href":"https:\/\/clickbeneficios.net\/index.php\/wp-json\/wp\/v2\/types\/page"}],"author":[{"embeddable":true,"href":"https:\/\/clickbeneficios.net\/index.php\/wp-json\/wp\/v2\/users\/2"}],"replies":[{"embeddable":true,"href":"https:\/\/clickbeneficios.net\/index.php\/wp-json\/wp\/v2\/comments?post=6374"}],"version-history":[{"count":130,"href":"https:\/\/clickbeneficios.net\/index.php\/wp-json\/wp\/v2\/pages\/6374\/revisions"}],"predecessor-version":[{"id":7360,"href":"https:\/\/clickbeneficios.net\/index.php\/wp-json\/wp\/v2\/pages\/6374\/revisions\/7360"}],"wp:attachment":[{"href":"https:\/\/clickbeneficios.net\/index.php\/wp-json\/wp\/v2\/media?parent=6374"}],"curies":[{"name":"wp","href":"https:\/\/api.w.org\/{rel}","templated":true}]}}