{"id":6764,"date":"2023-05-25T10:09:17","date_gmt":"2023-05-25T13:09:17","guid":{"rendered":"https:\/\/clickbeneficios.net\/?page_id=6764"},"modified":"2023-05-26T21:50:03","modified_gmt":"2023-05-27T00:50:03","slug":"bradesco-saude","status":"publish","type":"page","link":"https:\/\/clickbeneficios.net\/index.php\/bradesco-saude\/","title":{"rendered":"Bradesco Sa\u00fade"},"content":{"rendered":"<h1>Plano de Sa\u00fade Bradesco<\/h1>\n<p>Desde 1984 na \u00e1rea da sa\u00fade, a Bradesco Sa\u00fade se destacou entre as demais concorrentes e se tornou l\u00edder no mercado de sa\u00fade suplementar brasileiro. O destaque dado para \u00e0s necessidades dos Benefici\u00e1rios e \u00e0 parceria com a rede diferenciada fizeram com que a seguradora chegasse no patamar que est\u00e1 hoje.<\/p>\n<p>A empresa transmite um sentimento de acolhimento e harmonia, pois seus planos e benef\u00edcios s\u00e3o todos visados para o bem-estar dos clientes. Os seguros cont\u00eam benef\u00edcios e diferenciais espec\u00edficos que se adequam a seus segurados.<\/p>\n<p>Atuando de norte a sul e de leste a oeste, a Bradesco Sa\u00fade est\u00e1 presente em todo o territ\u00f3rio brasileiro com os principais produtos para o setor empresarial. Hoje em dia, s\u00e3o mais de 3,8 milh\u00f5es de Benefici\u00e1rios, sendo que, 96% deles s\u00e3o de planos coletivos.<\/p>\n<p>Confiabilidade, determina\u00e7\u00e3o e capacidade podem definir a Bradesco Sa\u00fade, al\u00e9m de contar com a tradi\u00e7\u00e3o, qualidade e excel\u00eancia do Grupo Bradesco.<\/p>\n<p>\u00a0<\/p>\n<h2>Plano de Sa\u00fade Bradesco &#8211; Fam\u00edlia<\/h2>\n<p>A Bradesco Sa\u00fade disponibiliza planos de sa\u00fade para voc\u00ea e sua fam\u00edlia, com uma ampla rede de hospitais, clinicas e laborat\u00f3rios por todo o territ\u00f3rio nacional, garantindo prote\u00e7\u00e3o e tranquilidade.<\/p>\n<p>Os benef\u00edcios e coberturas especiais dos planos da Bradesco Sa\u00fade oferecem livre escolha de prestadores, reembolsando (dentro dos limites do contrato) as despesas m\u00e9dicas e hospitalares.<\/p>\n<p>Com a Bradesco Sa\u00fade, voc\u00ea pode escolher um excelente plano de sa\u00fade com condi\u00e7\u00f5es diferenciadas, flexibilidade de escolha de rede credenciada, reembolsos, descontos em medicamentos, clube de vantagens, contrata\u00e7\u00e3o conjugada ao plano odontol\u00f3gico, programas de preven\u00e7\u00e3o \u00e0 sa\u00fade tudo isso para garantir qualidade e bem-estar para voc\u00ea e sua fam\u00edlia.<\/p>\n<p>\u00a0<\/p>\n<h2>Plano de Sa\u00fade Bradesco &#8211; Empresarial<\/h2>\n<p>O seguro sa\u00fade \u00e9 um benef\u00edcio diferencial e cada vez mais valorizado para a reten\u00e7\u00e3o e atra\u00e7\u00e3o de talentos para a empresa, pensando nisso, a Bradesco Sa\u00fade, oferece planos de sa\u00fade com coberturas, condi\u00e7\u00f5es e custos vantajosos para tornar a empresa cada vez mais produtiva, oferecendo mais conforto, bem-estar e seguran\u00e7a para os colaboradores.<\/p>\n<p>A Bradesco Sa\u00fade possui planos adaptados ao perfil de cada Empresa, oferecendo planos de sa\u00fade empresariais em 4 modalidades de contrata\u00e7\u00e3o:<\/p>\n<p>SPG 3- Empresas de 3 a 29 vidas<\/p>\n<p>SPG 30- Empresas de 30 a 99 vidas<\/p>\n<p>SPG 100-Empresas de 100 a 199 vidas<\/p>\n<p>Empresarial-Empresas com mais de 200 vidas<\/p>\n<p>A Bradesco Sa\u00fade oferece solu\u00e7\u00f5es integradas com foco nas necessidades de cada tipo de empresa, apresentando produtos e servi\u00e7os sob medida, que promovem, al\u00e9m do bem-estar dos colaboradores, produtividade financeira em benef\u00edcios, contando com uma equipe especializada e dedicada no processo de contrata\u00e7\u00e3o, implanta\u00e7\u00e3o e administra\u00e7\u00e3o do plano de sa\u00fade, com atendimento r\u00e1pido e humano, al\u00e9m de ferramentas tecnol\u00f3gicas que melhoram a efici\u00eancia operacional, liberando o RH para atuar na gest\u00e3o estrat\u00e9gica e desenvolvimento dos colaboradores.<\/p>\n<p>Veja como a Bradesco Sa\u00fade pode ajudar sua empresa.<\/p>\n<h2>Plano de Sa\u00fade Bradesco &#8211; Produtos<\/h2>\n<p>O seguro sa\u00fade possui planos que se adaptam a cada empresa. Os planos s\u00e3o divididos em tr\u00eas categorias:<\/p>\n<p>Ao total, a Bradesco Sa\u00fade oferece sete planos diferentes no segmento empresarial e cada um deles possui caracter\u00edsticas que se adaptam a diversas empresas.<\/p>\n<p>Tipos de planos:\u00a0<\/p>\n<p>                    <a href=\"#expand-3b6c367\" aria-expanded=\"false\" data-target=\"#expand-3b6c367\" aria-controls=\"expand-3b6c367\"><br \/>\n                        Plano Premium<br \/>\n                    <\/a><\/p>\n<p>Recomendado para empresas que queiram proporcionar cuidados e exclusividades para seus funcion\u00e1rios em todo o Brasil.<\/p>\n<p>                    <a href=\"#expand-45ba4dc\" aria-expanded=\"false\" data-target=\"#expand-45ba4dc\" aria-controls=\"expand-45ba4dc\"><br \/>\n                        Plano Referencial Plus<br \/>\n                    <\/a><\/p>\n<p>Recomendado para clientes que procuram um plano de cobertura regional com uma ampla rede de referenciados. Conta tamb\u00e9m com reembolso no Brasil e no Exterior.<\/p>\n<p>                    <a href=\"#expand-74ea641\" aria-expanded=\"false\" data-target=\"#expand-74ea641\" aria-controls=\"expand-74ea641\"><br \/>\n                        Plano Nacional<br \/>\n                    <\/a><\/p>\n<p>Atendimento de qualidade no pa\u00eds inteiro e benef\u00edcios de uma grande rede de referenciados. Neste plano, as empresas e os colaboradores contam com o melhor padr\u00e3o de reembolso, tanto no Brasil quanto no Exterior.<\/p>\n<p>                    <a href=\"#expand-381da18\" aria-expanded=\"false\" data-target=\"#expand-381da18\" aria-controls=\"expand-381da18\"><br \/>\n                        Plano Nacional Plus<br \/>\n                    <\/a><br \/>\n                Lorem ipsum dolor sit amet, consectetuer adipiscing elit. Aenean commodo ligula eget dolor. Aenean massa. Cum sociis natoque penatibus et magnis dis parturient montes, nascetur ridiculus mus. Donec quam felis, ultricies nec, pellentesque eu, pretium quis, sem. Nulla consequat massa quis enim. Donec pede justo, fringilla vel, aliquet nec, vulputate eget, arcu.<br \/>\n                    <a href=\"#expand-8839097\" aria-expanded=\"false\" data-target=\"#expand-8839097\" aria-controls=\"expand-8839097\"><br \/>\n                        Plano Nacional Flex<br \/>\n                    <\/a><\/p>\n<p>Atendimento no Brasil com servi\u00e7os adequados \u00e0s necessidades dos benefici\u00e1rios.<\/p>\n<p>                    <a href=\"#expand-66ad37a\" aria-expanded=\"false\" data-target=\"#expand-66ad37a\" aria-controls=\"expand-66ad37a\"><br \/>\n                        Plano Efetivo<br \/>\n                    <\/a><\/p>\n<p>Seguro em todo territ\u00f3rio nacional e livre escolha de prestadores que n\u00e3o fazem parte da rede.<\/p>\n<p>Cada plano cont\u00e9m com diferentes modalidades de inclus\u00e3o, op\u00e7\u00f5es de cobertura, acomoda\u00e7\u00f5es, coparticipa\u00e7\u00e3o, forma\u00e7\u00e3o de pre\u00e7o e modalidade pagamento. Todos com o intuito de encontrar o que se encaixa melhor para sua empresa.<\/p>\n<p>Os produtos s\u00e3o criados para beneficiar as empresas e atender as necessidades da melhor forma poss\u00edvel.<\/p>\n<p>                    <a href=\"#expand-3b6c367\" aria-expanded=\"false\" data-target=\"#expand-3b6c367\" aria-controls=\"expand-3b6c367\"><br \/>\n                        Qual o prazo de vig\u00eancia do contrato dos Planos de Sa\u00fade Bradesco\u200b?<br \/>\n                    <\/a><\/p>\n<p>O tempo de vig\u00eancia do contrato \u00e9 de 24 meses, a partir da data estabelecida na Proposta de Seguro, assinada pela Empresa<\/p>\n<p>                    <a href=\"#expand-45ba4dc\" aria-expanded=\"false\" data-target=\"#expand-45ba4dc\" aria-controls=\"expand-45ba4dc\"><br \/>\n                        \u00c9 poss\u00edvel contratar diferentes n\u00edveis de reembolso em um mesmo contrato de um Plano de Sa\u00fade Bradesco<br \/>\n                    <\/a><\/p>\n<p>Sim. O Plano de Sa\u00fade Bradesco oferece esta flexibilidade, conforme as regras de elegibilidade vigentes.<\/p>\n<p>                    <a href=\"#expand-74ea641\" aria-expanded=\"false\" data-target=\"#expand-74ea641\" aria-controls=\"expand-74ea641\"><br \/>\n                        Todos os colaboradores precisam aderir ao Plano de Sa\u00fade Bradesco\u200b?<br \/>\n                    <\/a><\/p>\n<p>Depende do tipo de inclus\u00e3o contratada. A modalidade Compuls\u00f3ria prev\u00ea a inclus\u00e3o de todo o grupo segur\u00e1vel, desde que na totalidade do grupo ou subgrupo definido, e independente do tamanho do quadro de funcion\u00e1rios da Empresa Contratante. Esta op\u00e7\u00e3o \u00e9 v\u00e1lida para os titulares e todos os seus dependentes. J\u00e1 na modalidade Opcional, n\u00e3o h\u00e1 obrigatoriedade de inclus\u00e3o de todo o grupo segur\u00e1vel vinculado \u00e0 Empresa.<\/p>\n<p>                    <a href=\"#expand-381da18\" aria-expanded=\"false\" data-target=\"#expand-381da18\" aria-controls=\"expand-381da18\"><br \/>\n                        No dia da consulta, o segurado dever\u00e1 apresentar alguma autoriza\u00e7\u00e3o especial?<br \/>\n                    <\/a><\/p>\n<p>N\u00e3o. O segurado dever\u00e1 apresentar apenas seu Cart\u00e3o de Identifica\u00e7\u00e3o f\u00edsico ou virtual e um documento oficial com foto. Senhas e autoriza\u00e7\u00f5es pr\u00e9vias para procedimentos de rotina n\u00e3o s\u00e3o necess\u00e1rias. Em caso de procedimentos especiais, o pr\u00f3prio referenciado providenciar\u00e1 a solicita\u00e7\u00e3o da senha a Bradesco Sa\u00fade.<\/p>\n<p>                    <a href=\"#expand-8839097\" aria-expanded=\"false\" data-target=\"#expand-8839097\" aria-controls=\"expand-8839097\"><br \/>\n                        Caso o segurado seja atendido por um m\u00e9dico particular, como ele dever\u00e1 proceder?<br \/>\n                    <\/a><\/p>\n<p>O colaborador poder\u00e1 realizar qualquer procedimento coberto, respeitando as condi\u00e7\u00f5es contratuais. Basta escolher o profissional de interesse, pagar pelos servi\u00e7os utilizados, solicitar a documenta\u00e7\u00e3o necess\u00e1ria e apresentar a Bradesco Sa\u00fade para reembolso, que ser\u00e1 realizado de acordo com os limites estabelecidos no plano contratado. O prazo para o pagamento do reembolso \u00e9 de at\u00e9 30 dias ap\u00f3s o recebimento da documenta\u00e7\u00e3o completa pela Bradesco Sa\u00fade.<\/p>\n<p>                    <a href=\"#expand-66ad37a\" aria-expanded=\"false\" data-target=\"#expand-66ad37a\" aria-controls=\"expand-66ad37a\"><br \/>\n                        Plano Efetivo<br \/>\n                    <\/a><\/p>\n<p>Seguro em todo territ\u00f3rio nacional e livre escolha de prestadores que n\u00e3o fazem parte da rede.<\/p>\n<p>\t\t\t<a href=\"https:\/\/api.whatsapp.com\/send\/?phone=5571992198226&#038;text&#038;type=phone_number&#038;app_absent=0\" target=\"_blank\" rel=\"noopener\">Fa\u00e7a sua cota\u00e7\u00e3o!<\/a><\/p>\n","protected":false},"excerpt":{"rendered":"<p>Plano de Sa\u00fade Bradesco Desde 1984 na \u00e1rea da sa\u00fade, a Bradesco Sa\u00fade se destacou entre as demais concorrentes e se tornou l\u00edder no mercado de sa\u00fade suplementar brasileiro. O destaque dado para \u00e0s necessidades dos Benefici\u00e1rios e \u00e0 parceria com a rede diferenciada fizeram com que a seguradora chegasse no patamar que est\u00e1 hoje. [&hellip;]<\/p>\n","protected":false},"author":2,"featured_media":0,"parent":0,"menu_order":0,"comment_status":"closed","ping_status":"closed","template":"","meta":{"footnotes":""},"class_list":["post-6764","page","type-page","status-publish","hentry"],"_links":{"self":[{"href":"https:\/\/clickbeneficios.net\/index.php\/wp-json\/wp\/v2\/pages\/6764","targetHints":{"allow":["GET"]}}],"collection":[{"href":"https:\/\/clickbeneficios.net\/index.php\/wp-json\/wp\/v2\/pages"}],"about":[{"href":"https:\/\/clickbeneficios.net\/index.php\/wp-json\/wp\/v2\/types\/page"}],"author":[{"embeddable":true,"href":"https:\/\/clickbeneficios.net\/index.php\/wp-json\/wp\/v2\/users\/2"}],"replies":[{"embeddable":true,"href":"https:\/\/clickbeneficios.net\/index.php\/wp-json\/wp\/v2\/comments?post=6764"}],"version-history":[{"count":46,"href":"https:\/\/clickbeneficios.net\/index.php\/wp-json\/wp\/v2\/pages\/6764\/revisions"}],"predecessor-version":[{"id":7375,"href":"https:\/\/clickbeneficios.net\/index.php\/wp-json\/wp\/v2\/pages\/6764\/revisions\/7375"}],"wp:attachment":[{"href":"https:\/\/clickbeneficios.net\/index.php\/wp-json\/wp\/v2\/media?parent=6764"}],"curies":[{"name":"wp","href":"https:\/\/api.w.org\/{rel}","templated":true}]}}