{"id":6766,"date":"2023-05-25T10:10:13","date_gmt":"2023-05-25T13:10:13","guid":{"rendered":"https:\/\/clickbeneficios.net\/?page_id=6766"},"modified":"2023-05-26T22:01:58","modified_gmt":"2023-05-27T01:01:58","slug":"hapvida","status":"publish","type":"page","link":"https:\/\/clickbeneficios.net\/index.php\/hapvida\/","title":{"rendered":"Hapvida"},"content":{"rendered":"<h3>\u00a0<\/h3>\n<h3>SA\u00daDE \u00c9 COISA S\u00c9RIA<\/h3>\n<p>O Grupo Hapvida NotreDame Interm\u00e9dica assume o compromisso de salvar milh\u00f5es de vidas e de proporcionar sa\u00fade acess\u00edvel e de qualidade a cada vez mais pessoas.<br \/>O melhor atendimento para cuidar bem da sua sa\u00fade.<\/p>\n<p>Hapvida \u00e9 a maior operadora de planos de sa\u00fade e a terceira maior de planos odontol\u00f3gicos do Brasil.\u00a0A companhia possui mais de 66 mil funcion\u00e1rios, cerca de 27 mil m\u00e9dicos e 33 mil dentistas. Com a miss\u00e3o de garantir o acesso a sa\u00fade de qualidade a um custo eficiente, a empresa comercializa planos de sa\u00fade e odontol\u00f3gicos e presta servi\u00e7os atrav\u00e9s de rede assistencial pr\u00f3pria composta por 84 hospitais, 75 prontos atendimentos, 294 cl\u00ednicas m\u00e9dicas e 262 centros de diagn\u00f3stico por imagem e coleta laboratorial.<\/p>\n<p>Oferecemos o melhor acolhimento a gera\u00e7\u00f5es de brasileiros ao atuar com responsabilidade, \u00e9tica e comprometimento.<\/p>\n<h2>O Melhor Plano De Sa\u00fade Para Voc\u00ea Ou Sua Empresa<\/h2>\n<p>\u00a0\u00a0<br \/>\n                    <a href=\"#expand-77ef16b\" aria-expanded=\"false\" data-target=\"#expand-77ef16b\" aria-controls=\"expand-77ef16b\"><br \/>\n                        Sobre o Grupo Hapvida NotreDame Interm\u00e9dica<br \/>\n                    <\/a><\/p>\n<p>O Grupo Hapvida NotreDame Interm\u00e9dica \u00e9, hoje, a maior operadora de sa\u00fade do Brasil, com mais 15 milh\u00f5es de benefici\u00e1rios de sa\u00fade e odontologia. Fruto da fus\u00e3o entre o Sistema Hapvida, que come\u00e7ou suas opera\u00e7\u00f5es em 1979 com a inaugura\u00e7\u00e3o do Hospital Antonio Prudente, e a NotreDame Interm\u00e9dica, fundada em 1968 e pioneira em Medicina Preventiva no Pa\u00eds, oferece sa\u00fade integral e odontologia para Clientes empresariais e individuais em todas as regi\u00f5es: Norte, Nordeste, Centro-Oeste, Sudeste e Sul.<\/p>\n<p>Com 18% de participa\u00e7\u00e3o de mercado em planos de sa\u00fade, o Grupo Hapvida NotreDame Interm\u00e9dica \u00e9 uma das maiores empresas verticalizadas do mundo, atuando com intensidade para se consolidar em seu segmento por meio de uma combina\u00e7\u00e3o de crescimento org\u00e2nico e aquisi\u00e7\u00f5es. Com mais de 68 mil colaboradores, cerca de 27 mil m\u00e9dicos e 28 mil dentistas credenciados, tem a miss\u00e3o de garantir o acesso \u00e0 sa\u00fade de qualidade a um custo eficiente.<\/p>\n<p>Conta com rede assistencial pr\u00f3pria composta por 87 hospitais, 76 prontos atendimentos e 329 cl\u00ednicas m\u00e9dicas. Tamb\u00e9m disp\u00f5e aos seus benefici\u00e1rios 275 centros de diagn\u00f3stico por imagem e coleta laboratorial, dos quais cerca de 100 opera\u00e7\u00f5es fazem parte do Laborat\u00f3rio NotreLabs, uma rede nacional com capacidade de processar 4,5 milh\u00f5es de an\u00e1lises cl\u00ednicas e 500 mil exames de imagens por m\u00eas.<\/p>\n<p>Um dos importantes marcos da empresa ocorreu com a abertura de capital, em 2018, quando passou a negociar suas a\u00e7\u00f5es na B3, o que potencializou ainda mais a capacidade de investir em inova\u00e7\u00e3o, tecnologia, processos, infraestrutura e capacita\u00e7\u00e3o de pessoal, sempre tendo como objetivo final a satisfa\u00e7\u00e3o dos benefici\u00e1rios.<\/p>\n<p>A operadora pensa em cada etapa do atendimento m\u00e9dico. Por isso, tem como foco oferecer sempre a melhor experi\u00eancia: agendamento pr\u00e1tico de consultas, atendimento humanizado e Medicina Preventiva, bem como uma gest\u00e3o eficiente da sa\u00fade dos colaboradores das empresas Clientes.<\/p>\n<p>Como parte de sua estrat\u00e9gia, o Grupo Hapvida NotreDame Interm\u00e9dica tamb\u00e9m conta com um time especializado e dedicado que cuida dos aspectos Ambientais, Sociais e de Governan\u00e7a (ASG), buscando perpetuar a sustentabilidade do neg\u00f3cio. Em 2021, por exemplo, pelo segundo ano consecutivo a empresa foi considerada \u201ccarbono neutro\u201d por seu trabalho para a compensa\u00e7\u00e3o de 100% das emiss\u00f5es.<\/p>\n<p>Al\u00e9m disso, os benefici\u00e1rios, dentistas, corretores e corpo cl\u00ednico do Grupo Hapvida NotreDame Interm\u00e9dica t\u00eam acesso a clubes de vantagens e descontos em drogarias e parceiros dos segmentos de compras on-line, educa\u00e7\u00e3o e cursos, entretenimento, sa\u00fade e bem-estar, com\u00e9rcio, servi\u00e7os, viagens e produtos odontol\u00f3gicos.<\/p>\n<p>                    <a href=\"#expand-7f4e672\" aria-expanded=\"false\" data-target=\"#expand-7f4e672\" aria-controls=\"expand-7f4e672\"><br \/>\n                        Sobre \u00e0 Hapvida<br \/>\n                    <\/a><br \/>\n                O sistema de medicina e odontologia que mais cresce no Brasil<\/p>\n<p>A hist\u00f3ria do Hapvida Sa\u00fade vem de 1979, quando o m\u00e9dico oncologista C\u00e2ndido Pinheiro de Lima come\u00e7ou a realizar um grande sonho: o Hospital Antonio Prudente. Desde o in\u00edcio das opera\u00e7\u00f5es, at\u00e9 os dias de hoje, a unidade \u00e9 considerada uma das mais importantes de Fortaleza.<\/p>\n<p>Na sequ\u00eancia, o doutor C\u00e2ndido criou o Hapvida Sa\u00fade, plano moderno e acess\u00edvel, com produtos diferenciados, que, desde o lan\u00e7amento, em 1993, conquistou o mercado do Cear\u00e1. Com o plano de sa\u00fade, vieram a Cl\u00ednica de Diagn\u00f3stico Vida&amp; Imagem, o Laborat\u00f3rio Ant\u00f4nio Prudente e as Hapcl\u00ednicas. Tudo para oferecer atendimento r\u00e1pido e qualidade de servi\u00e7os para seus associados.<\/p>\n<p>Com mais de 7,4 milh\u00f5es de clientes, o Sistema Hapvida hoje se posiciona como um dos maiores sistemas de sa\u00fade suplementar do Brasil presente em todas as regi\u00f5es do pa\u00eds, gerando emprego e renda para a sociedade. Fazem parte do Sistema as operadoras do Grupo S\u00e3o Francisco, RN Sa\u00fade, Medical, Grupo S\u00e3o Jos\u00e9 Sa\u00fade, al\u00e9m da operadora Hapvida e da healthtech Maida. Atua com mais de 38 mil colaboradores diretos envolvidos na opera\u00e7\u00e3o, mais de 15 mil m\u00e9dicos e mais de 15 mil dentistas. Os n\u00fameros superlativos mostram o sucesso de uma estrat\u00e9gia baseada na gest\u00e3o direta da opera\u00e7\u00e3o e nos constantes investimentos: atualmente s\u00e3o 47 hospitais, 203 cl\u00ednicas m\u00e9dicas, 49 prontos atendimentos, 176 centros de diagn\u00f3stico por imagem e coleta laboratorial.<\/p>\n<p>O Hapvida Sistema de Sa\u00fade alia tecnologia e humaniza\u00e7\u00e3o, sempre em busca do melhor para seus clientes. Para manter essa performance, aposta no desenvolvimento, realiza inova\u00e7\u00f5es constantes, al\u00e9m investimento na infraestrutura e capacita\u00e7\u00e3o de pessoal.<\/p>\n<p>                    <a href=\"#expand-78818ae\" aria-expanded=\"false\" data-target=\"#expand-78818ae\" aria-controls=\"expand-78818ae\"><br \/>\n                        Sobre \u00e0 NotreDame Interm\u00e9dica<br \/>\n                    <\/a><br \/>\n                Melhores solu\u00e7\u00f5es em sa\u00fade e odontologia<\/p>\n<p>A NotreDame Interm\u00e9dica \u00e9, atualmente, a maior operadora de sa\u00fade do Brasil, com 7,6 milh\u00f5es de benefici\u00e1rios. Fundado em 1968, \u00e9 pioneiro em Medicina Preventiva, \u00e1rea em que atua desde 1982 por meio da promo\u00e7\u00e3o de programas estruturados que oferecem sa\u00fade integral e odontologia para clientes empresariais.<br \/>A abertura de capital na B3, em 2018, potencializou a capacidade de investimentos em inova\u00e7\u00e3o, tecnologia, processos e infraestrutura, sempre tendo como objetivo final a satisfa\u00e7\u00e3o plena dos benefici\u00e1rios. O movimento tamb\u00e9m impulsionou a estrat\u00e9gia de verticaliza\u00e7\u00e3o do GNDI, tornando aquisi\u00e7\u00f5es constantes nos \u00faltimos anos, ampliando a atua\u00e7\u00e3o geogr\u00e1fica com opera\u00e7\u00f5es pr\u00f3prias, sempre com o objetivo de oferecer sa\u00fade de qualidade a custos mais acess\u00edveis para gera\u00e7\u00f5es de brasileiros.<br \/>As opera\u00e7\u00f5es com Rede Pr\u00f3pria, que antes eram concentradas nos Estados de S\u00e3o Paulo e Rio de Janeiro, foram expandidas para Santa Catarina, Paran\u00e1 e Minas Gerais, resultando na cria\u00e7\u00e3o de duas filiais: o GNDI Sul e o GNDI Minas, que contemplam duas das regi\u00f5es mais populosas do Brasil.<\/p>\n<p>Rede Pr\u00f3pria certificada<br \/>A Companhia se distingue por oferecer ampla Rede Pr\u00f3pria: uma estrutura de atendimento com 34 hospitais, 87 Centros Cl\u00ednicos, 25 Prontos-Socorros Aut\u00f4nomos, 17 Centros de Medicina Preventiva, 12 Unidades para exames de imagem, 72 pontos de coleta de an\u00e1lises cl\u00ednicas e 3 Centros de Sa\u00fade exclusivamente dedicados ao p\u00fablico 50+ (NotreLife 50+).<br \/>Tamb\u00e9m faz parte da estrutura o NotreLabs, rede de laborat\u00f3rio com capilaridade de mais de 100 opera\u00e7\u00f5es, distribu\u00eddas nas regi\u00f5es Sudeste e Sul, com capacidade para processar 4,5 milh\u00f5es de an\u00e1lises cl\u00ednicas e 500 mil exames de imagens por m\u00eas (NTO). S\u00e3o 12 Unidades de exames de imagem e 72 pontos de coleta de an\u00e1lises cl\u00ednicas.<\/p>\n<style>\/*! elementor - v3.13.3 - 22-05-2023 *\/\n.elementor-column .elementor-spacer-inner{height:var(--spacer-size)}.e-con{--container-widget-width:100%}.e-con-inner>.elementor-widget-spacer,.e-con>.elementor-widget-spacer{width:var(--container-widget-width,var(--spacer-size));--align-self:var(--container-widget-align-self,initial);--flex-shrink:0}.e-con-inner>.elementor-widget-spacer>.elementor-widget-container,.e-con-inner>.elementor-widget-spacer>.elementor-widget-container>.elementor-spacer,.e-con>.elementor-widget-spacer>.elementor-widget-container,.e-con>.elementor-widget-spacer>.elementor-widget-container>.elementor-spacer{height:100%}.e-con-inner>.elementor-widget-spacer>.elementor-widget-container>.elementor-spacer>.elementor-spacer-inner,.e-con>.elementor-widget-spacer>.elementor-widget-container>.elementor-spacer>.elementor-spacer-inner{height:var(--container-widget-height,var(--spacer-size))}<\/style>\n<h4 style=\"text-align: left;\">Sobre o Grupo Hapvida &amp; NotreDame Interm\u00e9dica<\/h4>\n<p>https:\/\/www.youtube.com\/watch?v=C4SEdvV7TxI\t\t<\/p>\n<h4>Juntas, possuem um das maiores redes de atendimento do pa\u00eds.<\/h4>\n<h4>Conhe\u00e7a nossos planos:<\/h4>\n<p>Planos para voc\u00ea e sua fam\u00edlia.<\/p>\n<p>Confira as melhores condi\u00e7\u00f5es com nossa equipe!<\/p>\n<p>\t\t\t<a href=\"https:\/\/api.whatsapp.com\/send\/?phone=5571992198226&#038;text&#038;type=phone_number&#038;app_absent=0\" target=\"_blank\" rel=\"noopener\">Fa\u00e7a sua cota\u00e7\u00e3o!<\/a><\/p>\n","protected":false},"excerpt":{"rendered":"<p>\u00a0 SA\u00daDE \u00c9 COISA S\u00c9RIA O Grupo Hapvida NotreDame Interm\u00e9dica assume o compromisso de salvar milh\u00f5es de vidas e de proporcionar sa\u00fade acess\u00edvel e de qualidade a cada vez mais pessoas.O melhor atendimento para cuidar bem da sua sa\u00fade. Hapvida \u00e9 a maior operadora de planos de sa\u00fade e a terceira maior de planos odontol\u00f3gicos [&hellip;]<\/p>\n","protected":false},"author":2,"featured_media":0,"parent":0,"menu_order":0,"comment_status":"closed","ping_status":"closed","template":"","meta":{"footnotes":""},"class_list":["post-6766","page","type-page","status-publish","hentry"],"_links":{"self":[{"href":"https:\/\/clickbeneficios.net\/index.php\/wp-json\/wp\/v2\/pages\/6766","targetHints":{"allow":["GET"]}}],"collection":[{"href":"https:\/\/clickbeneficios.net\/index.php\/wp-json\/wp\/v2\/pages"}],"about":[{"href":"https:\/\/clickbeneficios.net\/index.php\/wp-json\/wp\/v2\/types\/page"}],"author":[{"embeddable":true,"href":"https:\/\/clickbeneficios.net\/index.php\/wp-json\/wp\/v2\/users\/2"}],"replies":[{"embeddable":true,"href":"https:\/\/clickbeneficios.net\/index.php\/wp-json\/wp\/v2\/comments?post=6766"}],"version-history":[{"count":61,"href":"https:\/\/clickbeneficios.net\/index.php\/wp-json\/wp\/v2\/pages\/6766\/revisions"}],"predecessor-version":[{"id":7399,"href":"https:\/\/clickbeneficios.net\/index.php\/wp-json\/wp\/v2\/pages\/6766\/revisions\/7399"}],"wp:attachment":[{"href":"https:\/\/clickbeneficios.net\/index.php\/wp-json\/wp\/v2\/media?parent=6766"}],"curies":[{"name":"wp","href":"https:\/\/api.w.org\/{rel}","templated":true}]}}