{"id":6768,"date":"2023-05-25T10:10:53","date_gmt":"2023-05-25T13:10:53","guid":{"rendered":"https:\/\/clickbeneficios.net\/?page_id=6768"},"modified":"2023-05-26T21:54:39","modified_gmt":"2023-05-27T00:54:39","slug":"porto-seguro","status":"publish","type":"page","link":"https:\/\/clickbeneficios.net\/index.php\/porto-seguro\/","title":{"rendered":"Porto Seguro"},"content":{"rendered":"<section id=\"section-5-93\">\n<h1>Plano de sa\u00fade &#8211; Porto Seguro<\/h1>\n<p>A hist\u00f3ria da Porto Seguro come\u00e7ou em 1945, com seus 50 funcion\u00e1rios. Hoje, \u00e9 uma das maiores seguradoras do Brasil e j\u00e1 conta com quase 13 mil colaboradores, al\u00e9m de mais de 36 mil corretores parceiros que ajudam a encontrar os produtos e coberturas ideais para os mais de 10 milh\u00f5es de clientes distribu\u00eddos por todo o pa\u00eds.<\/p>\n<p>O Grupo Porto Seguro \u00e9 composto por mais de 27 empresas e disponibiliza mais de 50 produtos e servi\u00e7os para atender as demandas e necessidades de pessoas f\u00edsicas e empresas.<\/p>\n<p>A miss\u00e3o da Porto Seguro \u00e9 oferecer um atendimento familiar para trazer solu\u00e7\u00f5es com mais agilidade, sempre trabalhando com um custo-benef\u00edcio muito competitivo para superar as expectativas dos clientes. E tudo isso sem deixar de lado o nosso compromisso com a responsabilidade social e ambiental.<\/p>\n<\/section>\n<section id=\"section-9-93\">\n<h2>Para voc\u00ea e sua fam\u00edlia\u00a0<\/h2>\n<p>Com a Porto Seguro Sa\u00fade voc\u00ea tem uma assist\u00eancia de alta qualidade para cuidar da sua sa\u00fade e bem-estar, e tamb\u00e9m da sua fam\u00edlia. S\u00e3o planos que oferecem uma grande rede de cl\u00ednicas, laborat\u00f3rios e hospitais, que voc\u00ea encontra em todo o territ\u00f3rio nacional.<\/p>\n<p>Al\u00e9m de poder contar com essa assist\u00eancia, a Porto Seguro traz mais prote\u00e7\u00e3o e tranquilidade para voc\u00eas por meio das parcerias que formam uma ampla rede referenciada. Com isso, voc\u00ea tem total liberdade para escolher os estabelecimentos e profissionais onde vai cuidar da sua sa\u00fade.<\/p>\n<p>Al\u00e9m de contar com a assist\u00eancia em todo o territ\u00f3rio brasileiro, com os planos de sa\u00fade da Porto Seguro voc\u00ea tem acesso a diversas coberturas para personalizar o seu plano conforme suas necessidades.<\/p>\n<p>\u00c9 assim que a Porto Seguro ajuda voc\u00ea a manter um cuidado integral com a sua sa\u00fade, tendo a grande vantagem de aproveitar condi\u00e7\u00f5es diferenciadas com custos que cabem no bolso e outras facilidades e benef\u00edcios.<\/p>\n<p>Com a Porto Seguro voc\u00ea cuida de voc\u00ea e da sua fam\u00edlia com procedimentos e tratamentos de alta qualidade que utilizam tecnologia de ponta. E ainda, pode fazer a contrata\u00e7\u00e3o do seu plano de sa\u00fade de acordo com o seu pr\u00f3prio perfil de segurado, escolhendo entre diversas op\u00e7\u00f5es de produtos.<\/p>\n<\/section>\n<section id=\"section-18-93\">\n<h2>Pra voc\u00ea e sua Empresa<\/h2>\n<p>A oferta de benef\u00edcios \u00e9 uma estrat\u00e9gia importante para que as empresas tenham colaboradores mais satisfeitos, engajados e produtivos. Um dos mais valorizados atualmente \u00e9 o plano de sa\u00fade. Ele traz vantagens tanto para o colaborador quanto para a pr\u00f3pria empresa.<\/p>\n<p>O plano de sa\u00fade contribui para a preven\u00e7\u00e3o de diversos problemas e doen\u00e7as, tanto relacionados ao estilo de vida quanto ao pr\u00f3prio ambiente laboral. Sendo assim, \u00e9 um aliado da empresa na hora de manter a integridade, o bem-estar e a qualidade de vida da sua equipe.<\/p>\n<p>Fazendo esse tipo de preven\u00e7\u00e3o e o tratamento de condi\u00e7\u00f5es pr\u00e9-existentes, cultiva um time mais saud\u00e1vel e alcan\u00e7a a preven\u00e7\u00e3o de acidentes, absente\u00edsmo e afastamentos. Ao mesmo tempo, tem uma melhor produtividade e maior qualidade das entregas, tanto pela boa disposi\u00e7\u00e3o para o trabalho quanto pela maior produtividade dos colaboradores.<\/p>\n<p>Voc\u00ea pode contar com a Porto Seguro para oferecer esse benef\u00edcio estrat\u00e9gico para os seus colaboradores, tornando a sua empresa muito mais competitiva no mercado e atrativa para os grandes talentos.<\/p>\n<p>Os planos de sa\u00fade empresariais da Porto Seguro s\u00e3o flex\u00edveis e podem ser personalizados de acordo com as demandas e necessidades de cada empresa, conforme riscos envolvidos e o porte da organiza\u00e7\u00e3o.<\/p>\n<p>As coberturas dos planos de sa\u00fade empresariais da Porto Seguro tamb\u00e9m s\u00e3o as mais diversas. Voc\u00ea pode personalizar o contrato escolhendo entre os servi\u00e7os que melhor atendem \u00e0s necessidades da sua equipe.<\/p>\n<p>Todos os planos da Porto Seguro trazem condi\u00e7\u00f5es diferenciadas para uma contrata\u00e7\u00e3o facilitada e de acordo com aquilo que o seu neg\u00f3cio precisa.<\/p>\n<\/section>\n<h2>Planos Porto Seguro<\/h2>\n<p>Com mais de 70 anos de tradi\u00e7\u00e3o no mercado de seguros do Brasil, a Porto Seguro \u00e9 uma das maiores seguradoras do Pa\u00eds e vem se destacando por trabalhar com excel\u00eancia em todos os segmentos em que atua, sendo um conglomerado de empresas no ramo de seguros.<\/p>\n<p>Para contrata\u00e7\u00e3o do Seguro Sa\u00fade da Porto existem duas modalidades:<\/p>\n<p>Op\u00e7\u00f5es de planos adequados \u00e0s necessidades.<\/p>\n<p>Al\u00e9m do padr\u00e3o de acomoda\u00e7\u00e3o, a diferen\u00e7a entre os planos est\u00e1 na quantidade de prestadores dispon\u00edveis, nos m\u00faltiplos de reembolso e na coparticipa\u00e7\u00e3o (se houver).<\/p>\n<p>                    <a href=\"#expand-ab95051\" aria-expanded=\"false\" data-target=\"#expand-ab95051\" aria-controls=\"expand-ab95051\"><br \/>\n                        Diferenciais de todos os planos<br \/>\n                    <\/a><\/p>\n<p><strong>VANTAGENS E BENEF\u00cdCIOS<\/strong><\/p>\n<ul>\n<li>TRADI\u00c7\u00c3O E QUALIDADE Porto Seguro;<\/li>\n<li>COBERTURAS extra rol;<\/li>\n<li>Gest\u00e3o M\u00c9DICA e de ATENDIMENTO ;<\/li>\n<li>DIVERSIDADE de produtos;<\/li>\n<li>AGILIDADE e FLEXIBILIDADE (reembolsos, libera\u00e7\u00e3ode procedimentos, n\u00edveis de reembolso, etc.);<\/li>\n<li>Programas de QUALIDADE DE VIDA e de PROMO\u00c7\u00c3O DA SA\u00daDE ;<\/li>\n<li>LIVRE ESCOLHA (reembolso);<\/li>\n<li>Canais de consulta \u00e0 REDE REFERENCIADA: App, WEB, WAP, Canal de voz, Cat\u00e1logo, Central de Atendimento, Chatbot;<\/li>\n<li>MAPEAMENTO de risco;<\/li>\n<li>TORTPEDO de REEMBOLSO e interna\u00e7\u00f5es eletivas;<\/li>\n<li>BAIXO \u00cdNDICE de RECLAMA\u00c7\u00d5ES;<\/li>\n<li>Ampla REDE REFERENCIADA;<\/li>\n<li>DESCONTOS em farm\u00e1cias;<\/li>\n<li>PORTAL DO REEMBOLSO e ACOMPANHAMENTO;<\/li>\n<li>LIBERA\u00c7\u00c3O de procedimentos PELO APP;<\/li>\n<li>Atendimento Psicol\u00f3gico ONLINE ;<\/li>\n<li>AL\u00d4 SA\u00daDE &#8211; orienta\u00e7\u00e3o m\u00e9dica 24h, 7 dias da semana por v\u00eddeo chamada;<\/li>\n<li>DESCONTO DE 50% para o segurado + acompanhante no valor do ingresso no Teatro Porto Seguro.<\/li>\n<li>UNIDADES M\u00c9DICAS DAVITA.<\/li>\n<li>COLETA DE MATERIAL PARA EXAMES sem sair de casa, e com isen\u00e7\u00e3o de taxa (consultar abrang\u00eancia).<\/li>\n<\/ul>\n<p>                    <a href=\"#expand-559fa3b\" aria-expanded=\"false\" data-target=\"#expand-559fa3b\" aria-controls=\"expand-559fa3b\"><br \/>\n                        Diferenciais Plano Ouro<br \/>\n                    <\/a><\/p>\n<p><strong>VANTAGENS E BENEF\u00cdCIOS<\/strong><\/p>\n<ul>\n<li>Produto Ouro com o hospital OSWALDO CRUZ e DELBONI PRIME;<\/li>\n<li>FAM\u00cdLIA OURO MAX com Laborat\u00f3rio Alta e Hospital S\u00edrio Liban\u00eas* (*Equipe m\u00e9dica n\u00e3o referenciada).<\/li>\n<li>OURO MAIS e OURO MAX com seguro viagem.<\/li>\n<\/ul>\n<p>                    <a href=\"#expand-71e3cf1\" aria-expanded=\"false\" data-target=\"#expand-71e3cf1\" aria-controls=\"expand-71e3cf1\"><br \/>\n                        Diferenciais Diamante<br \/>\n                    <\/a><\/p>\n<p><strong>VANTAGENS E BENEF\u00cdCIOS<\/strong><\/p>\n<ul>\n<li>Coleta Domiciliar de Exames<\/li>\n<li>Cirurgias refrativas, sem limita\u00e7\u00e3o de grau (<em>Miopia e\/ou Astigmatismo<\/em>)<\/li>\n<li>Reembolso para consultas e exames simples em at\u00e9 48h \u00fateis;<\/li>\n<li>Suporte \u00e0 marca\u00e7\u00e3o de exames especiais que necessitam de autoriza\u00e7\u00e3o pr\u00e9via;<\/li>\n<li>Cobertura de Reembolso para vacinas predefinidas<\/li>\n<li>Remo\u00e7\u00e3o de ambul\u00e2ncia<\/li>\n<li>Sala VIP e equipe de retaguarda no hospital Israelita Albert Einstein em SP;<\/li>\n<li>Coleta de documentos para reembolso<\/li>\n<li>Check-UP sob consulta com valores diferenciados<\/li>\n<li>Apoio ao viajante<\/li>\n<li>Descontos em servi\u00e7os da Porto Faz<\/li>\n<li>Seguro viagem (Exterior e Brasil)<\/li>\n<li>Passageiro sa\u00fade transporte exclusivo para realiza\u00e7\u00e3o de consultas e exames.<\/li>\n<li>Remo\u00e7\u00e3o com servi\u00e7os de ambul\u00e2ncia para remo\u00e7\u00f5es simples<\/li>\n<li>Welcome Baby aplica\u00e7\u00e3o de vacina BCG e Teste do pezinho ampliado nas principais maternidades de SP<\/li>\n<li>Welcome Home disponibiliza\u00e7\u00e3o de equipamentos especiais ou procedimentos m\u00e9dicos<\/li>\n<li>Delboni Prime espa\u00e7o moderno e aconchegante com atendimento dedicado, r\u00e1pido e personalizado<\/li>\n<li>Einsten Conecta tire suas d\u00favidas m\u00e9dicas e obtenha orienta\u00e7\u00e3o profissional pelo celular, tablet ou computador (<em>24h por dia, 7 dias por semana<\/em>)<\/li>\n<li>Atendimento nos principais hospitais da Rede S\u00e3o Paulo: na retaguarda, n\u00e3o haver\u00e1 cobran\u00e7a particular, exceto se o paciente acionar seu m\u00e9dico<\/li>\n<li>PRONTO SOCORRO ATENDIMENTOS DE URG\u00caNCIAS: Hospital Albert Einstein, Hospital Alem\u00e3o Oswaldo Cruz, Hospital S\u00edrio Liban\u00eas &#8211; cobertura pela Porto Seguro, de acordo com unidades de atendimento e especialidades de cada uma.<\/li>\n<li>INTERNA\u00c7\u00c3O: Eletivas (com data marcada): haver\u00e1 cobran\u00e7a de honor\u00e1rios m\u00e9dicos particulares, com exce\u00e7\u00e3o aos casos em que a equipe m\u00e9dica for credenciada da Porto Seguro.<\/li>\n<li>Urgentes(entrada via pronto-socorro): haver\u00e1 cobran\u00e7a de honor\u00e1rios m\u00e9dicos, salvo aqueles casos que forem decorrentes de especialidades cadastradas nos respectivos prontos-socorros.<\/li>\n<\/ul>\n<h4 style=\"text-align: center;\">Perguntas Frequentes<\/h4>\n<p>\t\t\t<a href=\"https:\/\/api.whatsapp.com\/send\/?phone=5571992198226&#038;text&#038;type=phone_number&#038;app_absent=0\" target=\"_blank\" rel=\"noopener\">Fa\u00e7a sua cota\u00e7\u00e3o!<\/a><\/p>\n","protected":false},"excerpt":{"rendered":"<p>Plano de sa\u00fade &#8211; Porto Seguro A hist\u00f3ria da Porto Seguro come\u00e7ou em 1945, com seus 50 funcion\u00e1rios. Hoje, \u00e9 uma das maiores seguradoras do Brasil e j\u00e1 conta com quase 13 mil colaboradores, al\u00e9m de mais de 36 mil corretores parceiros que ajudam a encontrar os produtos e coberturas ideais para os mais de [&hellip;]<\/p>\n","protected":false},"author":2,"featured_media":0,"parent":0,"menu_order":0,"comment_status":"closed","ping_status":"closed","template":"","meta":{"footnotes":""},"class_list":["post-6768","page","type-page","status-publish","hentry"],"_links":{"self":[{"href":"https:\/\/clickbeneficios.net\/index.php\/wp-json\/wp\/v2\/pages\/6768","targetHints":{"allow":["GET"]}}],"collection":[{"href":"https:\/\/clickbeneficios.net\/index.php\/wp-json\/wp\/v2\/pages"}],"about":[{"href":"https:\/\/clickbeneficios.net\/index.php\/wp-json\/wp\/v2\/types\/page"}],"author":[{"embeddable":true,"href":"https:\/\/clickbeneficios.net\/index.php\/wp-json\/wp\/v2\/users\/2"}],"replies":[{"embeddable":true,"href":"https:\/\/clickbeneficios.net\/index.php\/wp-json\/wp\/v2\/comments?post=6768"}],"version-history":[{"count":16,"href":"https:\/\/clickbeneficios.net\/index.php\/wp-json\/wp\/v2\/pages\/6768\/revisions"}],"predecessor-version":[{"id":7381,"href":"https:\/\/clickbeneficios.net\/index.php\/wp-json\/wp\/v2\/pages\/6768\/revisions\/7381"}],"wp:attachment":[{"href":"https:\/\/clickbeneficios.net\/index.php\/wp-json\/wp\/v2\/media?parent=6768"}],"curies":[{"name":"wp","href":"https:\/\/api.w.org\/{rel}","templated":true}]}}