{"id":6770,"date":"2023-05-25T10:11:37","date_gmt":"2023-05-25T13:11:37","guid":{"rendered":"https:\/\/clickbeneficios.net\/?page_id=6770"},"modified":"2023-05-25T21:11:59","modified_gmt":"2023-05-26T00:11:59","slug":"sulamerica","status":"publish","type":"page","link":"https:\/\/clickbeneficios.net\/index.php\/sulamerica\/","title":{"rendered":"SulAm\u00e9rica"},"content":{"rendered":"<section id=\"section-5-93\">\n<h1>Plano de sa\u00fade &#8211; SulAm\u00e9rica<\/h1>\n<p>Com 120 anos de hist\u00f3ria, a SulAm\u00e9rica Seguros, Previd\u00eancia, Investimentos e Capitaliza\u00e7\u00e3o, \u00e9 o maior grupo segurador independente do Brasil e no mercado \u00e9 vista como uma das empresas mais consolidadas e mais confi\u00e1veis. Atualmente, a SulAm\u00e9rica conta com mais de 7 milh\u00f5es de clientes, al\u00e9m de mais de 30 mil corretores.<\/p>\n<p>Reconhecida pela Gest\u00e3o de Sa\u00fade, a operadora \u00e9 vista com excel\u00eancia no segmento. Agilidade, honestidade, diversifica\u00e7\u00e3o de produtos e investimento em alta tecnologia s\u00e3o algumas das marcas principais da empresa, oferecendo as melhores oportunidades para os clientes.<\/p>\n<\/section>\n<section id=\"section-9-93\">\n<h2>Para voc\u00ea e sua fam\u00edlia\u00a0<\/h2>\n<p>A SulAm\u00e9rica Sa\u00fade oferece os melhores planos de sa\u00fade para voc\u00ea e sua fam\u00edlia. Com o objetivo de proporcionar qualidade de vida e bem estar, o seguro sa\u00fade SulAm\u00e9rica conta com uma vasta e qualificada rede de hospitais, clinicas e laborat\u00f3rios por todo o territ\u00f3rio nacional, garantindo prote\u00e7\u00e3o e tranquilidade.<\/p>\n<p>Os produtos SulAm\u00e9rica Sa\u00fade disponibilizam planos com abrang\u00eancia nacional, ofertando al\u00e9m da rede credenciada, livre escolha para que seu atendimento seja feito em algum prestador de sua prefer\u00eancia, atrav\u00e9s de reembolso, dentro dos limites do contrato.<\/p>\n<p>Com a SulAm\u00e9rica Sa\u00fade, al\u00e9m de ter um excelente plano de sa\u00fade com condi\u00e7\u00f5es diferenciadas de custos e coberturas, as vantagens n\u00e3o param por ai: segurado SulAm\u00e9rica Sa\u00fade tem reembolsos, descontos em medicamentos, coberturas adicionais \u00e0 lei, possibilidade de contrata\u00e7\u00e3o do plano odontol\u00f3gico e programas de preven\u00e7\u00e3o \u00e0 sa\u00fade. Tudo isso para garantir qualidade e bem-estar para voc\u00ea e sua fam\u00edlia, afinal, quem tem SulAm\u00e9rica Sa\u00fade, t\u00e1 com tudo.<\/p>\n<p>Confira como a SulAm\u00e9rica pode auxiliar na hora de escolher, contratar e usar seu plano de sa\u00fade:<\/p>\n<\/section>\n<p>Aproveitamento de car\u00eancias (conforme regras de comercializa\u00e7\u00e3o vigentes)<\/p>\n<p>Conforme o perfil do segurado, SulAm\u00e9rica Sa\u00fade disponibiliza uma gama de produtos que facilitam a escolha na hora da contrata\u00e7\u00e3o do plano de sa\u00fade.<\/p>\n<h2>Pra voc\u00ea e sua Empresa<\/h2>\n<p>Um dos benef\u00edcios mais valorizados atualmente pelos colaboradores nas empresas \u00e9 o plano de sa\u00fade, j\u00e1 que garante aos funcion\u00e1rios e familiares tranquilidade, bem-estar, sa\u00fade e seguran\u00e7a. Ao oferecer o plano de sa\u00fade, a empresa consegue reter e atrair talentos, melhorando o ambiente de trabalho, reduzindo o absente\u00edsmo, que reverter\u00e1 para a empresa em uma produtividade maior, tornando-a mais competitiva no mercado.<\/p>\n<p>A SulAm\u00e9rica Sa\u00fade atenta as necessidades de cada empresa, oferece planos de sa\u00fade empresariais em 3 modalidades de contrata\u00e7\u00e3o:<\/p>\n<p>Independente do tamanho da sua empresa, a SulAm\u00e9rica Sa\u00fade disponibiliza planos de sa\u00fade com condi\u00e7\u00f5es diferenciadas de contrata\u00e7\u00e3o, incluindo a possibilidade de conjugar o plano de sa\u00fade com o plano odontol\u00f3gico, com servi\u00e7os e coberturas adicionais e custos reduzidos.<\/p>\n<p>Ao contratar os planos da SulAm\u00e9rica Sa\u00fade, a empresa tem acesso \u00e0:<\/p>\n<p>Com a SulAmerica Sa\u00fade os colaboradores da empresa ter\u00e3o acesso as coberturas de:<\/p>\n<p>O bem-estar dos funcion\u00e1rios \u00e9 fundamental para o sucesso da sua empresa. Por isso, conte com SulAm\u00e9rica Sa\u00fade na hora de oferecer assist\u00eancia e prote\u00e7\u00e3o.<\/p>\n<p>S\u00e3o v\u00e1rios tipos de planos para atender voc\u00ea e sua equipe com a qualidade que voc\u00eas merecem.<\/p>\n<h2>Planos de Sa\u00fade SulAm\u00e9rica<\/h2>\n<p>A SulAm\u00e9rica oferece duas op\u00e7\u00f5es de planos de sa\u00fade:<\/p>\n<p>Nestes dois planos, os clientes podem escolher entre o plano prestige, executivo, especial 100, cl\u00e1ssico, cl\u00e1ssico, exato e exato.<\/p>\n<p>Os segurados tamb\u00e9m contam com uma rede referenciada, com atendimento nacional realizado por profissionais qualificados, em cl\u00ednicas, consult\u00f3rios, centros diagn\u00f3sticos, hospitais e v\u00e1rias outras op\u00e7\u00f5es de atendimento.<\/p>\n<p>Al\u00e9m do padr\u00e3o de acomoda\u00e7\u00e3o, a diferen\u00e7a entre os planos est\u00e1 na quantidade de prestadores dispon\u00edveis, nos m\u00faltiplos de reembolso e na coparticipa\u00e7\u00e3o (se houver).<\/p>\n<h3 style=\"text-align: center;\"><strong>Diferenciais<\/strong><\/h3>\n<h3>Sa\u00fade PME: 03 a 29 vidas<\/h3>\n<p>Remiss\u00e3o de 2 anos: caso o titular venha a falecer, os dependentes permanecem segurados gratuitamente por 2 anos.<\/p>\n<p>Orienta\u00e7\u00e3o M\u00e9dica Telef\u00f4nica: Em emerg\u00eancias, a SulAm\u00e9rica disponibiliza profissionais da sa\u00fade 24 horas por dia para atender e orientar o segurado.<\/p>\n<p>Atendimento Pr\u00e9-Hospitalar (dispon\u00edvel em S\u00e3o Paulo \u2013 SP, Rio de Janeiro \u2013 RJ, S\u00e3o Bernardo do Campo \u2013 SP, Belo Horizonte \u2013 MG, Salvador \u2013 BA, Manaus \u2013 AM E Curitiba \u2013 PR): Em emerg\u00eancias identificadas durante a Orienta\u00e7\u00e3o M\u00e9dica Telef\u00f4nica, caso necess\u00e1rio, uma ambul\u00e2ncia poder\u00e1 ser disponibilizada para o atendimento no local em que o segurado estiver n\u00e3o sendo em vias p\u00fablicas e que se encontre dentro da \u00e1rea de cobertura do atendimento.<\/p>\n<p>Pediatra em Casa (dispon\u00edvel em S\u00e3o Paulo \u2013 SP, S\u00e3o Caetano do Sul \u2013 SP, S\u00e3o Bernardo do Campo \u2013 SP, Santo Andr\u00e9 \u2013 SP, Recife \u2013 PR, Bras\u00edlia \u2013 DF e Salvador BA): Para um melhor conforto do cliente, a SulAm\u00e9rica disponibiliza o benef\u00edcio da Pediatria em Casa, sem filas e burocracia. Os dependentes de at\u00e9 12 anos t\u00eam direito a dois atendimentos por ano.<\/p>\n<h3>Sa\u00fade PME: mais de 30 a 99 vidas<\/h3>\n<p>Aconselhamento M\u00e9dico Telef\u00f4nico: Profissionais de sa\u00fade dispon\u00edveis 24 horas por dia para ajudar os segurados em caso de emerg\u00eancias.<\/p>\n<p>Emerg\u00eancia M\u00e9dica Domiciliar (dispon\u00edvel em munic\u00edpios de S\u00e3o Paulo\/SP e Rio de Janeiro\/RJ): Em emerg\u00eancias identificadas durante o Aconselhamento M\u00e9dico Telef\u00f4nico, uma ambul\u00e2ncia pode ser disponibilizada para o atendimento no local em que o segurado estiver n\u00e3o sendo em vias p\u00fablicas e que se encontre dentro da \u00e1rea de cobertura do atendimento.<\/p>\n<p>Concierge: Indica\u00e7\u00e3o de empresas para loca\u00e7\u00e3o de materiais ou aparelhos especiais de apoio \u00e0 sa\u00fade, informa\u00e7\u00f5es, reservas e organiza\u00e7\u00e3o de servi\u00e7os como loca\u00e7\u00e3o de autom\u00f3veis, t\u00e1xi 24 horas, mensageiro, motorista e outros.<\/p>\n<p>Courier: Servi\u00e7o de retirada de documentos para solicita\u00e7\u00e3o de reembolso (Munic\u00edpios de S\u00e3o Paulo\/SP e Rio de Janeiro\/RJ).<\/p>\n<h4 style=\"text-align: center;\">Perguntas Frequentes<\/h4>\n<style>\/*! elementor - v3.13.3 - 22-05-2023 *\/\n.elementor-column .elementor-spacer-inner{height:var(--spacer-size)}.e-con{--container-widget-width:100%}.e-con-inner>.elementor-widget-spacer,.e-con>.elementor-widget-spacer{width:var(--container-widget-width,var(--spacer-size));--align-self:var(--container-widget-align-self,initial);--flex-shrink:0}.e-con-inner>.elementor-widget-spacer>.elementor-widget-container,.e-con-inner>.elementor-widget-spacer>.elementor-widget-container>.elementor-spacer,.e-con>.elementor-widget-spacer>.elementor-widget-container,.e-con>.elementor-widget-spacer>.elementor-widget-container>.elementor-spacer{height:100%}.e-con-inner>.elementor-widget-spacer>.elementor-widget-container>.elementor-spacer>.elementor-spacer-inner,.e-con>.elementor-widget-spacer>.elementor-widget-container>.elementor-spacer>.elementor-spacer-inner{height:var(--container-widget-height,var(--spacer-size))}<\/style>\n<p>\t\t\t<a href=\"https:\/\/api.whatsapp.com\/send\/?phone=5571992198226&#038;text&#038;type=phone_number&#038;app_absent=0\" target=\"_blank\" rel=\"noopener\">Fa\u00e7a sua cota\u00e7\u00e3o!<\/a><\/p>\n","protected":false},"excerpt":{"rendered":"<p>Plano de sa\u00fade &#8211; SulAm\u00e9rica Com 120 anos de hist\u00f3ria, a SulAm\u00e9rica Seguros, Previd\u00eancia, Investimentos e Capitaliza\u00e7\u00e3o, \u00e9 o maior grupo segurador independente do Brasil e no mercado \u00e9 vista como uma das empresas mais consolidadas e mais confi\u00e1veis. Atualmente, a SulAm\u00e9rica conta com mais de 7 milh\u00f5es de clientes, al\u00e9m de mais de 30 [&hellip;]<\/p>\n","protected":false},"author":2,"featured_media":0,"parent":0,"menu_order":0,"comment_status":"closed","ping_status":"closed","template":"","meta":{"footnotes":""},"class_list":["post-6770","page","type-page","status-publish","hentry"],"_links":{"self":[{"href":"https:\/\/clickbeneficios.net\/index.php\/wp-json\/wp\/v2\/pages\/6770","targetHints":{"allow":["GET"]}}],"collection":[{"href":"https:\/\/clickbeneficios.net\/index.php\/wp-json\/wp\/v2\/pages"}],"about":[{"href":"https:\/\/clickbeneficios.net\/index.php\/wp-json\/wp\/v2\/types\/page"}],"author":[{"embeddable":true,"href":"https:\/\/clickbeneficios.net\/index.php\/wp-json\/wp\/v2\/users\/2"}],"replies":[{"embeddable":true,"href":"https:\/\/clickbeneficios.net\/index.php\/wp-json\/wp\/v2\/comments?post=6770"}],"version-history":[{"count":14,"href":"https:\/\/clickbeneficios.net\/index.php\/wp-json\/wp\/v2\/pages\/6770\/revisions"}],"predecessor-version":[{"id":7067,"href":"https:\/\/clickbeneficios.net\/index.php\/wp-json\/wp\/v2\/pages\/6770\/revisions\/7067"}],"wp:attachment":[{"href":"https:\/\/clickbeneficios.net\/index.php\/wp-json\/wp\/v2\/media?parent=6770"}],"curies":[{"name":"wp","href":"https:\/\/api.w.org\/{rel}","templated":true}]}}