{"id":6772,"date":"2023-05-25T10:12:16","date_gmt":"2023-05-25T13:12:16","guid":{"rendered":"https:\/\/clickbeneficios.net\/?page_id=6772"},"modified":"2023-05-26T22:12:24","modified_gmt":"2023-05-27T01:12:24","slug":"boa-saude","status":"publish","type":"page","link":"https:\/\/clickbeneficios.net\/index.php\/boa-saude\/","title":{"rendered":"Boa Sa\u00fade"},"content":{"rendered":"<style>\/*! elementor - v3.13.3 - 22-05-2023 *\/\n.elementor-column .elementor-spacer-inner{height:var(--spacer-size)}.e-con{--container-widget-width:100%}.e-con-inner>.elementor-widget-spacer,.e-con>.elementor-widget-spacer{width:var(--container-widget-width,var(--spacer-size));--align-self:var(--container-widget-align-self,initial);--flex-shrink:0}.e-con-inner>.elementor-widget-spacer>.elementor-widget-container,.e-con-inner>.elementor-widget-spacer>.elementor-widget-container>.elementor-spacer,.e-con>.elementor-widget-spacer>.elementor-widget-container,.e-con>.elementor-widget-spacer>.elementor-widget-container>.elementor-spacer{height:100%}.e-con-inner>.elementor-widget-spacer>.elementor-widget-container>.elementor-spacer>.elementor-spacer-inner,.e-con>.elementor-widget-spacer>.elementor-widget-container>.elementor-spacer>.elementor-spacer-inner{height:var(--container-widget-height,var(--spacer-size))}<\/style>\n<h2>Seja bem-vinda(o) \u00e0 Boa Sa\u00fade<\/h2>\n<p>O\u00a0<strong>PLANO AMBULATORIAL BOA SA\u00daDE<\/strong>\u00a0contempla consultas, exames diagn\u00f3sticos, procedimentos ambulatoriais, al\u00e9m de servi\u00e7os de emerg\u00eancia e urg\u00eancia para os atendimentos com observa\u00e7\u00e3o cl\u00ednica at\u00e9 12 horas. Pode ser do tipo individual\/familiar, coletivo empresarial ou coletivo por ades\u00e3o. O acesso ao PLANO AMBULATORIAL BOA SA\u00daDE se d\u00e1 atrav\u00e9s de entrevista qualificada e cumprimento dos prazos de car\u00eancias estabelecidos em contrato. O Plano de Sa\u00fade no segmento Ambulatorial n\u00e3o contempla cirurgias e interna\u00e7\u00f5es em \u00e2mbito hospitalar. Essa condi\u00e7\u00e3o \u00e9 regulada pela ANS \u2013 Ag\u00eancia Nacional de Sa\u00fade Suplementar.<\/p>\n<p><strong>CL\u00cdNICA PR\u00d3PRIA<\/strong><br \/>O PLANO AMBULATORIAL BOA SA\u00daDE possui cl\u00ednica pr\u00f3pria localizada na rua Arquimedes Gon\u00e7alves n\u00ba 219, Jardim Baiano, bairro de Nazar\u00e9, um local central e de f\u00e1cil acesso. Com instala\u00e7\u00f5es confort\u00e1veis e atendimento humanizado, a cl\u00ednica disponibiliza consultas pr\u00e9-agendadas nas seguintes especialidades: cl\u00ednica m\u00e9dica, cardiologia, ginecologia, pediatria, ortopedia e exames de raio x.<\/p>\n<h4>Nossos Planos<\/h4>\n<p>                    <a href=\"#expand-6310207\" aria-expanded=\"false\" data-target=\"#expand-6310207\" aria-controls=\"expand-6310207\"><br \/>\n                        PLANO BOA SA\u00daDE RUBI<br \/>\n                    <\/a><\/p>\n<section>\n<p>Conta com um moderno Centro m\u00e9dico exclusivo para os seus associados e uma vasta rede credenciada. Realize todas suas consultas, exames, tratamentos e procedimentos ambulatoriais.<\/p>\n<\/section>\n<section><img loading=\"lazy\" decoding=\"async\" src=\"https:\/\/www.tenhaboasaude.com.br\/wp-content\/uploads\/2020\/10\/22989-490x500.png\" alt=\"\" width=\"320\" height=\"327\" \/><\/p>\n<h2>O PLANO IDEAL PARA VOC\u00ca E SUA FAM\u00cdLIA<\/h2>\n<p>Com a melhor rela\u00e7\u00e3o custo x beneficio do mercado, uma moderna clinica exclusiva para os seus associados e uma vasta rede credenciada, o plano Rubi do Boa Sa\u00fade atende todas as suas necessidades no ambito ambulatorial, permitindo que o seu associado realize todas as suas consultas, exames, procedimentos ambulatoriais e tratamentos. Um dos seus diferenciais \u00e9 que a contrata\u00e7\u00e3o pode ser feita de forma individual o que estreita a rela\u00e7\u00e3o entre a operadora e seus clientes.<\/p>\n<\/section>\n<section>\n<p>O Boa Sa\u00fade, possui um Centro m\u00e9dico pr\u00f3prio com espa\u00e7o f\u00edsico agrad\u00e1vel, sistema de ar climatizado, sala de espera e consult\u00f3rios funcionais onde os atendimentos em consultas m\u00e9dicas s\u00e3o agendadas com todo o conforto em diversas especialidades, tais como: Cl\u00ednica m\u00e9dica, genecologia, ortopedia, cardiologia, Obstetr\u00edcia, Nutricionista, Mastologista, Gastroenterologia, Hepatologia, Infectologia (Adulto e Pedi\u00e1trico), Neurologia, Geriatria, Endocrinologia (Adulto e Pedi\u00e1trico), Pneumologia (Adulto e Pedi\u00e1trico) dentre outras.<\/p>\n<h2>VANTAGENS E BENEF\u00cdCIOS<\/h2>\n<ul>\n<li>Atendimento em centro m\u00e9dico pr\u00f3prio e rede credenciada<\/li>\n<li>O Plano Ambulatorial Boa Sa\u00fade possui centro m\u00e9dico pr\u00f3prio para garantir a acessibilidade e agilidade na marca\u00e7\u00e3o das consultas, assegurar um atendimento r\u00e1pido, gentil e simp\u00e1tico e acompanhar a qualidade da presta\u00e7\u00e3o dos servi\u00e7os.<\/li>\n<li>O centro m\u00e9dico pr\u00f3prio, denominado Centro M\u00e9dico Boa Sa\u00fade Nazar\u00e9, atende a 18 especialidades m\u00e9dicas e nutri\u00e7\u00e3o, e realiza exames de eletrocardiograma, raio X, ultrassonografia e preventivo ginecol\u00f3gico, que possui maior procura e representam juntas, quase 80% da demanda. S\u00e3o elas: Ginecologia, Cardiologia, Pediatria, Ortopedia e Cl\u00ednica M\u00e9dica. As demais especialidades, exames e atendimentos a emerg\u00eancias e urg\u00eancias, s\u00e3o atendidos atrav\u00e9s de rede credenciada.<\/li>\n<li>O Centro m\u00e9dico \u00e9 exclusivo para atendimento dos clientes do Plano Ambulatorial Boa Sa\u00fade e possui uma brinquedoteca para as m\u00e3es deixarem as suas crian\u00e7as enquanto elas estiverem em consulta m\u00e9dica.<\/li>\n<li>O Plano Ambulatorial Boa Sa\u00fade d\u00e1 direito a consultas m\u00e9dicas e sess\u00f5es de fisioterapias ilimitadas, exames, procedimentos ambulatoriais e atendimento de emerg\u00eancia e urg\u00eancia at\u00e9 12 horas. Estes servi\u00e7os costumam representar 95% do uso que os pacientes fazem do plano de sa\u00fade, ficando cirurgias e interna\u00e7\u00f5es com os outros 5%<\/li>\n<li>Se houver necessidade de interna\u00e7\u00e3o para continuidade da aten\u00e7\u00e3o ao benefici\u00e1rio do Plano, a UNIX Sa\u00fade garante a cobertura da remo\u00e7\u00e3o do paciente benefici\u00e1rio para uma unidade hospitalar do SUS, mais pr\u00f3xima, que disponha dos recursos necess\u00e1rios a garantir a continuidade do atendimento, depois de realizar os atendimentos ambulatoriais classificados como emerg\u00eancia e urg\u00eancia.<\/li>\n<li>O Plano Ambulatorial Boa Sa\u00fade n\u00e3o tem coparticipa\u00e7\u00e3o e possui pre\u00e7os bastante competitivos. Custa menos da metade do valor da maioria dos planos de sa\u00fade que incluem interna\u00e7\u00e3o hospitalar.<\/li>\n<\/ul>\n<\/section>\n<p>                    <a href=\"#expand-4a992df\" aria-expanded=\"false\" data-target=\"#expand-4a992df\" aria-controls=\"expand-4a992df\"><br \/>\n                        PLANO EMPRESARIAL ESMERALDA<br \/>\n                    <\/a><\/p>\n<section>\n<p>Voltado para o mercado corporativo, \u00e9 o plano ideal para empresas de qualquer tamanho que buscam oferecer um plano \u00e0 seus funcion\u00e1rios e dependentes com investimento reduzido.<\/p>\n<\/section>\n<section><img loading=\"lazy\" decoding=\"async\" src=\"https:\/\/www.tenhaboasaude.com.br\/wp-content\/uploads\/2020\/10\/1894-490x500.png\" alt=\"\" width=\"255\" height=\"260\" \/><\/p>\n<h2>O PLANO IDEAL PARA SUA EMPRESA E SEUS FUNCION\u00c1RIOS<\/h2>\n<p>O produto Coletivo Empresarial: Boa Sa\u00fade Plano Ambulatorial Esmeralda \u00e9 um produto para o mercado corporativo, formado para Empresas de qualquer tamanho que tenham interesse em oferecer um plano de sa\u00fade aos seus funcion\u00e1rios e dependentes com investimento reduzido. Buscando uma excelente rela\u00e7\u00e3o custo\/benef\u00edcio.<\/p>\n<\/section>\n<section>\n<p>O produto Coletivo Empresarial com coparticipa\u00e7\u00e3o, \u00e9 caracterizado pelo pagamento de uma mensalidade fixa e, em caso de utiliza\u00e7\u00e3o, participa-se com 30% do valor do evento, ap\u00f3s a realiza\u00e7\u00e3o do pagamento pela operadora \u00e0 Rede credenciada, segundo tabela pr\u00e9-definida.<\/p>\n<p>O produto Coletivo Empresarial sem coparticipa\u00e7\u00e3o, \u00e9 caracterizado pelo pagamento de parcela mensal fixa pela Empresa.<\/p>\n<p>O Boa Sa\u00fade possui um Centro m\u00e9dico pr\u00f3prio com espa\u00e7o f\u00edsico agrad\u00e1vel, sistema de ar climatizado, sala de espera e consult\u00f3rios funcionais onde os atendimentos em consultas m\u00e9dicas s\u00e3o agendadas com todo o conforto em diversas especialidades, tais como: Cl\u00ednica m\u00e9dica, genecologia, ortopedia, cardiologia, Obstetr\u00edcia, Nutricionista, Mastologista, Gastroenterologia, Hepatologia, Infectologia (Adulto e Pedi\u00e1trico), Neurologia, Geriatria, Endocrinologia (Adulto e Pedi\u00e1trico), Pneumologia (Adulto e Pedi\u00e1trico) dentre outras.<\/p>\n<h2>VANTAGENS E BENEF\u00cdCIOS<\/h2>\n<ul>\n<li>Oferecer aos funcion\u00e1rios, como benef\u00edcio, a garantia de um servi\u00e7o de qualidade com atendimento humanizado<\/li>\n<li>Plano com pre\u00e7o acess\u00edvel e uma boa rela\u00e7\u00e3o custo x beneficio<\/li>\n<li>Clinica pr\u00f3pria para atendimento exclusivo aos benefici\u00e1rios do Plano<\/li>\n<li>Diminui\u00e7\u00e3o do absente\u00edsmo<\/li>\n<li>Atra\u00e7\u00e3o e manuten\u00e7\u00e3o de bons profissionais<\/li>\n<li>Dedu\u00e7\u00e3o no Imposto de Renda<\/li>\n<\/ul>\n<\/section>\n<p>                    <a href=\"#expand-40ae9ad\" aria-expanded=\"false\" data-target=\"#expand-40ae9ad\" aria-controls=\"expand-40ae9ad\"><br \/>\n                        PLANO EMPRESARIAL SAFIRA<br \/>\n                    <\/a><\/p>\n<section>\n<p>O Coletivo Empresarial Safira \u00e9 um plano corporativo com excelente custo benef\u00edcio, e conta com centro m\u00e9dico pr\u00f3prio para atendimento exclusivo dos benefici\u00e1rios do plano.<\/p>\n<\/section>\n<section><img loading=\"lazy\" decoding=\"async\" src=\"https:\/\/www.tenhaboasaude.com.br\/wp-content\/uploads\/2020\/10\/1894-490x500.png\" alt=\"\" width=\"257\" height=\"262\" \/><\/p>\n<h2>O PLANO IDEAL PARA SUA EMPRESA E SEUS FUNCION\u00c1RIOS<\/h2>\n<p>Com a melhor rela\u00e7\u00e3o custo x beneficio do mercado, uma moderna clinica exclusiva para os seus associados e uma vasta rede credenciada, o plano Rubi do Boa Sa\u00fade atende todas as suas necessidades no ambito ambulatorial, permitindo que o seu associado realize todas as suas consultas, exames, procedimentos ambulatoriais e tratamentos. Um dos seus diferenciais \u00e9 que a contrata\u00e7\u00e3o pode ser feita de forma individual o que estreita a rela\u00e7\u00e3o entre a operadora e seus clientes.<\/p>\n<\/section>\n<section>\n<p>O Boa Sa\u00fade, possui um Centro m\u00e9dico pr\u00f3prio com espa\u00e7o f\u00edsico agrad\u00e1vel, sistema de ar climatizado, sala de espera e consult\u00f3rios funcionais onde os atendimentos em consultas m\u00e9dicas s\u00e3o agendadas com todo o conforto em diversas especialidades, tais como: Cl\u00ednica m\u00e9dica, genecologia, ortopedia, cardiologia, Obstetr\u00edcia, Nutricionista, Mastologista, Gastroenterologia, Hepatologia, Infectologia (Adulto e Pedi\u00e1trico), Neurologia, Geriatria, Endocrinologia (Adulto e Pedi\u00e1trico), Pneumologia (Adulto e Pedi\u00e1trico) dentre outras.<\/p>\n<h2>VANTAGENS E BENEF\u00cdCIOS<\/h2>\n<ul>\n<li>Atendimento em centro m\u00e9dico pr\u00f3prio e rede credenciada<\/li>\n<li>Centro m\u00e9dico pr\u00f3prio garantindo acessibilidade e agilidade na marca\u00e7\u00e3o das consultas<\/li>\n<li>O centro m\u00e9dico pr\u00f3prio (Centro M\u00e9dico Boa Sa\u00fade Nazar\u00e9) atende a 18 especialidades m\u00e9dicas e nutri\u00e7\u00e3o. Realiza exames de eletrocardiograma, raio X, ultrassonografia e preventivo ginecol\u00f3gico. As especialidades s\u00e3o: Ginecologia, Cardiologia, Pediatria, Ortopedia e Cl\u00ednica M\u00e9dica. Demais especialidades, exames e atendimentos a emerg\u00eancias e urg\u00eancias, s\u00e3o atendidos atrav\u00e9s de rede credenciada.<\/li>\n<li>A Centro m\u00e9dico Nazar\u00e9 \u00e9 exclusiva para atendimento dos clientes do Plano Ambulatorial Boa Sa\u00fade e possui uma brinquedoteca para as m\u00e3es deixarem as suas crian\u00e7as enquanto elas estiverem em consulta m\u00e9dica.<\/li>\n<li>Consultas m\u00e9dicas e sess\u00f5es de fisioterapias ilimitadas, exames, procedimentos ambulatoriais e atendimento de emerg\u00eancia e urg\u00eancia at\u00e9 12 horas. Se houver necessidade de interna\u00e7\u00e3o, a UNIX Sa\u00fade garante a cobertura da remo\u00e7\u00e3o do paciente benefici\u00e1rio para uma unidade hospitalar do SUS, mais pr\u00f3xima, que disponha dos recursos necess\u00e1rios a garantir a continuidade do atendimento, depois de realizar os atendimentos ambulatoriais classificados como emerg\u00eancia e urg\u00eancia.<\/li>\n<li>O Plano Ambulatorial Boa Sa\u00fade n\u00e3o tem coparticipa\u00e7\u00e3o e possui pre\u00e7os bastante competitivos. Custa menos da metade do valor da maioria dos planos de sa\u00fade que incluem interna\u00e7\u00e3o hospitalar.<\/li>\n<\/ul>\n<\/section>\n<p>Gostou de algum plano?<\/p>\n<p>Entre em contato!<\/p>\n<p>\t\t\t<a href=\"https:\/\/api.whatsapp.com\/send\/?phone=5571992198226&#038;text&#038;type=phone_number&#038;app_absent=0\"   >Fa\u00e7a sua cota\u00e7\u00e3o!<\/a><\/p>\n","protected":false},"excerpt":{"rendered":"<p>Seja bem-vinda(o) \u00e0 Boa Sa\u00fade O\u00a0PLANO AMBULATORIAL BOA SA\u00daDE\u00a0contempla consultas, exames diagn\u00f3sticos, procedimentos ambulatoriais, al\u00e9m de servi\u00e7os de emerg\u00eancia e urg\u00eancia para os atendimentos com observa\u00e7\u00e3o cl\u00ednica at\u00e9 12 horas. Pode ser do tipo individual\/familiar, coletivo empresarial ou coletivo por ades\u00e3o. O acesso ao PLANO AMBULATORIAL BOA SA\u00daDE se d\u00e1 atrav\u00e9s de entrevista qualificada e [&hellip;]<\/p>\n","protected":false},"author":2,"featured_media":0,"parent":0,"menu_order":0,"comment_status":"closed","ping_status":"closed","template":"","meta":{"footnotes":""},"class_list":["post-6772","page","type-page","status-publish","hentry"],"_links":{"self":[{"href":"https:\/\/clickbeneficios.net\/index.php\/wp-json\/wp\/v2\/pages\/6772","targetHints":{"allow":["GET"]}}],"collection":[{"href":"https:\/\/clickbeneficios.net\/index.php\/wp-json\/wp\/v2\/pages"}],"about":[{"href":"https:\/\/clickbeneficios.net\/index.php\/wp-json\/wp\/v2\/types\/page"}],"author":[{"embeddable":true,"href":"https:\/\/clickbeneficios.net\/index.php\/wp-json\/wp\/v2\/users\/2"}],"replies":[{"embeddable":true,"href":"https:\/\/clickbeneficios.net\/index.php\/wp-json\/wp\/v2\/comments?post=6772"}],"version-history":[{"count":47,"href":"https:\/\/clickbeneficios.net\/index.php\/wp-json\/wp\/v2\/pages\/6772\/revisions"}],"predecessor-version":[{"id":7411,"href":"https:\/\/clickbeneficios.net\/index.php\/wp-json\/wp\/v2\/pages\/6772\/revisions\/7411"}],"wp:attachment":[{"href":"https:\/\/clickbeneficios.net\/index.php\/wp-json\/wp\/v2\/media?parent=6772"}],"curies":[{"name":"wp","href":"https:\/\/api.w.org\/{rel}","templated":true}]}}