{"id":6774,"date":"2023-05-25T10:14:20","date_gmt":"2023-05-25T13:14:20","guid":{"rendered":"https:\/\/clickbeneficios.net\/?page_id=6774"},"modified":"2023-05-26T21:53:33","modified_gmt":"2023-05-27T00:53:33","slug":"central-nacional-unimed","status":"publish","type":"page","link":"https:\/\/clickbeneficios.net\/index.php\/central-nacional-unimed\/","title":{"rendered":"Central Nacional Unimed"},"content":{"rendered":"<section id=\"section-5-93\">\n<h1>Plano de sa\u00fade &#8211; Central Nacional Unimed<\/h1>\n<h2>Sobre a Unimed<\/h2>\n<p>No dia 28 de novembro de 1975 foi fundada a Unimed Brasil para ser uma representante institucional das cooperativas Unimed em solo brasileiro.<\/p>\n<p>Com uma ampla tradi\u00e7\u00e3o e reconhecimento no mercado, a Unimed se preocupa em oferecer o melhor atendimento por meio de pr\u00e1ticas que possibilitem uma gest\u00e3o \u00e9tica e transparente, sempre cumprindo todas as legisla\u00e7\u00f5es vigentes.<\/p>\n<p>Al\u00e9m disso, a Unimed oferece o diferencial do Interc\u00e2mbio Nacional, que possibilita que o benefici\u00e1rio seja atendido em todas as redes Unimed espalhadas pelo Brasil, de acordo com o plano que foi contratado.<\/p>\n<p>\u00c9 por isso que hoje a Unimed \u00e9 uma grande l\u00edder do mercado, somando 342 cooperativas que contam com 2.405 hospitais credenciados e 131 hospitais pr\u00f3prios.<\/p>\n<p>Hoje s\u00e3o 18 milh\u00f5es de benefici\u00e1rios e 117 mil m\u00e9dicos cooperados, o que representa 23% dos m\u00e9dicos do Brasil atendendo pela Unimed! Essa \u00e9 a confian\u00e7a que voc\u00ea precisa em seu plano de sa\u00fade, com uma marca premiada e de alto renome que est\u00e1 entre as preferidas da popula\u00e7\u00e3o.<\/p>\n<\/section>\n<section id=\"section-9-93\">\n<h2>Para a fam\u00edlia\u00a0<\/h2>\n<p>Sa\u00fade \u00e9 coisa s\u00e9ria, por isso, voc\u00ea e sua fam\u00edlia precisam de uma assist\u00eancia de alta qualidade e confi\u00e1vel, que possa ser personalizada de acordo com as suas necessidades e que tamb\u00e9m caiba no bolso. A Unimed pode oferecer tudo isso.<\/p>\n<p>Presente em todo o Brasil, os planos de sa\u00fade Unimed disponibilizam diferentes coberturas, das b\u00e1sicas at\u00e9 as mais completas, oferecendo diversas possibilidades de personaliza\u00e7\u00e3o para que o seu plano seja exatamente aquilo que voc\u00ea e sua fam\u00edlia precisam.<\/p>\n<p>O plano de sa\u00fade \u00e9 um servi\u00e7o importante que garante atendimento onde e quando voc\u00ea precisar.<\/p>\n<p>Tamb\u00e9m \u00e9 poss\u00edvel personalizar a coparticipa\u00e7\u00e3o dos planos. Existem produtos que contam com ela com valores vari\u00e1veis, outros que n\u00e3o cobram a coparticipa\u00e7\u00e3o em algumas consultas e procedimentos, e aqueles com valor fixo de coparticipa\u00e7\u00e3o em atendimentos hospitalares; tudo dependendo da disponibilidade em cada regi\u00e3o.<\/p>\n<p>Com o plano de sa\u00fade Unimed voc\u00ea tamb\u00e9m tem acesso a uma ampla rede de servi\u00e7os pr\u00f3prios.<\/p>\n<\/section>\n<section id=\"section-18-93\">\n<h2>Pra a sua Empresa<\/h2>\n<p>Cuidar da sa\u00fade dos colaboradores \u00e9 uma forma de proporcionar rela\u00e7\u00f5es mais humanas no ambiente de trabalho; al\u00e9m do cumprimento de legisla\u00e7\u00f5es que determinam que o empregador deve prezar pela integridade dos seus funcion\u00e1rios.<\/p>\n<p>Contar com um plano de sa\u00fade faz toda a diferen\u00e7a, afinal, ele disponibiliza a\u00e7\u00f5es preventivas que ajudam a evitar problemas de sa\u00fade relacionados ao estilo de vida e ao ambiente de trabalho. Al\u00e9m disso, oferece o cuidado com problemas pr\u00e9-existentes para que n\u00e3o haja o agravamento deles, e ainda existe a possibilidade de ampliar essa aten\u00e7\u00e3o para os familiares.<\/p>\n<p>Com a Unimed voc\u00ea pode fazer a contrata\u00e7\u00e3o de planos de sa\u00fade personalizados de acordo com as demandas da sua empresa, atendendo \u00e0 quantidade de colaboradores que atuam nela. S\u00e3o planos dispon\u00edveis para quem tem CNPJ, inclusive MEI, a partir de duas vidas, produto criado para atender os neg\u00f3cios de menor porte. H\u00e1, tamb\u00e9m, planos a partir de 30 vidas.<\/p>\n<p>S\u00e3o diversas op\u00e7\u00f5es para personalizar o produto de acordo com as necessidades da sua empresa e o perfil dos usu\u00e1rios do plano.<\/p>\n<\/section>\n<p>                    <a href=\"#expand-56f31e2\" aria-expanded=\"false\" data-target=\"#expand-56f31e2\" aria-controls=\"expand-56f31e2\"><br \/>\n                        Plano Cl\u00e1ssico<br \/>\n                    <\/a><\/p>\n<p>Acomoda\u00e7\u00e3o em enfermaria<\/p>\n<p>Abrang\u00eancia regional<\/p>\n<p>Com e sem coparticipa\u00e7\u00e3o<\/p>\n<p>Sem reembolso<\/p>\n<p>                    <a href=\"#expand-f555ddf\" aria-expanded=\"false\" data-target=\"#expand-f555ddf\" aria-controls=\"expand-f555ddf\"><br \/>\n                        Plano Estilo<br \/>\n                    <\/a><\/p>\n<p>Acomoda\u00e7\u00e3o em enfermaria ou apartamento<\/p>\n<p>Com e sem coparticipa\u00e7\u00e3o<\/p>\n<p>Reembolso para consultas<\/p>\n<p>                    <a href=\"#expand-6920d79\" aria-expanded=\"false\" data-target=\"#expand-6920d79\" aria-controls=\"expand-6920d79\"><br \/>\n                        Plano Absoluto<br \/>\n                    <\/a><\/p>\n<p>Acomoda\u00e7\u00e3o em apartamento<\/p>\n<p>Abrang\u00eancia nacional<\/p>\n<p>Com e sem coparticipa\u00e7\u00e3o<\/p>\n<p>Reembolso at\u00e9 2x a tabela<\/p>\n<p>                    <a href=\"#expand-d0a86c9\" aria-expanded=\"false\" data-target=\"#expand-d0a86c9\" aria-controls=\"expand-d0a86c9\"><br \/>\n                        Plano Superior<br \/>\n                    <\/a><\/p>\n<p>Acomoda\u00e7\u00e3o em apartamento<\/p>\n<p>Abrang\u00eancia nacional<\/p>\n<p>Com e sem coparticipa\u00e7\u00e3o<\/p>\n<p>Reembolso at\u00e9 3x a tabela<\/p>\n<p>                    <a href=\"#expand-f12f5ed\" aria-expanded=\"false\" data-target=\"#expand-f12f5ed\" aria-controls=\"expand-f12f5ed\"><br \/>\n                        Plano Exclusivo<br \/>\n                    <\/a><\/p>\n<p>Acomoda\u00e7\u00e3o em apartamento<\/p>\n<p>Abrang\u00eancia nacional<\/p>\n<p>Com e sem coparticipa\u00e7\u00e3o<\/p>\n<p>Reembolso at\u00e9 8x a tabela.<\/p>\n<p>O plano essencial da Unimed Odonto, inclu\u00eddo sem custo adicional nos produtos sa\u00fade, oferece todos os benef\u00edcios do roi da ANS:<\/p>\n<h2>Benef\u00edcios<\/h2>\n<p>Com nossos planos, o benefici\u00e1rio contar\u00e1 com Assist\u00eancias que oferecem servi\u00e7os especiais para garantir seu bem-estar e o de sua fam\u00edlia. Confira as Assist\u00eancias dispon\u00edveis de acordo com cada um dos planos.<\/p>\n<p>As informa\u00e7\u00f5es completas est\u00e3o dispon\u00edveis nos manuais de cada Assist\u00eancia.<\/p>\n<h2>Plano Unimed Odonto<\/h2>\n<p>Plano Essencial da Unimed Odonto , inclu\u00eddo sem custo adicional nos produtos sa\u00fade, oferece muitas vantagens:<\/p>\n<h3 style=\"text-align: center;\"><strong>Perguntas Frequentes<\/strong><\/h3>\n<p>\t\t\t<a href=\"https:\/\/api.whatsapp.com\/send\/?phone=5571992198226&#038;text&#038;type=phone_number&#038;app_absent=0\" target=\"_blank\" rel=\"noopener\">Fa\u00e7a sua cota\u00e7\u00e3o!<\/a><\/p>\n","protected":false},"excerpt":{"rendered":"<p>Plano de sa\u00fade &#8211; Central Nacional Unimed Sobre a Unimed No dia 28 de novembro de 1975 foi fundada a Unimed Brasil para ser uma representante institucional das cooperativas Unimed em solo brasileiro. Com uma ampla tradi\u00e7\u00e3o e reconhecimento no mercado, a Unimed se preocupa em oferecer o melhor atendimento por meio de pr\u00e1ticas que [&hellip;]<\/p>\n","protected":false},"author":2,"featured_media":0,"parent":0,"menu_order":0,"comment_status":"closed","ping_status":"closed","template":"","meta":{"footnotes":""},"class_list":["post-6774","page","type-page","status-publish","hentry"],"_links":{"self":[{"href":"https:\/\/clickbeneficios.net\/index.php\/wp-json\/wp\/v2\/pages\/6774","targetHints":{"allow":["GET"]}}],"collection":[{"href":"https:\/\/clickbeneficios.net\/index.php\/wp-json\/wp\/v2\/pages"}],"about":[{"href":"https:\/\/clickbeneficios.net\/index.php\/wp-json\/wp\/v2\/types\/page"}],"author":[{"embeddable":true,"href":"https:\/\/clickbeneficios.net\/index.php\/wp-json\/wp\/v2\/users\/2"}],"replies":[{"embeddable":true,"href":"https:\/\/clickbeneficios.net\/index.php\/wp-json\/wp\/v2\/comments?post=6774"}],"version-history":[{"count":31,"href":"https:\/\/clickbeneficios.net\/index.php\/wp-json\/wp\/v2\/pages\/6774\/revisions"}],"predecessor-version":[{"id":7378,"href":"https:\/\/clickbeneficios.net\/index.php\/wp-json\/wp\/v2\/pages\/6774\/revisions\/7378"}],"wp:attachment":[{"href":"https:\/\/clickbeneficios.net\/index.php\/wp-json\/wp\/v2\/media?parent=6774"}],"curies":[{"name":"wp","href":"https:\/\/api.w.org\/{rel}","templated":true}]}}