{"id":7520,"date":"2023-05-28T21:53:19","date_gmt":"2023-05-29T00:53:19","guid":{"rendered":"https:\/\/clickbeneficios.net\/?page_id=7520"},"modified":"2023-08-07T12:00:21","modified_gmt":"2023-08-07T15:00:21","slug":"vale-transporte","status":"publish","type":"page","link":"https:\/\/clickbeneficios.net\/index.php\/vale-transporte\/","title":{"rendered":"Vale Transporte"},"content":{"rendered":"<h3 style=\"text-align: right;\">Tranquilidade na gest\u00e3o do seu transporte.<\/h3>\n<style>\/*! elementor - v3.14.0 - 26-06-2023 *\/\n.elementor-column .elementor-spacer-inner{height:var(--spacer-size)}.e-con{--container-widget-width:100%}.e-con-inner>.elementor-widget-spacer,.e-con>.elementor-widget-spacer{width:var(--container-widget-width,var(--spacer-size));--align-self:var(--container-widget-align-self,initial);--flex-shrink:0}.e-con-inner>.elementor-widget-spacer>.elementor-widget-container,.e-con-inner>.elementor-widget-spacer>.elementor-widget-container>.elementor-spacer,.e-con>.elementor-widget-spacer>.elementor-widget-container,.e-con>.elementor-widget-spacer>.elementor-widget-container>.elementor-spacer{height:100%}.e-con-inner>.elementor-widget-spacer>.elementor-widget-container>.elementor-spacer>.elementor-spacer-inner,.e-con>.elementor-widget-spacer>.elementor-widget-container>.elementor-spacer>.elementor-spacer-inner{height:var(--container-widget-height,var(--spacer-size))}<\/style>\n<p>A gest\u00e3o eficiente do&nbsp;<strong>vale-transporte<\/strong>&nbsp;\u00e9 essencial para a redu\u00e7\u00e3o dos custos operacionais da empresa. Por isso, contar com solu\u00e7\u00f5es completas que podem oferecer o melhor para a sua empresa faz toda a diferen\u00e7a!<\/p>\n<p>Somos uma empresa experiente e especializada na <strong>gest\u00e3o do vale-transporte<\/strong>, que pode transformar os processos, trazendo redu\u00e7\u00e3o de custos e praticidade para a rotina.<\/p>\n<p>N\u00f3s temos as melhores solu\u00e7\u00f5es para atender a sua empresa e garantir bons resultados!<\/p>\n<p>Confira os t\u00f3picos que vamos tratar:<\/p>\n<p><img loading=\"lazy\" decoding=\"async\" src=\"https:\/\/encrypted-tbn0.gstatic.com\/images?q=tbn:ANd9GcT-Foqcv5ApOrSaQepEP9Ku8gd-6hucPw8CZAFqOxDWO8xD7uYLL8qpmSw87_7zf1wUVV0&amp;usqp=CAU\" alt=\"Servidor municipal pode requerer o Vale Transporte pelo site da Prefeitura - Prefeitura Eus\u00e9bio\" width=\"353\" height=\"228\"><\/p>\n<ul>\n<li><strong>Os desafios da gest\u00e3o do vale-transporte<\/strong><\/li>\n<li><strong>Uma solu\u00e7\u00e3o completa para as necessidades da empresa<\/strong><\/li>\n<li><strong>Confira as vantagens da nossa solu\u00e7\u00e3o<\/strong><\/li>\n<li><strong>Conte com a experi\u00eancia da Click para os resultados do seu neg\u00f3cio<\/strong><\/li>\n<li><strong>O que os nossos clientes t\u00eam a dizer<\/strong><\/li>\n<li><strong>Os desafios da gest\u00e3o do vale-transporte<\/strong><\/li>\n<\/ul>\n<p>O <strong>gerenciamento do vale-transporte<\/strong>&nbsp;demanda muito tempo e esfor\u00e7o operacional dos profissionais de RH. \u00c9 preciso analisar os trajetos informados pelos colaboradores, entrar em contato com a operadora do sistema de transporte coletivo p\u00fablico da regi\u00e3o necess\u00e1ria.<\/p>\n<p>Al\u00e9m disso, preparar, emitir, separar e distribuir os cart\u00f5es de VT para toda a equipe \u00e9 um processo demorado e este tempo poderia ser melhor utilizado para outras demandas estrat\u00e9gicas do neg\u00f3cio.<\/p>\n<p>Outro fator que impacta \u00e9 o acompanhamento com aten\u00e7\u00e3o para identificar se n\u00e3o est\u00e1 ocorrendo o uso indevido do vale-transporte, que pode acabar gerando custos para a empresa.<\/p>\n<p><strong>Uma solu\u00e7\u00e3o completa para as necessidades da empresa<\/strong><\/p>\n<p>Para enfrentar todos os desafios e garantir uma gest\u00e3o altamente eficiente \u00e9 preciso contar com as melhores solu\u00e7\u00f5es.<\/p>\n<p>Temos uma s\u00f3lida experi\u00eancia na gest\u00e3o e distribui\u00e7\u00e3o do vale-transporte para empresas de todo o Brasil. Adotar o cart\u00e3o vale-transporte para a sua empresa \u00e9 uma forma de garantir seguran\u00e7a e tamb\u00e9m praticidade durante o deslocamento dos colaboradores.<\/p>\n<p><strong>Confira as vantagens da nossa solu\u00e7\u00e3o<\/strong><\/p>\n<p>Para ser uma solu\u00e7\u00e3o completa \u00e9 preciso oferecer vantagens que atendam a todas as necessidades. A seguir voc\u00ea pode conferir quais as vantagens de ser um dos nossos clientes!<\/p>\n<p>\u2013 Administra\u00e7\u00e3o integrada em todo o ciclo de processamento do benef\u00edcio (ponta a ponta);<\/p>\n<p>\u2013 Gest\u00e3o de todo o processo de cart\u00f5es nas diversas categorias (colaborador, empresa e operadora), inclusive na modalidade \u201ccomodato\u201d, evitando bloqueios e multas;<\/p>\n<p>\u2013 Log\u00edstica integrada da 1\u00aa e da 2\u00aa via, com solicita\u00e7\u00e3o dispon\u00edvel na plataforma online;<\/p>\n<p>\u2013 Regulariza\u00e7\u00e3o da base de dados por meio da associa\u00e7\u00e3o e desassocia\u00e7\u00e3o autom\u00e1tica dos cart\u00f5es na Operadora;<\/p>\n<p>\u2013 Prazos diferenciados na libera\u00e7\u00e3o e entregas de VT, de 3 a 7 dias \u00fateis;<\/p>\n<p>\u2013 Mais intelig\u00eancia para sua gest\u00e3o por meio de relat\u00f3rios disponibilizados na plataforma online;<\/p>\n<p>\u2013 Gest\u00e3o inteligente com maior abrang\u00eancia e resultados comprovados.&nbsp;<\/p>\n<p>\u2013 Log\u00edstica reversa envolvendo as informa\u00e7\u00f5es de impossibilidades no seu processamento de compra em at\u00e9 72 horas antes da data prevista de entrega,&nbsp;a fim de garantir a locomo\u00e7\u00e3o do colaborador;<\/p>\n<p>\u2013 Acompanhamento online do seu processo por meio de uma plataforma de gest\u00e3o.<\/p>\n<p>\u2013 Solu\u00e7\u00f5es de Valor Agregado \u2013 Pedido Extra (complementar) faturado;<\/p>\n<p>Al\u00e9m da gest\u00e3o do vale-transporte tamb\u00e9m contamos com solu\u00e7\u00f5es complementares, que v\u00e3o fazer a diferen\u00e7a para os resultados do seu neg\u00f3cio, que s\u00e3o:<\/p>\n<p><strong>Gest\u00e3o Inteligente<\/strong><strong>:<\/strong>&nbsp;podendo gerar uma economia de at\u00e9 35% nos custos fixos com o VT, a Gest\u00e3o Inteligente possibilita comprar apenas os cr\u00e9ditos necess\u00e1rios para o deslocamento em cada m\u00eas, para que n\u00e3o haja ac\u00famulo de cr\u00e9dito ou uso indevido.<\/p>\n<p><strong>Gest\u00e3o de roteiro<\/strong><strong>:<\/strong>&nbsp;funciona como uma auditoria de trajetos, identificando as melhores op\u00e7\u00f5es para o deslocamento do colaborador. Com isso, \u00e9 poss\u00edvel saber exatamente qual valor o colaborador vai precisar e reduzir custos gra\u00e7as aos trajetos melhores.<\/p>\n<p><strong>Conte com a experi\u00eancia da Click na otimiza\u00e7\u00e3o do seu neg\u00f3cio<\/strong><\/p>\n<p>A Clickbenef\u00edcios tem mais de 14 anos de experi\u00eancia no mercado, oferecendo as melhores solu\u00e7\u00f5es para o gerenciamento de benef\u00edcios nas empresas. Com atua\u00e7\u00e3o em todo o territ\u00f3rio nacional, estamos preparados para gerenciar, distribuir e atender qualquer demanda, sempre com o foco nos resultados.<\/p>\n<p>Al\u00e9m do&nbsp;<strong>vale-transporte<\/strong>, tamb\u00e9m contamos com solu\u00e7\u00f5es para vale-alimenta\u00e7\u00e3o, refei\u00e7\u00e3o, combust\u00edvel e presente.<\/p>\n<p>Conte com mais essa solu\u00e7\u00e3o da Click para o transporte dos seus colaboradores.\u00a0<\/p>\n<p>\t\t\t<a href=\"https:\/\/api.whatsapp.com\/send\/?phone=5571992198226&#038;text&#038;type=phone_number&#038;app_absent=0\" target=\"_blank\" rel=\"noopener\">Entre em contato!<\/a><\/p>\n","protected":false},"excerpt":{"rendered":"<p>Tranquilidade na gest\u00e3o do seu transporte. A gest\u00e3o eficiente do&nbsp;vale-transporte&nbsp;\u00e9 essencial para a redu\u00e7\u00e3o dos custos operacionais da empresa. Por isso, contar com solu\u00e7\u00f5es completas que podem oferecer o melhor para a sua empresa faz toda a diferen\u00e7a! Somos uma empresa experiente e especializada na gest\u00e3o do vale-transporte, que pode transformar os processos, trazendo redu\u00e7\u00e3o [&hellip;]<\/p>\n","protected":false},"author":2,"featured_media":0,"parent":0,"menu_order":0,"comment_status":"closed","ping_status":"closed","template":"","meta":{"footnotes":""},"class_list":["post-7520","page","type-page","status-publish","hentry"],"_links":{"self":[{"href":"https:\/\/clickbeneficios.net\/index.php\/wp-json\/wp\/v2\/pages\/7520","targetHints":{"allow":["GET"]}}],"collection":[{"href":"https:\/\/clickbeneficios.net\/index.php\/wp-json\/wp\/v2\/pages"}],"about":[{"href":"https:\/\/clickbeneficios.net\/index.php\/wp-json\/wp\/v2\/types\/page"}],"author":[{"embeddable":true,"href":"https:\/\/clickbeneficios.net\/index.php\/wp-json\/wp\/v2\/users\/2"}],"replies":[{"embeddable":true,"href":"https:\/\/clickbeneficios.net\/index.php\/wp-json\/wp\/v2\/comments?post=7520"}],"version-history":[{"count":22,"href":"https:\/\/clickbeneficios.net\/index.php\/wp-json\/wp\/v2\/pages\/7520\/revisions"}],"predecessor-version":[{"id":7980,"href":"https:\/\/clickbeneficios.net\/index.php\/wp-json\/wp\/v2\/pages\/7520\/revisions\/7980"}],"wp:attachment":[{"href":"https:\/\/clickbeneficios.net\/index.php\/wp-json\/wp\/v2\/media?parent=7520"}],"curies":[{"name":"wp","href":"https:\/\/api.w.org\/{rel}","templated":true}]}}