{"id":7522,"date":"2023-05-28T21:53:38","date_gmt":"2023-05-29T00:53:38","guid":{"rendered":"https:\/\/clickbeneficios.net\/?page_id=7522"},"modified":"2023-09-29T21:35:29","modified_gmt":"2023-09-30T00:35:29","slug":"vale-refeicao","status":"publish","type":"page","link":"https:\/\/clickbeneficios.net\/index.php\/vale-refeicao\/","title":{"rendered":"Vale Refei\u00e7\u00e3o"},"content":{"rendered":"<h3 style=\"text-align: right;\">Conhe\u00e7a o vale refei\u00e7\u00e3o da Click e a facilite o dia a dia da sua empresa.<\/h3>\n<style>\/*! elementor - v3.16.0 - 20-09-2023 *\/\n.elementor-column .elementor-spacer-inner{height:var(--spacer-size)}.e-con{--container-widget-width:100%}.e-con-inner>.elementor-widget-spacer,.e-con>.elementor-widget-spacer{width:var(--container-widget-width,var(--spacer-size));--align-self:var(--container-widget-align-self,initial);--flex-shrink:0}.e-con-inner>.elementor-widget-spacer>.elementor-widget-container,.e-con>.elementor-widget-spacer>.elementor-widget-container{height:100%;width:100%}.e-con-inner>.elementor-widget-spacer>.elementor-widget-container>.elementor-spacer,.e-con>.elementor-widget-spacer>.elementor-widget-container>.elementor-spacer{height:100%}.e-con-inner>.elementor-widget-spacer>.elementor-widget-container>.elementor-spacer>.elementor-spacer-inner,.e-con>.elementor-widget-spacer>.elementor-widget-container>.elementor-spacer>.elementor-spacer-inner{height:var(--container-widget-height,var(--spacer-size))}.e-con-inner>.elementor-widget-spacer.elementor-widget-empty,.e-con>.elementor-widget-spacer.elementor-widget-empty{position:relative;min-height:22px;min-width:22px}.e-con-inner>.elementor-widget-spacer.elementor-widget-empty .elementor-widget-empty-icon,.e-con>.elementor-widget-spacer.elementor-widget-empty .elementor-widget-empty-icon{position:absolute;top:0;bottom:0;left:0;right:0;margin:auto;padding:0;width:22px;height:22px}<\/style>\n<p>O vale refei\u00e7\u00e3o \u00e9 um benef\u00edcio oferecido por muitas empresas aos seus funcion\u00e1rios como parte do pacote de remunera\u00e7\u00e3o. Este benef\u00edcio difere do vale alimenta\u00e7\u00e3o, pois \u00e9 espec\u00edfico para despesas com refei\u00e7\u00f5es, ou seja, o dinheiro pode ser usado para pagar refei\u00e7\u00f5es em restaurantes, lanchonetes e outros estabelecimentos de alimenta\u00e7\u00e3o. Assim como o vale alimenta\u00e7\u00e3o, o vale refei\u00e7\u00e3o geralmente \u00e9 fornecido na forma de um cart\u00e3o ou voucher que os funcion\u00e1rios podem utilizar em locais credenciados.<\/p>\n<p><img loading=\"lazy\" decoding=\"async\" src=\"https:\/\/nutrinor.com.br\/wp-content\/uploads\/2021\/12\/refeicao-coletiva-1024x685.png\" alt=\"Refei\u00e7\u00f5es coletivas: conhe\u00e7a a import\u00e2ncia para a sua empresa - Nutrinor\" width=\"343\" height=\"229\" \/><\/p>\n<p>O objetivo do vale refei\u00e7\u00e3o \u00e9 proporcionar aos funcion\u00e1rios a oportunidade de almo\u00e7ar fora de casa ou comprar refei\u00e7\u00f5es durante o expediente de trabalho, promovendo maior comodidade e contribuindo para o bem-estar dos trabalhadores. O valor do vale refei\u00e7\u00e3o varia de empresa para empresa e pode ser disponibilizado em intervalos regulares, como diariamente ou mensalmente.<\/p>\n<p>\u00c9 importante observar que a disponibiliza\u00e7\u00e3o do vale refei\u00e7\u00e3o tamb\u00e9m pode depender das leis e regulamenta\u00e7\u00f5es trabalhistas do pa\u00eds e da regi\u00e3o espec\u00edficos. Algumas empresas podem oferecer tanto o vale alimenta\u00e7\u00e3o quanto o vale refei\u00e7\u00e3o como parte do pacote de benef\u00edcios aos seus funcion\u00e1rios, enquanto outras podem oferecer apenas um desses benef\u00edcios.<\/p>\n<p>Assim como com o vale alimenta\u00e7\u00e3o, \u00e9 importante consultar as leis locais e as pol\u00edticas da empresa para entender como funciona o vale refei\u00e7\u00e3o em um contexto espec\u00edfico.<\/p>\n<p>\u00a0<\/p>\n<p>\u00a0<\/p>\n<p>Saiba por que investir na terceiriza\u00e7\u00e3o da alimenta\u00e7\u00e3o e t\u00e3o importante para sua empresa.<\/p>\n<p>Conte com a nossa equipe neste processo.<\/p>\n<p>\t\t\t<a href=\"https:\/\/api.whatsapp.com\/send\/?phone=5571992198226&#038;text&#038;type=phone_number&#038;app_absent=0\" target=\"_blank\" rel=\"noopener\">Entre em contato!<\/a><\/p>\n","protected":false},"excerpt":{"rendered":"<p>Conhe\u00e7a o vale refei\u00e7\u00e3o da Click e a facilite o dia a dia da sua empresa. O vale refei\u00e7\u00e3o \u00e9 um benef\u00edcio oferecido por muitas empresas aos seus funcion\u00e1rios como parte do pacote de remunera\u00e7\u00e3o. Este benef\u00edcio difere do vale alimenta\u00e7\u00e3o, pois \u00e9 espec\u00edfico para despesas com refei\u00e7\u00f5es, ou seja, o dinheiro pode ser usado [&hellip;]<\/p>\n","protected":false},"author":2,"featured_media":0,"parent":0,"menu_order":0,"comment_status":"closed","ping_status":"closed","template":"","meta":{"footnotes":""},"class_list":["post-7522","page","type-page","status-publish","hentry"],"_links":{"self":[{"href":"https:\/\/clickbeneficios.net\/index.php\/wp-json\/wp\/v2\/pages\/7522","targetHints":{"allow":["GET"]}}],"collection":[{"href":"https:\/\/clickbeneficios.net\/index.php\/wp-json\/wp\/v2\/pages"}],"about":[{"href":"https:\/\/clickbeneficios.net\/index.php\/wp-json\/wp\/v2\/types\/page"}],"author":[{"embeddable":true,"href":"https:\/\/clickbeneficios.net\/index.php\/wp-json\/wp\/v2\/users\/2"}],"replies":[{"embeddable":true,"href":"https:\/\/clickbeneficios.net\/index.php\/wp-json\/wp\/v2\/comments?post=7522"}],"version-history":[{"count":43,"href":"https:\/\/clickbeneficios.net\/index.php\/wp-json\/wp\/v2\/pages\/7522\/revisions"}],"predecessor-version":[{"id":8189,"href":"https:\/\/clickbeneficios.net\/index.php\/wp-json\/wp\/v2\/pages\/7522\/revisions\/8189"}],"wp:attachment":[{"href":"https:\/\/clickbeneficios.net\/index.php\/wp-json\/wp\/v2\/media?parent=7522"}],"curies":[{"name":"wp","href":"https:\/\/api.w.org\/{rel}","templated":true}]}}