{"id":7524,"date":"2023-05-28T21:54:14","date_gmt":"2023-05-29T00:54:14","guid":{"rendered":"https:\/\/clickbeneficios.net\/?page_id=7524"},"modified":"2023-09-29T21:35:25","modified_gmt":"2023-09-30T00:35:25","slug":"vale-alimentacao","status":"publish","type":"page","link":"https:\/\/clickbeneficios.net\/index.php\/vale-alimentacao\/","title":{"rendered":"Vale Alimenta\u00e7\u00e3o"},"content":{"rendered":"<h3 style=\"text-align: right;\">Ofere\u00e7a variedade e qualidade na alimenta\u00e7\u00e3o com a Click!<\/h3>\n<style>\/*! elementor - v3.16.0 - 20-09-2023 *\/\n.elementor-column .elementor-spacer-inner{height:var(--spacer-size)}.e-con{--container-widget-width:100%}.e-con-inner>.elementor-widget-spacer,.e-con>.elementor-widget-spacer{width:var(--container-widget-width,var(--spacer-size));--align-self:var(--container-widget-align-self,initial);--flex-shrink:0}.e-con-inner>.elementor-widget-spacer>.elementor-widget-container,.e-con>.elementor-widget-spacer>.elementor-widget-container{height:100%;width:100%}.e-con-inner>.elementor-widget-spacer>.elementor-widget-container>.elementor-spacer,.e-con>.elementor-widget-spacer>.elementor-widget-container>.elementor-spacer{height:100%}.e-con-inner>.elementor-widget-spacer>.elementor-widget-container>.elementor-spacer>.elementor-spacer-inner,.e-con>.elementor-widget-spacer>.elementor-widget-container>.elementor-spacer>.elementor-spacer-inner{height:var(--container-widget-height,var(--spacer-size))}.e-con-inner>.elementor-widget-spacer.elementor-widget-empty,.e-con>.elementor-widget-spacer.elementor-widget-empty{position:relative;min-height:22px;min-width:22px}.e-con-inner>.elementor-widget-spacer.elementor-widget-empty .elementor-widget-empty-icon,.e-con>.elementor-widget-spacer.elementor-widget-empty .elementor-widget-empty-icon{position:absolute;top:0;bottom:0;left:0;right:0;margin:auto;padding:0;width:22px;height:22px}<\/style>\n<p>Vale alimenta\u00e7\u00e3o&#8221; \u00e9 um benef\u00edcio oferecido por muitas empresas aos seus funcion\u00e1rios como parte do pacote de remunera\u00e7\u00e3o. Esse benef\u00edcio geralmente se apresenta na forma de um cart\u00e3o ou voucher que os funcion\u00e1rios podem usar para comprar alimentos em estabelecimentos credenciados, como supermercados, mercearias e restaurantes.<img loading=\"lazy\" decoding=\"async\" src=\"https:\/\/clickbeneficios.net\/wp-content\/uploads\/2023\/08\/valecombustivel.jpg\" width=\"305\" height=\"305\" \/><\/p>\n<p>O objetivo do vale alimenta\u00e7\u00e3o \u00e9 ajudar os funcion\u00e1rios a custear suas despesas com alimenta\u00e7\u00e3o, melhorando assim sua qualidade de vida e bem-estar. O valor do vale alimenta\u00e7\u00e3o varia de empresa para empresa e pode ser disponibilizado mensalmente ou em outros intervalos, como semanalmente.<\/p>\n<p>\u00c9 importante notar que o vale alimenta\u00e7\u00e3o geralmente n\u00e3o \u00e9 uma obriga\u00e7\u00e3o legal para as empresas, mas muitas optam por oferec\u00ea-lo como parte de seu pacote de benef\u00edcios para atrair e reter talentos, bem como para promover o bem-estar dos funcion\u00e1rios.<\/p>\n<p>A legisla\u00e7\u00e3o sobre benef\u00edcios e vale alimenta\u00e7\u00e3o pode variar de acordo com o pa\u00eds e a regi\u00e3o, por isso \u00e9 importante consultar as leis locais e as pol\u00edticas da empresa para entender como funciona o vale alimenta\u00e7\u00e3o em um contexto espec\u00edfico.<\/p>\n<p>\u00a0<\/p>\n<p>\u00a0<\/p>\n<p>Conte com mais este benef\u00edcio da Click para o seu neg\u00f3cio.<\/p>\n<p>Estamos \u00e0 sua disposi\u00e7\u00e3o!<\/p>\n<p><\/p>\n<p><\/p>\n<p>\t\t\t<a href=\"https:\/\/api.whatsapp.com\/send\/?phone=5571992198226&#038;text&#038;type=phone_number&#038;app_absent=0\" target=\"_blank\" rel=\"noopener\">Entre em contato!<\/a><\/p>\n","protected":false},"excerpt":{"rendered":"<p>Ofere\u00e7a variedade e qualidade na alimenta\u00e7\u00e3o com a Click! Vale alimenta\u00e7\u00e3o&#8221; \u00e9 um benef\u00edcio oferecido por muitas empresas aos seus funcion\u00e1rios como parte do pacote de remunera\u00e7\u00e3o. Esse benef\u00edcio geralmente se apresenta na forma de um cart\u00e3o ou voucher que os funcion\u00e1rios podem usar para comprar alimentos em estabelecimentos credenciados, como supermercados, mercearias e restaurantes. [&hellip;]<\/p>\n","protected":false},"author":2,"featured_media":0,"parent":0,"menu_order":0,"comment_status":"closed","ping_status":"closed","template":"","meta":{"footnotes":""},"class_list":["post-7524","page","type-page","status-publish","hentry"],"_links":{"self":[{"href":"https:\/\/clickbeneficios.net\/index.php\/wp-json\/wp\/v2\/pages\/7524","targetHints":{"allow":["GET"]}}],"collection":[{"href":"https:\/\/clickbeneficios.net\/index.php\/wp-json\/wp\/v2\/pages"}],"about":[{"href":"https:\/\/clickbeneficios.net\/index.php\/wp-json\/wp\/v2\/types\/page"}],"author":[{"embeddable":true,"href":"https:\/\/clickbeneficios.net\/index.php\/wp-json\/wp\/v2\/users\/2"}],"replies":[{"embeddable":true,"href":"https:\/\/clickbeneficios.net\/index.php\/wp-json\/wp\/v2\/comments?post=7524"}],"version-history":[{"count":31,"href":"https:\/\/clickbeneficios.net\/index.php\/wp-json\/wp\/v2\/pages\/7524\/revisions"}],"predecessor-version":[{"id":8186,"href":"https:\/\/clickbeneficios.net\/index.php\/wp-json\/wp\/v2\/pages\/7524\/revisions\/8186"}],"wp:attachment":[{"href":"https:\/\/clickbeneficios.net\/index.php\/wp-json\/wp\/v2\/media?parent=7524"}],"curies":[{"name":"wp","href":"https:\/\/api.w.org\/{rel}","templated":true}]}}