{"id":7526,"date":"2023-05-28T21:54:33","date_gmt":"2023-05-29T00:54:33","guid":{"rendered":"https:\/\/clickbeneficios.net\/?page_id=7526"},"modified":"2023-08-07T12:00:39","modified_gmt":"2023-08-07T15:00:39","slug":"vale-combustivel","status":"publish","type":"page","link":"https:\/\/clickbeneficios.net\/index.php\/vale-combustivel\/","title":{"rendered":"Vale Combust\u00edvel"},"content":{"rendered":"<h3 style=\"text-align: right;\">Tenha mais tranquilidade com vale combust\u00edvel da Click!<\/h3>\n<style>\/*! elementor - v3.13.3 - 28-05-2023 *\/\n.elementor-column .elementor-spacer-inner{height:var(--spacer-size)}.e-con{--container-widget-width:100%}.e-con-inner>.elementor-widget-spacer,.e-con>.elementor-widget-spacer{width:var(--container-widget-width,var(--spacer-size));--align-self:var(--container-widget-align-self,initial);--flex-shrink:0}.e-con-inner>.elementor-widget-spacer>.elementor-widget-container,.e-con-inner>.elementor-widget-spacer>.elementor-widget-container>.elementor-spacer,.e-con>.elementor-widget-spacer>.elementor-widget-container,.e-con>.elementor-widget-spacer>.elementor-widget-container>.elementor-spacer{height:100%}.e-con-inner>.elementor-widget-spacer>.elementor-widget-container>.elementor-spacer>.elementor-spacer-inner,.e-con>.elementor-widget-spacer>.elementor-widget-container>.elementor-spacer>.elementor-spacer-inner{height:var(--container-widget-height,var(--spacer-size))}<\/style>\n<p>O\u00a0<strong>vale combust\u00edvel<\/strong>\u00a0foi criado para deixar o trajeto do colaborador de casa at\u00e9 o local de trabalho mais tranquilo e c\u00f4modo, al\u00e9m de simplificar o seu dia-a-dia uma vez que centraliza em um \u00fanico meio de pagamento os reembolsos de combust\u00edvel de seus colaboradores.<\/p>\n<h2>Vantagens do vale combust\u00edvel da Click<\/h2>\n<p><img loading=\"lazy\" decoding=\"async\" title=\"Vale Combust\u00edvel \/ Cart\u00e3o Vale Combust\u00edvel RB\" src=\"https:\/\/rb.com.br\/wp-content\/images\/2019\/06\/vale-combustivel.jpg\" alt=\"Garanta ao seu colaborador o cart\u00e3o vale combust\u00edvel que pode ser usado em uma rede ampla credenciada\" width=\"311\" height=\"207\" data-src=\"https:\/\/rb.com.br\/wp-content\/images\/2019\/06\/vale-combustivel.jpg\" \/><\/p>\n<p>Garanta ao seu colaborador o\u00a0<strong>cart\u00e3o combust\u00edvel<\/strong>! Ele vai us\u00e1-lo na ampla rede credenciada de maneira f\u00e1cil e segura. Al\u00e9m disso, o valor n\u00e3o utilizado no m\u00eas fica acumulado.<\/p>\n<h2>Por que contratar?<\/h2>\n<p>O\u00a0<strong>vale combust\u00edvel<\/strong>\u00a0existe para descomplicar a vida do RH, elimina o controle manual de reembolsos centralizando tudo em um \u00fanico meio de pagamento. Simples e seguro para voc\u00ea e seus colaboradores..<\/p>\n<p>Conte com a equipe para dar mais tranquilidade aos seus colaboradores com mais este produto.<\/p>\n<p>\t\t\t<a href=\"https:\/\/api.whatsapp.com\/send\/?phone=5571992198226&#038;text&#038;type=phone_number&#038;app_absent=0\" target=\"_blank\" rel=\"noopener\">Entre em contato!<\/a><\/p>\n","protected":false},"excerpt":{"rendered":"<p>Tenha mais tranquilidade com vale combust\u00edvel da Click! O\u00a0vale combust\u00edvel\u00a0foi criado para deixar o trajeto do colaborador de casa at\u00e9 o local de trabalho mais tranquilo e c\u00f4modo, al\u00e9m de simplificar o seu dia-a-dia uma vez que centraliza em um \u00fanico meio de pagamento os reembolsos de combust\u00edvel de seus colaboradores. Vantagens do vale combust\u00edvel [&hellip;]<\/p>\n","protected":false},"author":2,"featured_media":0,"parent":0,"menu_order":0,"comment_status":"closed","ping_status":"closed","template":"","meta":{"footnotes":""},"class_list":["post-7526","page","type-page","status-publish","hentry"],"_links":{"self":[{"href":"https:\/\/clickbeneficios.net\/index.php\/wp-json\/wp\/v2\/pages\/7526","targetHints":{"allow":["GET"]}}],"collection":[{"href":"https:\/\/clickbeneficios.net\/index.php\/wp-json\/wp\/v2\/pages"}],"about":[{"href":"https:\/\/clickbeneficios.net\/index.php\/wp-json\/wp\/v2\/types\/page"}],"author":[{"embeddable":true,"href":"https:\/\/clickbeneficios.net\/index.php\/wp-json\/wp\/v2\/users\/2"}],"replies":[{"embeddable":true,"href":"https:\/\/clickbeneficios.net\/index.php\/wp-json\/wp\/v2\/comments?post=7526"}],"version-history":[{"count":22,"href":"https:\/\/clickbeneficios.net\/index.php\/wp-json\/wp\/v2\/pages\/7526\/revisions"}],"predecessor-version":[{"id":7595,"href":"https:\/\/clickbeneficios.net\/index.php\/wp-json\/wp\/v2\/pages\/7526\/revisions\/7595"}],"wp:attachment":[{"href":"https:\/\/clickbeneficios.net\/index.php\/wp-json\/wp\/v2\/media?parent=7526"}],"curies":[{"name":"wp","href":"https:\/\/api.w.org\/{rel}","templated":true}]}}