{"id":7528,"date":"2023-05-28T21:54:49","date_gmt":"2023-05-29T00:54:49","guid":{"rendered":"https:\/\/clickbeneficios.net\/?page_id=7528"},"modified":"2023-09-07T18:39:53","modified_gmt":"2023-09-07T21:39:53","slug":"vale-presente","status":"publish","type":"page","link":"https:\/\/clickbeneficios.net\/index.php\/vale-presente\/","title":{"rendered":"Vale Presente"},"content":{"rendered":"<h3 style=\"text-align: right;\">Presentear \u00e9 um gesto de reconhecimento!<\/h3>\n<style>\/*! elementor - v3.15.0 - 20-08-2023 *\/\n.elementor-column .elementor-spacer-inner{height:var(--spacer-size)}.e-con{--container-widget-width:100%}.e-con-inner>.elementor-widget-spacer,.e-con>.elementor-widget-spacer{width:var(--container-widget-width,var(--spacer-size));--align-self:var(--container-widget-align-self,initial);--flex-shrink:0}.e-con-inner>.elementor-widget-spacer>.elementor-widget-container,.e-con-inner>.elementor-widget-spacer>.elementor-widget-container>.elementor-spacer,.e-con>.elementor-widget-spacer>.elementor-widget-container,.e-con>.elementor-widget-spacer>.elementor-widget-container>.elementor-spacer{height:100%}.e-con-inner>.elementor-widget-spacer>.elementor-widget-container>.elementor-spacer>.elementor-spacer-inner,.e-con>.elementor-widget-spacer>.elementor-widget-container>.elementor-spacer>.elementor-spacer-inner{height:var(--container-widget-height,var(--spacer-size))}<\/style>\n<p>O\u00a0<strong>vale presente<\/strong>\u00a0\u00e9 uma forma inovadora de reconhecer e motivar seus colaboradores<strong>.<\/strong><\/p>\n<p>Ao selecionar um vale-presente para empresas, \u00e9 importante considerar os interesses e necessidades dos destinat\u00e1rios. Aqui est\u00e3o algumas op\u00e7\u00f5es populares:<img loading=\"lazy\" decoding=\"async\" src=\"https:\/\/clickbeneficios.net\/wp-content\/uploads\/2023\/08\/valepresente.jpg\" width=\"278\" height=\"278\" \/><\/p>\n<ol>\n<li>\n<p>Vale-presente de uma loja de departamento: Escolher um vale-presente de uma grande loja de departamento oferece aos funcion\u00e1rios ou parceiros comerciais uma ampla variedade de op\u00e7\u00f5es, desde roupas e acess\u00f3rios at\u00e9 eletr\u00f4nicos e artigos para casa.<\/p>\n<\/li>\n<li>\n<p>Vale-presente de um restaurante: Oferecer um vale-presente de um restaurante renomado \u00e9 uma \u00f3tima op\u00e7\u00e3o para incentivar momentos de confraterniza\u00e7\u00e3o e recompensar seus colaboradores.<\/p>\n<\/li>\n<li>\n<p>Vale-presente de servi\u00e7os de spa ou bem-estar: Proporcionar um momento de relaxamento e autocuidado \u00e9 sempre bem-vindo. Um vale-presente para um spa ou servi\u00e7o de bem-estar \u00e9 uma excelente escolha para ajudar os destinat\u00e1rios a recarregar as energias.<\/p>\n<\/li>\n<li>\n<p>Vale-presente de uma plataforma de streaming: Com o aumento da popularidade dos servi\u00e7os de streaming, oferecer um vale-presente de uma plataforma como Netflix, Amazon Prime ou Spotify \u00e9 uma op\u00e7\u00e3o moderna e atraente.<\/p>\n<\/li>\n<li>\n<p>Vale-presente de uma livraria: Para empresas que valorizam a educa\u00e7\u00e3o e o conhecimento, um vale-presente de uma livraria \u00e9 uma escolha adequada. Os destinat\u00e1rios podem escolher entre uma ampla variedade de livros, audiolivros e ebooks.<\/p>\n<\/li>\n<li>\n<p>Vale-presente de uma empresa de viagens: Se voc\u00ea deseja proporcionar uma experi\u00eancia \u00fanica, um vale-presente de uma ag\u00eancia de viagens permite que os destinat\u00e1rios escolham o destino dos seus sonhos.<\/p>\n<\/li>\n<li>\n<p>Vale-presente de uma loja online: Uma op\u00e7\u00e3o vers\u00e1til \u00e9 oferecer um vale-presente de uma loja online conhecida, como a Amazon, onde os destinat\u00e1rios podem escolher entre uma ampla gama de produtos.<\/p>\n<\/li>\n<\/ol>\n<p>Considere o\u00a0 nosso or\u00e7amento dispon\u00edvel e as prefer\u00eancias ao selecionar o vale-presente ideal para empresas.\u00a0<\/p>\n<p>\u00a0<\/p>\n<p>Ficou interessado?<\/p>\n<p>Procure a nossa equipe e conhe\u00e7a nossas op\u00e7\u00f5es.<\/p>\n<p>\t\t\t<a href=\"https:\/\/api.whatsapp.com\/send\/?phone=5571992198226&#038;text&#038;type=phone_number&#038;app_absent=0\" target=\"_blank\" rel=\"noopener\">Entre em contato!<\/a><\/p>\n","protected":false},"excerpt":{"rendered":"<p>Presentear \u00e9 um gesto de reconhecimento! O\u00a0vale presente\u00a0\u00e9 uma forma inovadora de reconhecer e motivar seus colaboradores. Ao selecionar um vale-presente para empresas, \u00e9 importante considerar os interesses e necessidades dos destinat\u00e1rios. Aqui est\u00e3o algumas op\u00e7\u00f5es populares: Vale-presente de uma loja de departamento: Escolher um vale-presente de uma grande loja de departamento oferece aos funcion\u00e1rios [&hellip;]<\/p>\n","protected":false},"author":2,"featured_media":0,"parent":0,"menu_order":0,"comment_status":"closed","ping_status":"closed","template":"","meta":{"footnotes":""},"class_list":["post-7528","page","type-page","status-publish","hentry"],"_links":{"self":[{"href":"https:\/\/clickbeneficios.net\/index.php\/wp-json\/wp\/v2\/pages\/7528","targetHints":{"allow":["GET"]}}],"collection":[{"href":"https:\/\/clickbeneficios.net\/index.php\/wp-json\/wp\/v2\/pages"}],"about":[{"href":"https:\/\/clickbeneficios.net\/index.php\/wp-json\/wp\/v2\/types\/page"}],"author":[{"embeddable":true,"href":"https:\/\/clickbeneficios.net\/index.php\/wp-json\/wp\/v2\/users\/2"}],"replies":[{"embeddable":true,"href":"https:\/\/clickbeneficios.net\/index.php\/wp-json\/wp\/v2\/comments?post=7528"}],"version-history":[{"count":31,"href":"https:\/\/clickbeneficios.net\/index.php\/wp-json\/wp\/v2\/pages\/7528\/revisions"}],"predecessor-version":[{"id":8169,"href":"https:\/\/clickbeneficios.net\/index.php\/wp-json\/wp\/v2\/pages\/7528\/revisions\/8169"}],"wp:attachment":[{"href":"https:\/\/clickbeneficios.net\/index.php\/wp-json\/wp\/v2\/media?parent=7528"}],"curies":[{"name":"wp","href":"https:\/\/api.w.org\/{rel}","templated":true}]}}